{"id":377,"date":"2024-05-06T16:29:42","date_gmt":"2024-05-06T15:29:42","guid":{"rendered":"https:\/\/ortopediagot.net\/?page_id=377"},"modified":"2025-02-25T13:39:35","modified_gmt":"2025-02-25T12:39:35","slug":"politicaprivacidad","status":"publish","type":"page","link":"https:\/\/ortopediagot.net\/Inicio\/politicaprivacidad\/","title":{"rendered":"Pol\u00edtica de Privacidad"},"content":{"rendered":"<div class=\"wp-block-group alignfull\"><div class=\"wp-block-group__inner-container is-layout-constrained wp-block-group-is-layout-constrained\"><p class=\"has-text-align-center has-large-font-size\"><strong>Pol\u00edtica de Privacidad<\/strong><\/p>\n\n<p>De conformidad con el Ley Org\u00e1nica de Protecci\u00f3n de Datos Personales y Garant\u00eda de los Derechos Digitales (LOPDGDD 3\/2018) y con el Reglamento General de Protecci\u00f3n de Datos (RGPD UE 2016\/679) ponemos a su disposici\u00f3n la siguiente informaci\u00f3n:<\/p>\n\n<p class=\"has-kubio-color-6-color has-text-color has-link-color wp-elements-c287e73ff3a2aef425f63bd2ca0f622d\"><strong>INFORMACI\u00d3N B\u00c1SICA DE PROTECCI\u00d3N DE DATOS<\/strong><br><\/p>\n\n<figure class=\"wp-block-table\"><table class=\"has-fixed-layout\"><tbody><tr><td><strong>Responsable<\/strong><\/td><td>Gabinete Ortop\u00e9dico Tinerfe\u00f1o<\/td><\/tr><tr><td><strong>Finalidad<\/strong><\/td><td>Atender las solicitudes de informaci\u00f3n realizadas a trav\u00e9s de la web.<\/td><\/tr><tr><td><strong>Legitimaci\u00f3n<\/strong><\/td><td>Consentimiento del interesado.<\/td><\/tr><tr><td><strong>Destinatarios<\/strong><\/td><td>No se ceder\u00e1n datos a terceros salvo obligaci\u00f3n legal o en el supuesto que sea necesario para atender su solicitud.<\/td><\/tr><tr><td><strong>Derechos<\/strong><\/td><td>Podr\u00e1 ejercer los derechos de acceso, rectificaci\u00f3n, supresi\u00f3n y oposici\u00f3n, limitaci\u00f3n del tratamiento, portabilidad de datos.<\/td><\/tr><tr><td><strong>Delegado de<br>Protecci\u00f3n de<br>Datos<\/strong><\/td><td>Asaican S.L \/<a href=\"mailto:dpo@asaican.com\">dpo@asaican.com<\/a><\/td><\/tr><\/tbody><\/table><\/figure>\n\n<p class=\"has-kubio-color-6-color has-text-color has-link-color wp-elements-a65539ff11df371d4277626c99e2f59e\"><br><strong>\u00bfQUI\u00c9N VA A TRATAR MIS DATOS?<\/strong><br>El responsable del tratamiento de sus datos es Gabinete Ortop\u00e9dico Tinerfe\u00f1o con CIF B38414744 y direcci\u00f3n en Calle La Estrella. Edificio La Rotonda 1. Local 3. 38010. Santa Cruz de Tenerife. <\/p>\n\n<p class=\"has-kubio-color-6-color has-text-color has-link-color wp-elements-b3a3f6ea099b6ba03c09bcc647809ec2\">Otros datos de contacto:<br>Tel\u00e9fono: 922641344<br>Correo electr\u00f3nico <a href=\"mailto:info@ortopediagot.es\">info@ortopediagot.es<\/a> \/ <a href=\"mailto:nreyes@ortopediagot.es\">nreyes@ortopediagot.es<\/a><\/p>\n\n<p><strong>\u00bfCU\u00c1L ES LA FINALIDAD DEL TRATAMIENTO Y LA BASE LEGAL DEL MISMO?<\/strong><br>En Gabinete Ortop\u00e9dico Tinerfe\u00f1o tratamos la informaci\u00f3n que nos facilitan las personas interesadas con el fin de gestionar sus solicitudes de informaci\u00f3n y gestionar los servicios que les une a esta empresa. <\/p>\n\n<p>La base legal para el tratamiento de sus datos es el consentimiento que presta, a trav\u00e9s de la aceptaci\u00f3n de nuestra pol\u00edtica de privacidad.<br>Para m\u00e1s informaci\u00f3n consultar nuestra Pol\u00edtica de Cookies.   <\/p>\n\n<p> <a href=\"https:\/\/ortopediagot.net\/Inicio\/politicadecookies\/\">https:\/\/ortopediagot.net\/Inicio\/politicadecookies\/<\/a><\/p>\n\n<p><strong>\u00bfD\u00d3NDE SE ALMACENA SU INFORMACI\u00d3N?<\/strong><br>Nombre y direcci\u00f3n de la empresa gestora<br>GABINETE ORTOPEDICO TINERFE\u00d1O &#8211; GOT .<\/p>\n\n<p><a href=\"https:\/\/www.google.com\/maps\/place\/\/data=!4m2!3m1!1s0xc41cce7ddf217cd:0xa6d05ccf2cf6d4b5?sa=X&amp;ved=1t:8290&amp;ictx=111\">EDIFICIO LA ROTONDA, Calle la Estrella, 1, LOCAL 3, 38010 Santa Cruz de Tenerife<\/a><\/p>\n\n<p><strong>\u00bfPOR CUANTO TIEMPO CONSERVAREMOS SUS DATOS?<\/strong><br>Los datos personales proporcionados se conservar\u00e1n durante el tiempo necesario para cumplir con la finalidad para la que fueron recopilados y para determinar posibles responsabilidades derivadas del tratamiento. Adem\u00e1s, podr\u00e1n mantenerse durante el tiempo exigido por la legislaci\u00f3n aplicable en cada caso. Una vez cumplida la finalidad o vencidos los plazos legales, los datos ser\u00e1n eliminados o anonimizados.<\/p>\n\n<p><strong>\u00bfCU\u00c1LES SON SUS DERECHOS CUANDO NOS FACILITA SUS DATOS?<\/strong><br>Como titular de sus datos personales, tiene derecho a:<br> -Acceder a sus datos personales y conocer c\u00f3mo se est\u00e1n tratando.<br> -Solicitar la rectificaci\u00f3n de datos inexactos o incompletos.<br> -Solicitar la supresi\u00f3n de sus datos cuando ya no sean necesarios para los fines para los que fueron recogidos.<br> -Oponerse al tratamiento de sus datos en determinadas circunstancias.<br> -Solicitar la limitaci\u00f3n del tratamiento de sus datos en casos espec\u00edficos.<br> -Solicitar la portabilidad de sus datos a otro responsable, cuando sea t\u00e9cnicamente posible.<br> -Retirar su consentimiento en cualquier momento, sin que ello afecte a la legalidad del tratamiento realizado antes de su retirada.<\/p>\n\n<p><strong>\u00bfY D\u00d3NDE DIRIGIRME PARA EJERCITAR MIS DERECHOS?<\/strong><br>Puede ejercer sus derechos enviando una solicitud escrita junto con una copia de su documento de identidad a:<br> &#8211; <em>Correo electr\u00f3nico:<\/em> info@ortopediagot.es \/ nreyes@ortopediagot.es<br> &#8211; <em>Direcci\u00f3n postal:<\/em> GABINETE ORTOPEDICO TINERFE\u00d1O &#8211; GOT .<br> EDIFICIO LA ROTONDA, Calle la Estrella, 1, LOCAL 3, 38010 Santa Cruz de Tenerife<br> &#8211; <em>Tambi\u00e9n puede presentar una reclamaci\u00f3n ante la autoridad de protecci\u00f3n de datos competente si considera que el tratamiento de sus datos no cumple con la normativa vigente.<\/em><\/p>\n\n<p><br><strong>\u00bfA QUI\u00c9N SE CEDER\u00c1N SUS DATOS?<\/strong><br>No se ceder\u00e1n datos a terceros salvo obligaci\u00f3n legal, o en el supuesto que fuera necesario para el cumplimiento directamente relacionado con las funciones derivadas del servicio.<\/p><\/div><\/div>","protected":false},"excerpt":{"rendered":"<p>Pol\u00edtica de Privacidad De conformidad con el Ley Org\u00e1nica de Protecci\u00f3n de Datos Personales y Garant\u00eda de los Derechos Digitales (LOPDGDD 3\/2018) y con el Reglamento General de Protecci\u00f3n de Datos (RGPD UE 2016\/679) ponemos a su disposici\u00f3n la siguiente informaci\u00f3n: INFORMACI\u00d3N B\u00c1SICA DE PROTECCI\u00d3N DE DATOS Responsable Gabinete Ortop\u00e9dico Tinerfe\u00f1o Finalidad Atender las solicitudes [&hellip;]<\/p>\n","protected":false},"author":1,"featured_media":0,"parent":0,"menu_order":0,"comment_status":"closed","ping_status":"closed","template":"","meta":{"saved_in_kubio":true,"footnotes":""},"class_list":["post-377","page","type-page","status-publish","hentry"],"kubio_ai_page_context":{"short_desc":"","purpose":"general"},"_links":{"self":[{"href":"https:\/\/ortopediagot.net\/Inicio\/wp-json\/wp\/v2\/pages\/377"}],"collection":[{"href":"https:\/\/ortopediagot.net\/Inicio\/wp-json\/wp\/v2\/pages"}],"about":[{"href":"https:\/\/ortopediagot.net\/Inicio\/wp-json\/wp\/v2\/types\/page"}],"author":[{"embeddable":true,"href":"https:\/\/ortopediagot.net\/Inicio\/wp-json\/wp\/v2\/users\/1"}],"replies":[{"embeddable":true,"href":"https:\/\/ortopediagot.net\/Inicio\/wp-json\/wp\/v2\/comments?post=377"}],"version-history":[{"count":23,"href":"https:\/\/ortopediagot.net\/Inicio\/wp-json\/wp\/v2\/pages\/377\/revisions"}],"predecessor-version":[{"id":4394,"href":"https:\/\/ortopediagot.net\/Inicio\/wp-json\/wp\/v2\/pages\/377\/revisions\/4394"}],"wp:attachment":[{"href":"https:\/\/ortopediagot.net\/Inicio\/wp-json\/wp\/v2\/media?parent=377"}],"curies":[{"name":"wp","href":"https:\/\/api.w.org\/{rel}","templated":true}]}}