{"id":4422,"date":"2025-05-23T13:42:31","date_gmt":"2025-05-23T12:42:31","guid":{"rendered":"https:\/\/ortopediagot.net\/Inicio\/?page_id=4422"},"modified":"2025-05-23T14:34:23","modified_gmt":"2025-05-23T13:34:23","slug":"audiologia","status":"publish","type":"page","link":"https:\/\/ortopediagot.net\/Inicio\/audiologia\/","title":{"rendered":"AUDIOLOG\u00cdA"},"content":{"rendered":"<p><em>En Ortopedia GOT, siempre nos hemos comprometido con tu bienestar. Hoy damos un paso m\u00e1s al incorporar\u00a0<strong>servicios de audiolog\u00eda especializada<\/strong>, porque sabemos que una buena audici\u00f3n es clave para tu calidad de vida. Con tecnolog\u00eda de vanguardia y profesionales certificados, ahora ofrecemos diagn\u00f3sticos precisos y soluciones personalizadas para cuidar de tus o\u00eddos.<\/em><\/p><p><\/p>","protected":false},"excerpt":{"rendered":"<p>En Ortopedia GOT, siempre nos hemos comprometido con tu bienestar. Hoy damos un paso m\u00e1s al incorporar\u00a0servicios de audiolog\u00eda especializada, porque sabemos que una buena audici\u00f3n es clave para tu calidad de vida. Con tecnolog\u00eda de vanguardia y profesionales certificados, ahora ofrecemos diagn\u00f3sticos precisos y soluciones personalizadas para cuidar de tus o\u00eddos.<\/p>\n","protected":false},"author":1,"featured_media":0,"parent":0,"menu_order":0,"comment_status":"closed","ping_status":"closed","template":"","meta":{"saved_in_kubio":false,"footnotes":""},"class_list":["post-4422","page","type-page","status-publish","hentry"],"kubio_ai_page_context":{"short_desc":"","purpose":"general"},"_links":{"self":[{"href":"https:\/\/ortopediagot.net\/Inicio\/wp-json\/wp\/v2\/pages\/4422"}],"collection":[{"href":"https:\/\/ortopediagot.net\/Inicio\/wp-json\/wp\/v2\/pages"}],"about":[{"href":"https:\/\/ortopediagot.net\/Inicio\/wp-json\/wp\/v2\/types\/page"}],"author":[{"embeddable":true,"href":"https:\/\/ortopediagot.net\/Inicio\/wp-json\/wp\/v2\/users\/1"}],"replies":[{"embeddable":true,"href":"https:\/\/ortopediagot.net\/Inicio\/wp-json\/wp\/v2\/comments?post=4422"}],"version-history":[{"count":2,"href":"https:\/\/ortopediagot.net\/Inicio\/wp-json\/wp\/v2\/pages\/4422\/revisions"}],"predecessor-version":[{"id":4426,"href":"https:\/\/ortopediagot.net\/Inicio\/wp-json\/wp\/v2\/pages\/4422\/revisions\/4426"}],"wp:attachment":[{"href":"https:\/\/ortopediagot.net\/Inicio\/wp-json\/wp\/v2\/media?parent=4422"}],"curies":[{"name":"wp","href":"https:\/\/api.w.org\/{rel}","templated":true}]}}