{"id":1560,"date":"2024-05-22T11:38:14","date_gmt":"2024-05-22T10:38:14","guid":{"rendered":"https:\/\/ortopediagot.net\/?post_type=product&#038;p=1560"},"modified":"2024-05-29T12:31:17","modified_gmt":"2024-05-29T11:31:17","slug":"aviva-rx20","status":"publish","type":"product","link":"https:\/\/ortopediagot.net\/Inicio\/producto\/aviva-rx20\/","title":{"rendered":"RX20"},"content":{"rendered":"<p>La silla de ruedas electr\u00f3nica\u00a0<em><strong>AVIVA RX20<\/strong><\/em>\u00a0con propulsi\u00f3n trasera ha sido concebida para ofrecer una amplia gama de funcionalidades as\u00ed como nuevas tecnolog\u00edas y una est\u00e9tica elegante. El objetivo ha sido proporcionar confort y control en la conducci\u00f3n en cualquier situaci\u00f3n.<\/p>\n<p>La silla de ruedas electr\u00f3nica\u00a0<em><strong>AVIVA RX20<\/strong><\/em>\u00a0es extremadamente compacta (anchura total de la base motriz de 560 mm solamente) con una batalla corta y un radio de giro reducido, es ideal para espacios estrechos e interiores. Adem\u00e1s, viene con bater\u00edas de 52 Ah, un modulo de potencio de 75Ah y unas ruedas de 8\u201d para un rendimiento \u00f3ptimo en todo tipo de superficies.<\/p>\n<p>La silla de ruedas electr\u00f3nica viene equipada con la \u00faltima tecnolog\u00eda como la electr\u00f3nica\u00a0<em><strong>LiNX<\/strong><\/em>\u00a0que permite personalizar los par\u00e1metros de la silla desde un ordenador o un Smartphone IOS o el mando\u00a0<em><strong>REM400<\/strong><\/em>\u00a0t\u00e1ctil que requiere poca fuerza para ser usado y puede ser configurado seg\u00fan las capacidades f\u00edsicas y cognitivas de cada usuario.<\/p>\n<p>El sistema de suspensi\u00f3n patentado\u00a0<em><strong>CTC<\/strong><\/em>\u00a0(Control Tracci\u00f3n, Confort) que a\u00edsla el M\u00f3dulo de asiento de los impactos y las vibraciones y ofrece al usuario de la silla de ruedas\u00a0<em><strong>AVIVA RX20<\/strong><\/em>\u00a0una conducci\u00f3n relajada, c\u00f3moda y segura.<\/p>\n<p>Por \u00falitmo, el asiento\u00a0<strong>Modulite<\/strong>\u00a0de la\u00a0<em><strong>AVIVA RX20<\/strong><\/em>\u00a0se adapta a las necesidades y preferencias de los usuarios gracias a un amplio surtido de ajustes y opciones disponibles en la base motriz y en el asiento.<\/p>\n","protected":false},"excerpt":{"rendered":"<p>La silla de ruedas electr\u00f3nica\u00a0AVIVA RX20\u00a0con propulsi\u00f3n trasera ha sido concebida para ofrecer una amplia gama de funcionalidades as\u00ed como nuevas tecnolog\u00edas y una est\u00e9tica elegante. El objetivo ha sido proporcionar confort y control en la conducci\u00f3n en cualquier situaci\u00f3n. La silla de ruedas electr\u00f3nica\u00a0AVIVA RX20\u00a0es extremadamente compacta (anchura total de la base motriz de [&hellip;]<\/p>\n","protected":false},"featured_media":1561,"comment_status":"open","ping_status":"closed","template":"","meta":{"saved_in_kubio":false},"product_brand":[],"product_cat":[55,108],"product_tag":[115],"class_list":{"0":"post-1560","1":"product","2":"type-product","3":"status-publish","4":"has-post-thumbnail","6":"product_cat-movilidad","7":"product_cat-sillas-de-ruedas-electricas","8":"product_tag-aviva","10":"first","11":"instock","12":"shipping-taxable","13":"purchasable","14":"product-type-simple"},"_links":{"self":[{"href":"https:\/\/ortopediagot.net\/Inicio\/wp-json\/wp\/v2\/product\/1560"}],"collection":[{"href":"https:\/\/ortopediagot.net\/Inicio\/wp-json\/wp\/v2\/product"}],"about":[{"href":"https:\/\/ortopediagot.net\/Inicio\/wp-json\/wp\/v2\/types\/product"}],"replies":[{"embeddable":true,"href":"https:\/\/ortopediagot.net\/Inicio\/wp-json\/wp\/v2\/comments?post=1560"}],"wp:featuredmedia":[{"embeddable":true,"href":"https:\/\/ortopediagot.net\/Inicio\/wp-json\/wp\/v2\/media\/1561"}],"wp:attachment":[{"href":"https:\/\/ortopediagot.net\/Inicio\/wp-json\/wp\/v2\/media?parent=1560"}],"wp:term":[{"taxonomy":"product_brand","embeddable":true,"href":"https:\/\/ortopediagot.net\/Inicio\/wp-json\/wp\/v2\/product_brand?post=1560"},{"taxonomy":"product_cat","embeddable":true,"href":"https:\/\/ortopediagot.net\/Inicio\/wp-json\/wp\/v2\/product_cat?post=1560"},{"taxonomy":"product_tag","embeddable":true,"href":"https:\/\/ortopediagot.net\/Inicio\/wp-json\/wp\/v2\/product_tag?post=1560"}],"curies":[{"name":"wp","href":"https:\/\/api.w.org\/{rel}","templated":true}]}}