{"id":1570,"date":"2024-05-22T12:02:46","date_gmt":"2024-05-22T11:02:46","guid":{"rendered":"https:\/\/ortopediagot.net\/?post_type=product&#038;p=1570"},"modified":"2024-05-22T12:03:14","modified_gmt":"2024-05-22T11:03:14","slug":"smoov-one","status":"publish","type":"product","link":"https:\/\/ortopediagot.net\/Inicio\/producto\/smoov-one\/","title":{"rendered":"SMOOV One"},"content":{"rendered":"<p>El\u00a0<em><strong>SMOOV One<\/strong><\/em>\u00a0es un dispositivo electr\u00f3nico de ayuda a la propulsi\u00f3n para sillas de ruedas manuales activas que incrementa y facilita la movilidad del usuario. Es el compa\u00f1ero perfecto para el d\u00eda a d\u00eda, muy sencillo de conectar y desconectar de la silla de ruedas, puede alcanzar una velocidad m\u00e1xima de 10 km \/ h y tiene una autonom\u00eda de 20 Km.<\/p>\n<p>Con el\u00a0<em><strong>SMOOV One<\/strong><\/em>\u00a0de\u00a0<em><strong>Alber<\/strong><\/em>, puede convertir su silla de ruedas activa en una silla de ruedas el\u00e9ctrica que le permita maniobrar en diferentes superficies, incluidos los terrenos irregulares o pendientes con un desnivel de hasta el 16%.\u00a0 Adem\u00e1s, con el\u00a0<em><strong>SMOOV One<\/strong><\/em>\u00a0ser\u00e1 capaz de superar obst\u00e1culos haciendo el caballito con su silla de ruedas, gracias a su rueda giratoria flexible.<\/p>\n<p>El\u00a0<em><strong>SMOOV One<\/strong><\/em>\u00a0le llevar\u00e1 a su destino de forma segura y sin esfuerzo y le permitir\u00e1 conducir por lugares que hasta ahora sol\u00eda evitar.<\/p>\n<p>Puede cambiar la velocidad del\u00a0<em><strong>SMOOV One<\/strong><\/em>\u00a0con el mando y desactivar el sistema en caso de emergencia. EL indicador muestra el nivel de bater\u00eda tanto en la unidad motriz como en el mando. Podr\u00e1 quitar y poner el SMOOV, incluso estando sentado en la silla.<\/p>\n<p>El\u00a0<em><strong>SMOOV One<\/strong><\/em>\u00a0es compatible con la mayoria de las sillas de ruedas activas y sirve tanto para sillas r\u00edgidas como plegables<\/p>\n","protected":false},"excerpt":{"rendered":"<p>El\u00a0SMOOV One\u00a0es un dispositivo electr\u00f3nico de ayuda a la propulsi\u00f3n para sillas de ruedas manuales activas que incrementa y facilita la movilidad del usuario. Es el compa\u00f1ero perfecto para el d\u00eda a d\u00eda, muy sencillo de conectar y desconectar de la silla de ruedas, puede alcanzar una velocidad m\u00e1xima de 10 km \/ h y [&hellip;]<\/p>\n","protected":false},"featured_media":1571,"comment_status":"open","ping_status":"closed","template":"","meta":{"saved_in_kubio":false},"product_brand":[],"product_cat":[109],"product_tag":[110],"class_list":{"0":"post-1570","1":"product","2":"type-product","3":"status-publish","4":"has-post-thumbnail","6":"product_cat-motores-para-sillas-de-ruedas","7":"product_tag-alber","9":"first","10":"instock","11":"shipping-taxable","12":"product-type-simple"},"_links":{"self":[{"href":"https:\/\/ortopediagot.net\/Inicio\/wp-json\/wp\/v2\/product\/1570"}],"collection":[{"href":"https:\/\/ortopediagot.net\/Inicio\/wp-json\/wp\/v2\/product"}],"about":[{"href":"https:\/\/ortopediagot.net\/Inicio\/wp-json\/wp\/v2\/types\/product"}],"replies":[{"embeddable":true,"href":"https:\/\/ortopediagot.net\/Inicio\/wp-json\/wp\/v2\/comments?post=1570"}],"wp:featuredmedia":[{"embeddable":true,"href":"https:\/\/ortopediagot.net\/Inicio\/wp-json\/wp\/v2\/media\/1571"}],"wp:attachment":[{"href":"https:\/\/ortopediagot.net\/Inicio\/wp-json\/wp\/v2\/media?parent=1570"}],"wp:term":[{"taxonomy":"product_brand","embeddable":true,"href":"https:\/\/ortopediagot.net\/Inicio\/wp-json\/wp\/v2\/product_brand?post=1570"},{"taxonomy":"product_cat","embeddable":true,"href":"https:\/\/ortopediagot.net\/Inicio\/wp-json\/wp\/v2\/product_cat?post=1570"},{"taxonomy":"product_tag","embeddable":true,"href":"https:\/\/ortopediagot.net\/Inicio\/wp-json\/wp\/v2\/product_tag?post=1570"}],"curies":[{"name":"wp","href":"https:\/\/api.w.org\/{rel}","templated":true}]}}