{"id":1577,"date":"2024-05-22T12:13:49","date_gmt":"2024-05-22T11:13:49","guid":{"rendered":"https:\/\/ortopediagot.net\/?post_type=product&#038;p=1577"},"modified":"2024-05-22T12:13:49","modified_gmt":"2024-05-22T11:13:49","slug":"e-motion-m25","status":"publish","type":"product","link":"https:\/\/ortopediagot.net\/Inicio\/producto\/e-motion-m25\/","title":{"rendered":"E-Motion M25"},"content":{"rendered":"<p>El\u00a0<em><strong>e-motion<\/strong><\/em>\u00a0de\u00a0<em><strong>Alber<\/strong><\/em>\u00a0es un dispositivo de ayuda la propulsi\u00f3n electr\u00f3nica para silla de ruedas manuales. La ayuda que supone el\u00a0<em><strong>e-motion<\/strong><\/em>\u00a0permite al usuario de silla de ruedas conservar e incluso incrementar su nivel de actividad f\u00edsica ya que le ayuda a superar pendientes, piedras, escalones que a menudo resultan un obst\u00e1culo insuperable. Es el dispositivo ideal para zonas con pendiente o para recorrer largas distancias. Sus electromotores se activan a trav\u00e9s de los aros con muy poca fuerza y mientras se mueve, los sensores integrados en los motores miden el movimiento y le proporcionan la potencia del motor deseada.\u00a0 Una vez en marcha se puede ralentizar o parar la silla muy f\u00e1cilmente, sin apenas esfuerzo, incluso conduciendo cuesta abajo.<\/p>\n<p>El\u00a0<em><strong>e-motion\u00a0<\/strong><\/em>le permitir\u00e1 disfrutar de su independencia, ya que proporciona ese impulso adicional que necesita para el d\u00eda a d\u00eda, y al mismo tiempo, proteger\u00e1 permanentemente sus m\u00fasculos y articulaciones del exceso de trabajo. Con una velocidad m\u00e1xima de 6 Km\/h y una autonom\u00eda de 25 Km, gracias las bater\u00edas de Litio-Ion, podr\u00e1 llegar a casi cualquier lugar sin esfuerzo.<\/p>\n<p>El dispositivo de ayuda a la propulsi\u00f3n el\u00e9ctrica\u00a0<em><strong>Alber e-motion<\/strong><\/em>\u00a0viene equipado con el sistema de eje extra\u00edble que permite desmontarlo en unos segundos en peque\u00f1os componentes muy f\u00e1ciles de manejar. Con un peso total de tan solo 7,8 Kg, es uno de los dispositivos m\u00e1s ligeros de su categor\u00eda. El\u00a0<em><strong>e-motion<\/strong><\/em>\u00a0se puede adaptar a casi todas las sillas de ruedas manuales, solo hace falta montar unos peque\u00f1os anclajes en la silla de ruedas para acoplarlo. Adem\u00e1s, gracias a un kit opcional, el usuario tiene la posibilidad de intercambiar las ruedas del\u00a0<em><strong>e-motion<\/strong><\/em>\u00a0con las ruedas originales de su silla, si desea volver a una silla de ruedas totalmente manual.<\/p>\n<p>El\u00a0<em><strong>e-motion<\/strong><\/em>\u00a0tambi\u00e9n cuenta con una aplicaci\u00f3n gratuita\u00a0<em><strong>App Movilidad<\/strong><\/em>, que proporciona a los usuarios varios perfiles de conducci\u00f3n preestablecidos y otras caracter\u00edsticas, como la indicaci\u00f3n de la bater\u00eda y la velocidad. Tambi\u00e9n a trav\u00e9s de la aplicaci\u00f3n podr\u00e1 acceder al\u00a0<em><strong>Pack Mobility Plus<\/strong><\/em>, una opci\u00f3n de pago que activar\u00e1 una amplia gama de funciones adicionales como: incremento de la velocidad hasta 8.5 km\/h, control remoto de la silla desde el smartphone, contador de impulsos, navegador\u00a0<strong>easyNavi<\/strong>\u00a0con recorridos especialmente adaptados y el modo crucero para mantener la velocidad constante.<\/p>\n<p>Principales caracter\u00edsticas del<strong>\u00a0<\/strong><em><strong>Alber e-motion:<\/strong><\/em><\/p>\n<ul>\n<li><strong>Aros de empuje:<\/strong>Los motores se activan autom\u00e1ticamente al usar los aros de empuje. La sensibilidad para activar el motor se puede ajustar individualmente para cada rueda motriz.<\/li>\n<li><strong>Bater\u00edas de Litio- Ion:\u00a0<\/strong>Las bater\u00edas integradas cuentan con la \u00faltima tecnolog\u00eda de iones de litio para m\u00e1s autonom\u00eda y durabilidad.<\/li>\n<li><strong>Eje de extracci\u00f3n r\u00e1pido:<\/strong>Las ruedas motrices son f\u00e1ciles de colocar y desmontar de la silla de ruedas.<\/li>\n<li><strong>Mando a distancia ECS:<\/strong>Indica el estado de la bater\u00eda en cada rueda. Permite encender\/apagar el\u00a0<em><strong>e-motion<\/strong><\/em>\u00a0desde la silla.<\/li>\n<\/ul>\n","protected":false},"excerpt":{"rendered":"<p>El\u00a0e-motion\u00a0de\u00a0Alber\u00a0es un dispositivo de ayuda la propulsi\u00f3n electr\u00f3nica para silla de ruedas manuales. La ayuda que supone el\u00a0e-motion\u00a0permite al usuario de silla de ruedas conservar e incluso incrementar su nivel de actividad f\u00edsica ya que le ayuda a superar pendientes, piedras, escalones que a menudo resultan un obst\u00e1culo insuperable. Es el dispositivo ideal para zonas [&hellip;]<\/p>\n","protected":false},"featured_media":1578,"comment_status":"open","ping_status":"closed","template":"","meta":{"saved_in_kubio":false},"product_brand":[],"product_cat":[109],"product_tag":[110],"class_list":{"0":"post-1577","1":"product","2":"type-product","3":"status-publish","4":"has-post-thumbnail","6":"product_cat-motores-para-sillas-de-ruedas","7":"product_tag-alber","9":"first","10":"instock","11":"shipping-taxable","12":"product-type-simple"},"_links":{"self":[{"href":"https:\/\/ortopediagot.net\/Inicio\/wp-json\/wp\/v2\/product\/1577"}],"collection":[{"href":"https:\/\/ortopediagot.net\/Inicio\/wp-json\/wp\/v2\/product"}],"about":[{"href":"https:\/\/ortopediagot.net\/Inicio\/wp-json\/wp\/v2\/types\/product"}],"replies":[{"embeddable":true,"href":"https:\/\/ortopediagot.net\/Inicio\/wp-json\/wp\/v2\/comments?post=1577"}],"wp:featuredmedia":[{"embeddable":true,"href":"https:\/\/ortopediagot.net\/Inicio\/wp-json\/wp\/v2\/media\/1578"}],"wp:attachment":[{"href":"https:\/\/ortopediagot.net\/Inicio\/wp-json\/wp\/v2\/media?parent=1577"}],"wp:term":[{"taxonomy":"product_brand","embeddable":true,"href":"https:\/\/ortopediagot.net\/Inicio\/wp-json\/wp\/v2\/product_brand?post=1577"},{"taxonomy":"product_cat","embeddable":true,"href":"https:\/\/ortopediagot.net\/Inicio\/wp-json\/wp\/v2\/product_cat?post=1577"},{"taxonomy":"product_tag","embeddable":true,"href":"https:\/\/ortopediagot.net\/Inicio\/wp-json\/wp\/v2\/product_tag?post=1577"}],"curies":[{"name":"wp","href":"https:\/\/api.w.org\/{rel}","templated":true}]}}