{"id":1580,"date":"2024-05-22T12:15:54","date_gmt":"2024-05-22T11:15:54","guid":{"rendered":"https:\/\/ortopediagot.net\/?post_type=product&#038;p=1580"},"modified":"2024-05-22T12:15:55","modified_gmt":"2024-05-22T11:15:55","slug":"e-pilot","status":"publish","type":"product","link":"https:\/\/ortopediagot.net\/Inicio\/producto\/e-pilot\/","title":{"rendered":"E-Pilot"},"content":{"rendered":"<p>La nueva handbike el\u00e9ctrica\u00a0<em><strong>E-pilot<\/strong><\/em>\u00a0de\u00a0<em><strong>Alber\u00a0<\/strong><\/em>convierte su silla de ruedas en un veh\u00edculo deportivo en cuesti\u00f3n de segundos. Solo se necesitan unos pocos pasos para acoplar el\u00a0<em><strong>E-pilot<\/strong><\/em>\u00a0a su silla de ruedas y tener as\u00ed la combinaci\u00f3n de movilidad perfecta para la vida cotidiana. El\u00a0<em><strong>Alber E-pilot<\/strong><\/em>\u00a0ofrece la m\u00e1xima flexibilidad. Los usuarios pueden hacer un viaje r\u00e1pido a la ciudad, visitar amigos o simplemente pasear y correr con el perro. Incluso las distancias m\u00e1s largas dejar\u00e1n de ser un problema gracias a las bater\u00edas de litio del\u00a0<em><strong>E-pilot<\/strong><\/em>.<\/p>\n<p>Una vez en el destino deseado, los usuarios podr\u00e1n desacoplar f\u00e1cilmente el\u00a0<em><strong>E-Pilot<\/strong><\/em>\u00a0para usar la silla de ruedas manual.<\/p>\n<p>La handbike\u00a0<em><strong>Alber<\/strong><\/em>\u00a0<em><strong>E-Pilot<\/strong><\/em>\u00a0ofrece a los usuarios un nuevo concepto de movilidad. La rueda grande delantera absorbe los impactos y permite desplazarse por todo tipo de terrenos y superar obst\u00e1culos sin dificultades: caminos de tierra o de adoquines, o incluso subir alg\u00fan bordillo.<\/p>\n<p>Su chasis robusto, el pack de bater\u00edas integradas y su potente rueda motriz, combinan a la perfecci\u00f3n para conseguir un dise\u00f1o deportivo y una ergonom\u00eda perfecta.<\/p>\n<p>Adem\u00e1s, est\u00e1 disponible el pack\u00a0<em><strong>Mobility Plus<\/strong><\/em>\u00a0como opci\u00f3n que le llevar\u00e1 a su destino m\u00e1s r\u00e1pido, garantizando una verdadera experiencia de conducci\u00f3n. Gracias a la aplicaci\u00f3n de movilidad instalada en tu smartphone obtendr\u00e1s acceso a la funci\u00f3n de navegaci\u00f3n para sillas de ruedas y podr\u00e1s alcanzar una velocidad de hasta 20 km\/h. La funci\u00f3n de conducci\u00f3n modo crucero te permitir\u00e1 conducir relajado en los tramos m\u00e1s largos.<\/p>\n<p>Inicia la aplicaci\u00f3n\u00a0<em><strong>E-Pilot Mobility<\/strong><\/em>\u00a0en tu smartphone y acceda a toda la informaci\u00f3n de un vistazo. Adem\u00e1s, Con la app obtendr\u00e1s valiosos consejos para el d\u00eda a d\u00eda con su hanbike\u00a0<em><strong>E-Pilot<\/strong><\/em>.<\/p>\n","protected":false},"excerpt":{"rendered":"<p>La nueva handbike el\u00e9ctrica\u00a0E-pilot\u00a0de\u00a0Alber\u00a0convierte su silla de ruedas en un veh\u00edculo deportivo en cuesti\u00f3n de segundos. Solo se necesitan unos pocos pasos para acoplar el\u00a0E-pilot\u00a0a su silla de ruedas y tener as\u00ed la combinaci\u00f3n de movilidad perfecta para la vida cotidiana. El\u00a0Alber E-pilot\u00a0ofrece la m\u00e1xima flexibilidad. Los usuarios pueden hacer un viaje r\u00e1pido a la [&hellip;]<\/p>\n","protected":false},"featured_media":1581,"comment_status":"open","ping_status":"closed","template":"","meta":{"saved_in_kubio":false},"product_brand":[],"product_cat":[109],"product_tag":[110],"class_list":{"0":"post-1580","1":"product","2":"type-product","3":"status-publish","4":"has-post-thumbnail","6":"product_cat-motores-para-sillas-de-ruedas","7":"product_tag-alber","9":"first","10":"instock","11":"shipping-taxable","12":"product-type-simple"},"_links":{"self":[{"href":"https:\/\/ortopediagot.net\/Inicio\/wp-json\/wp\/v2\/product\/1580"}],"collection":[{"href":"https:\/\/ortopediagot.net\/Inicio\/wp-json\/wp\/v2\/product"}],"about":[{"href":"https:\/\/ortopediagot.net\/Inicio\/wp-json\/wp\/v2\/types\/product"}],"replies":[{"embeddable":true,"href":"https:\/\/ortopediagot.net\/Inicio\/wp-json\/wp\/v2\/comments?post=1580"}],"wp:featuredmedia":[{"embeddable":true,"href":"https:\/\/ortopediagot.net\/Inicio\/wp-json\/wp\/v2\/media\/1581"}],"wp:attachment":[{"href":"https:\/\/ortopediagot.net\/Inicio\/wp-json\/wp\/v2\/media?parent=1580"}],"wp:term":[{"taxonomy":"product_brand","embeddable":true,"href":"https:\/\/ortopediagot.net\/Inicio\/wp-json\/wp\/v2\/product_brand?post=1580"},{"taxonomy":"product_cat","embeddable":true,"href":"https:\/\/ortopediagot.net\/Inicio\/wp-json\/wp\/v2\/product_cat?post=1580"},{"taxonomy":"product_tag","embeddable":true,"href":"https:\/\/ortopediagot.net\/Inicio\/wp-json\/wp\/v2\/product_tag?post=1580"}],"curies":[{"name":"wp","href":"https:\/\/api.w.org\/{rel}","templated":true}]}}