{"id":1592,"date":"2024-05-22T12:36:28","date_gmt":"2024-05-22T11:36:28","guid":{"rendered":"https:\/\/ortopediagot.net\/?post_type=product&#038;p=1592"},"modified":"2024-05-22T12:36:29","modified_gmt":"2024-05-22T11:36:29","slug":"k-series-2-0","status":"publish","type":"product","link":"https:\/\/ortopediagot.net\/Inicio\/producto\/k-series-2-0\/","title":{"rendered":"K-Series 2.0"},"content":{"rendered":"<p>La silla de ruedas activa\u00a0<em><strong>K\u00fcschall K-Series\u00a0<\/strong><\/em>ha sido dise\u00f1ada con excelentes caracter\u00edsticas que la convierten en una de las mejores sillas de ruedas de toda la gama, ya que combina dise\u00f1o, versatilidad y rendimiento. La ic\u00f3nica silla de ruedas\u00a0<em><strong>K-Series<\/strong><\/em>\u00a0es toda una referencia en el segmento de sillas de ruedas r\u00edgidas con chasis monotubo. EL m\u00f3dulo de asiento vers\u00e1til es \u00fanico y puede ser modificado sin esfuerzo en cualquier momento y en cualquier lugar independientemente del chasis. Este m\u00f3dulo de asiento es totalmente ajustable para adaptarse a la perfecci\u00f3n a las exigencias de los usuarios. Si necesitan una posici\u00f3n m\u00e1s estable o m\u00e1s activa, la\u00a0<em><strong>K-Series<\/strong><\/em>\u00a0puede adaptarse a sus necesidades. Ahora disponible un posicionamiento a medida para cada usuario gracias al concepto OneSolution.<\/p>\n<p>La parte delantera del chasis hidroformado de la\u00a0<em><strong>K-Series<\/strong><\/em>\u00a0le brinda un dise\u00f1o totalmente nuevo. Esa tecnolog\u00eda puntera ofrece m\u00e1s rigidez y robustez para unos resultados de conducci\u00f3n optimizados. \u00a0La curvatura de chasis ergon\u00f3mica facilita el reposicionamiento y las transferencias del usuario y la parte delantera del chasis incurvada (aducci\u00f3n) permite una mayor sujeci\u00f3n de los miembros inferiores con un dise\u00f1o \u00fanico. Sus l\u00edneas y su dise\u00f1o convierten la silla de ruedas manual\u00a0<em><strong>K-Series<\/strong><\/em>\u00a0en un modelo ic\u00f3nico e intemporal.<\/p>\n<p>A continuaci\u00f3n, se presentan algunas caracter\u00edsticas clave de la silla de ruedas\u00a0<em><strong>K\u00fcschall K-Series<\/strong><\/em>:<\/p>\n<ul>\n<li><strong>Respaldo:<\/strong>Abatible sobre el asiento. Regulable en 6 posiciones<\/li>\n<li><strong>Barra tensora de respaldo:<\/strong>Dise\u00f1o ergon\u00f3mico que facilita las transferencias al coche.<\/li>\n<li><strong>M\u00f3dulo de asiento:<\/strong>Consta de 5 posiciones de centro de gravedad para conseguir una posici\u00f3n m\u00e1s o menos activa.<\/li>\n<li><strong>Reposapi\u00e9s:<\/strong>Dise\u00f1o m\u00e1s moderno con tubos planos que reducen los puntos de presi\u00f3n y mejoran el confort y estabilidad de los miembros inferiores.<\/li>\n<li><strong>Freno activo ligero:<\/strong>Freno de aluminio que se activa eficazmente con muy poca fuerza.<\/li>\n<li><strong>Chasis hidroformado:<\/strong>Ofrece m\u00e1s rigidez y robustez para unos resultados de conducci\u00f3n optimizados.<\/li>\n<\/ul>\n","protected":false},"excerpt":{"rendered":"<p>La silla de ruedas activa\u00a0K\u00fcschall K-Series\u00a0ha sido dise\u00f1ada con excelentes caracter\u00edsticas que la convierten en una de las mejores sillas de ruedas de toda la gama, ya que combina dise\u00f1o, versatilidad y rendimiento. La ic\u00f3nica silla de ruedas\u00a0K-Series\u00a0es toda una referencia en el segmento de sillas de ruedas r\u00edgidas con chasis monotubo. EL m\u00f3dulo de [&hellip;]<\/p>\n","protected":false},"featured_media":1593,"comment_status":"open","ping_status":"closed","template":"","meta":{"saved_in_kubio":false},"product_brand":[],"product_cat":[41],"product_tag":[111],"class_list":{"0":"post-1592","1":"product","2":"type-product","3":"status-publish","4":"has-post-thumbnail","6":"product_cat-sillas-de-ruedas-2","7":"product_tag-kuschall","9":"first","10":"instock","11":"shipping-taxable","12":"product-type-simple"},"_links":{"self":[{"href":"https:\/\/ortopediagot.net\/Inicio\/wp-json\/wp\/v2\/product\/1592"}],"collection":[{"href":"https:\/\/ortopediagot.net\/Inicio\/wp-json\/wp\/v2\/product"}],"about":[{"href":"https:\/\/ortopediagot.net\/Inicio\/wp-json\/wp\/v2\/types\/product"}],"replies":[{"embeddable":true,"href":"https:\/\/ortopediagot.net\/Inicio\/wp-json\/wp\/v2\/comments?post=1592"}],"wp:featuredmedia":[{"embeddable":true,"href":"https:\/\/ortopediagot.net\/Inicio\/wp-json\/wp\/v2\/media\/1593"}],"wp:attachment":[{"href":"https:\/\/ortopediagot.net\/Inicio\/wp-json\/wp\/v2\/media?parent=1592"}],"wp:term":[{"taxonomy":"product_brand","embeddable":true,"href":"https:\/\/ortopediagot.net\/Inicio\/wp-json\/wp\/v2\/product_brand?post=1592"},{"taxonomy":"product_cat","embeddable":true,"href":"https:\/\/ortopediagot.net\/Inicio\/wp-json\/wp\/v2\/product_cat?post=1592"},{"taxonomy":"product_tag","embeddable":true,"href":"https:\/\/ortopediagot.net\/Inicio\/wp-json\/wp\/v2\/product_tag?post=1592"}],"curies":[{"name":"wp","href":"https:\/\/api.w.org\/{rel}","templated":true}]}}