{"id":1615,"date":"2024-05-23T10:38:40","date_gmt":"2024-05-23T09:38:40","guid":{"rendered":"https:\/\/ortopediagot.net\/?post_type=product&#038;p=1615"},"modified":"2024-05-23T10:38:40","modified_gmt":"2024-05-23T09:38:40","slug":"posterior-configuracion-pa","status":"publish","type":"product","link":"https:\/\/ortopediagot.net\/Inicio\/producto\/posterior-configuracion-pa\/","title":{"rendered":"POSTERIOR Configuraci\u00f3n PA"},"content":{"rendered":"<p>Con soporte p\u00e9lvico y antebrazos.<\/p>\n<p>Versi\u00f3n que ofrece un soporte para la pelvis y un soporte para las extremidades superiores. Indicado para usuarios con un control discreto del tronco. El apoyo en las extremidades superiores ayuda al usuario a controlar tambi\u00e9n el tronco.<\/p>\n<p><a href=\"https:\/\/ortopediagot.net\/wp-content\/uploads\/2024\/05\/GRILLO-MINI-02.png\"><img loading=\"lazy\" decoding=\"async\" class=\"alignnone size-full wp-image-1603\" src=\"https:\/\/ortopediagot.net\/wp-content\/uploads\/2024\/05\/GRILLO-MINI-02.png\" alt=\"\" width=\"300\" height=\"100\" \/><\/a><\/p>\n<p>Grillo es un andador dise\u00f1ado para ayudar\u00a0 y\/o facilitar el desplazamiento aut\u00f3nomo del ni\u00f1o. Su dise\u00f1o original y su sistema de regulaci\u00f3n en altura patentado hacen que sea \u00fanico en cuanto a seguridad y elegancia. Su amplio rango de regulaciones y su amplia gama de soportes hacen que se adapte con facilidad a las diferentes necesidades y caracter\u00edsticas del usuario. <strong>Dise\u00f1ado para la independencia de ni\u00f1os y adultos.<\/strong><\/p>\n<p>Ser capaz de moverse de forma independiente en su propio entorno es de fundamental importancia para el desarrollo de habilidades sociales e interpersonales; de hecho, la participaci\u00f3n activa en la comunidad representa un incentivo sustancial para no considerar las limitaciones como obst\u00e1culos insuperables.<\/p>\n<p><strong>Sistema de regulaci\u00f3n en altura con baricentro constante patentado.<\/strong><\/p>\n<p>Mantiene el centro de gravedad del ni\u00f1o a lo largo de su eje, tambi\u00e9n durante la regulaci\u00f3n en altura del chasis.<\/p>\n<p>El sistema de regulaci\u00f3n en altura con baricentro constante permite al Grillo acompa\u00f1ar al ni\u00f1o en su crecimiento durante mucho tiempo y con una sola medida.<\/p>\n<p>El sistema de regulaci\u00f3n, mediante pistones de gas, permite la regulaci\u00f3n del chasis tambi\u00e9n con el ni\u00f1o dentro, tanto en la fase est\u00e1tica como din\u00e1mica con total seguridad y de manera sencilla.<\/p>\n<p>&nbsp;<\/p>\n<p><strong>Cierre sencillo y r\u00e1pido.<\/strong><\/p>\n<p>El Grillo puede cerrarse con una sola maniobra, reduciendo as\u00ed sus dimensiones y aumentando la facilidad de transporte. El cierre se efect\u00faa pleg\u00e1ndose sobre s\u00ed mismo sin la necesidad de tener que retirar ning\u00fan soporte.<\/p>\n","protected":false},"excerpt":{"rendered":"<p>Con soporte p\u00e9lvico y antebrazos. Versi\u00f3n que ofrece un soporte para la pelvis y un soporte para las extremidades superiores. Indicado para usuarios con un control discreto del tronco. El apoyo en las extremidades superiores ayuda al usuario a controlar tambi\u00e9n el tronco. Grillo es un andador dise\u00f1ado para ayudar\u00a0 y\/o facilitar el desplazamiento aut\u00f3nomo [&hellip;]<\/p>\n","protected":false},"featured_media":1616,"comment_status":"open","ping_status":"closed","template":"","meta":{"saved_in_kubio":false},"product_brand":[],"product_cat":[60],"product_tag":[113],"class_list":{"0":"post-1615","1":"product","2":"type-product","3":"status-publish","4":"has-post-thumbnail","6":"product_cat-andadores","7":"product_tag-grillo","9":"first","10":"instock","11":"shipping-taxable","12":"product-type-simple"},"_links":{"self":[{"href":"https:\/\/ortopediagot.net\/Inicio\/wp-json\/wp\/v2\/product\/1615"}],"collection":[{"href":"https:\/\/ortopediagot.net\/Inicio\/wp-json\/wp\/v2\/product"}],"about":[{"href":"https:\/\/ortopediagot.net\/Inicio\/wp-json\/wp\/v2\/types\/product"}],"replies":[{"embeddable":true,"href":"https:\/\/ortopediagot.net\/Inicio\/wp-json\/wp\/v2\/comments?post=1615"}],"wp:featuredmedia":[{"embeddable":true,"href":"https:\/\/ortopediagot.net\/Inicio\/wp-json\/wp\/v2\/media\/1616"}],"wp:attachment":[{"href":"https:\/\/ortopediagot.net\/Inicio\/wp-json\/wp\/v2\/media?parent=1615"}],"wp:term":[{"taxonomy":"product_brand","embeddable":true,"href":"https:\/\/ortopediagot.net\/Inicio\/wp-json\/wp\/v2\/product_brand?post=1615"},{"taxonomy":"product_cat","embeddable":true,"href":"https:\/\/ortopediagot.net\/Inicio\/wp-json\/wp\/v2\/product_cat?post=1615"},{"taxonomy":"product_tag","embeddable":true,"href":"https:\/\/ortopediagot.net\/Inicio\/wp-json\/wp\/v2\/product_tag?post=1615"}],"curies":[{"name":"wp","href":"https:\/\/api.w.org\/{rel}","templated":true}]}}