{"id":1622,"date":"2024-05-23T11:25:11","date_gmt":"2024-05-23T10:25:11","guid":{"rendered":"https:\/\/ortopediagot.net\/?post_type=product&#038;p=1622"},"modified":"2024-05-23T11:25:12","modified_gmt":"2024-05-23T10:25:12","slug":"bs-60","status":"publish","type":"product","link":"https:\/\/ortopediagot.net\/Inicio\/producto\/bs-60\/","title":{"rendered":"BS 60"},"content":{"rendered":"<p>Silla autopropulsable para usuarios con mayor independencia. Ruedas delanteras de 200mm.<\/p>\n<p><a href=\"https:\/\/ortopediagot.net\/wp-content\/uploads\/2024\/05\/Juditta.png\"><img loading=\"lazy\" decoding=\"async\" class=\"alignnone size-medium wp-image-1618\" src=\"https:\/\/ortopediagot.net\/wp-content\/uploads\/2024\/05\/Juditta-300x101.png\" alt=\"\" width=\"300\" height=\"101\" srcset=\"https:\/\/ortopediagot.net\/wp-content\/uploads\/2024\/05\/Juditta-300x101.png 300w, https:\/\/ortopediagot.net\/wp-content\/uploads\/2024\/05\/Juditta-600x202.png 600w, https:\/\/ortopediagot.net\/wp-content\/uploads\/2024\/05\/Juditta.png 623w\" sizes=\"(max-width: 300px) 100vw, 300px\" \/><\/a><\/p>\n<p>Esta silla es la alternativa a la cama; est\u00e1 indicada para adultos y personas mayores que precisan estancias prolongadas o permanentes en la cama. Este sistema para estar sentados est\u00e1 recomendado a personas con cualquier tipo de discapacidad, incluso para los casos m\u00e1s severos. Permite adoptar una posici\u00f3n c\u00f3moda, proporciona estabilidad y previene malas posturas. Sillas homologadas para ser transportadas en un veh\u00edculo.<\/p>\n<p><strong>RESPALDO ERGON\u00d3MICO QUE SE ADAPTA A LAS FORMAS DEL USUARIO<\/strong><\/p>\n<p>La singular forma del respaldo alinea bien el tronco y no genera ninguna presi\u00f3n sobre la columna vertebral. Tambi\u00e9n proporciona un alto grado de estabilidad sin la necesidad de soportes laterales. Al acomodarse a las formas del usuario, previene contracturas y deformidades.<\/p>\n<p>Respaldo de altura regulable para adaptarse a las diferentes dimensiones y necesidades del usuario.<\/p>\n<p><strong>NINGUNA PRESI\u00d3N SOBRE LA COLUMNA VERTEBRAL<\/strong><\/p>\n<p>En el gr\u00e1fico de presiones vemos una situaci\u00f3n segura para el paciente con presiones m\u00ednimas. Despu\u00e9s de retirar el respaldo, no se perciben se\u00f1ales de presi\u00f3n sobre la columna vertebral. Esto hace de Juditta una silla muy apropiada para parapl\u00e9jicos y personas con inflamaciones post operatorias.<\/p>\n<p><strong>BASCULAR Y RECLINAR<\/strong><\/p>\n<p>La basculaci\u00f3n y reclinaci\u00f3n del respaldo permite adoptar la posici\u00f3n de soporte ideal. Permite variar los puntos de presi\u00f3n y previene la aparici\u00f3n de \u00falceras por presi\u00f3n. El material semi el\u00e1stico del asiento y el respaldo y su dise\u00f1o especial, se adapta a la anatom\u00eda del usuario sin ejercer ninguna presi\u00f3n ni roce.<\/p>\n<p><strong>RESPALDO Y ASIENTO\u00a0<\/strong><\/p>\n<p>Los materiales del asiento y el respaldo transpiran permitiendo la circulaci\u00f3n del aire y manteniendo un microclima \u00f3ptimo para la piel del paciente.<\/p>\n<p><strong>REPOSACABEZAS MULTI REGULABLE<\/strong><\/p>\n<p>La estructura y dimensiones del reposacabezas proporciona estabilidad al usuario sin limitar los movimientos laterales de la cabeza. Sigue la forma del respaldo, asegurando el correcto alineamiento entre la cabeza y el tronco. Los ajustes mejoran la orientaci\u00f3n visual del usuario y por ende, su percepci\u00f3n y relaci\u00f3n con el entorno.<\/p>\n<p><strong>Reposacabezas anti-bacterias.<\/strong><\/p>\n<p>Fabricado con un material especial, de c\u00e9lula cerrada, altamente resistente a los agentes qu\u00edmicos externos.<\/p>\n<p>Higi\u00e9nico y duradero, adem\u00e1s de c\u00f3modo y transpirable.<\/p>\n<p>El asiento y respaldo est\u00e1n recubiertos de un material semi el\u00e1stico ign\u00edfugo.<\/p>\n<p>Resistente, transpirable y antideslizante.<\/p>\n<p><strong>UNA EVOLUCI\u00d3N EN COMODIDAD<\/strong><\/p>\n<p>Juditta es una silla de ruedas de confort basculante y reclinable dise\u00f1ada y construida por Ormesa para adultos y personas mayores con movilidad reducida. El respaldo de Juditta favorece una postura correcta, ofreciendo estabilidad, previniendo contracturas y la aparici\u00f3n de deformidades. Los cordones que forman el respaldo y el asiento se adaptan a la anatom\u00eda de cada usuario, evitando roces y \u00falceras por presi\u00f3n.<\/p>\n<p><strong>Las principales ventajas de la silla Juditta:<\/strong><\/p>\n<ul>\n<li>Asiento ergon\u00f3mico<\/li>\n<li>\u00d3ptimo reparto de las presiones<\/li>\n<li>Previene \u00falceras por presi\u00f3n<\/li>\n<li>Soporte higi\u00e9nico y transpirable<\/li>\n<li>Facilita las transferencias<\/li>\n<li>Se adapta a cada persona<\/li>\n<li>3 modelos basculantes<\/li>\n<\/ul>\n","protected":false},"excerpt":{"rendered":"<p>Silla autopropulsable para usuarios con mayor independencia. Ruedas delanteras de 200mm. Esta silla es la alternativa a la cama; est\u00e1 indicada para adultos y personas mayores que precisan estancias prolongadas o permanentes en la cama. Este sistema para estar sentados est\u00e1 recomendado a personas con cualquier tipo de discapacidad, incluso para los casos m\u00e1s severos. [&hellip;]<\/p>\n","protected":false},"featured_media":1623,"comment_status":"open","ping_status":"closed","template":"","meta":{"saved_in_kubio":false},"product_brand":[],"product_cat":[41],"product_tag":[117],"class_list":{"0":"post-1622","1":"product","2":"type-product","3":"status-publish","4":"has-post-thumbnail","6":"product_cat-sillas-de-ruedas-2","7":"product_tag-juditta","9":"first","10":"instock","11":"shipping-taxable","12":"product-type-simple"},"_links":{"self":[{"href":"https:\/\/ortopediagot.net\/Inicio\/wp-json\/wp\/v2\/product\/1622"}],"collection":[{"href":"https:\/\/ortopediagot.net\/Inicio\/wp-json\/wp\/v2\/product"}],"about":[{"href":"https:\/\/ortopediagot.net\/Inicio\/wp-json\/wp\/v2\/types\/product"}],"replies":[{"embeddable":true,"href":"https:\/\/ortopediagot.net\/Inicio\/wp-json\/wp\/v2\/comments?post=1622"}],"wp:featuredmedia":[{"embeddable":true,"href":"https:\/\/ortopediagot.net\/Inicio\/wp-json\/wp\/v2\/media\/1623"}],"wp:attachment":[{"href":"https:\/\/ortopediagot.net\/Inicio\/wp-json\/wp\/v2\/media?parent=1622"}],"wp:term":[{"taxonomy":"product_brand","embeddable":true,"href":"https:\/\/ortopediagot.net\/Inicio\/wp-json\/wp\/v2\/product_brand?post=1622"},{"taxonomy":"product_cat","embeddable":true,"href":"https:\/\/ortopediagot.net\/Inicio\/wp-json\/wp\/v2\/product_cat?post=1622"},{"taxonomy":"product_tag","embeddable":true,"href":"https:\/\/ortopediagot.net\/Inicio\/wp-json\/wp\/v2\/product_tag?post=1622"}],"curies":[{"name":"wp","href":"https:\/\/api.w.org\/{rel}","templated":true}]}}