{"id":1631,"date":"2024-05-23T12:24:20","date_gmt":"2024-05-23T11:24:20","guid":{"rendered":"https:\/\/ortopediagot.net\/?post_type=product&#038;p=1631"},"modified":"2024-05-27T11:24:31","modified_gmt":"2024-05-27T10:24:31","slug":"cv242-cojin-de-proteccion-upp-viscoelastico-conformado-forma-herradura-42x42","status":"publish","type":"product","link":"https:\/\/ortopediagot.net\/Inicio\/producto\/cv242-cojin-de-proteccion-upp-viscoelastico-conformado-forma-herradura-42x42\/","title":{"rendered":"CV242 COJ\u00cdN DE PROTECCI\u00d3N UPP VISCOEL\u00c1STICO CONFORMADO FORMA HERRADURA 42X42"},"content":{"rendered":"<p>Prevenci\u00f3n de \u00falceras por presi\u00f3n.<br \/>\nDistribuye el peso del usuario repartiendo homog\u00e9neamente las presiones sobre toda la superficie del coj\u00edn y aumentando el \u00e1rea de contacto sobre \u00e9ste.<br \/>\nProporciona estabilidad p\u00e9lvica y soporte postural.<\/p>\n<div class=\"tsf-campo-acf-titulo tsf-campo-acf-titulo-caracteristicas tsf_campo-acf tsf_caracteristicas\"><strong>Caracter\u00edsticas<\/strong><\/div>\n<div><\/div>\n<div class=\"tsf-campo-acf-valores tsf-campo-acf-valores-caracteristicas tsf_campo-acf tsf_caracteristicas\">Coj\u00edn de protecci\u00f3n de \u00falceras por presi\u00f3n conformado con forma de herradura.<br \/>\nFabricado con material viscoel\u00e1stico con memoria 60kg\/m3.<br \/>\nForma anat\u00f3mica<br \/>\nFunda exterior negra, hidr\u00f3foba, antideslizante e ign\u00edfuga: retardante de llama, y transpirable.<br \/>\nFunda exterior con apertura sencilla tipo cremallera en U. Sin costuras.<br \/>\nIncorpora un asa para facilitar su manejo.<br \/>\nMuy ligero.<br \/>\nDimensiones 40 x 40 cm<br \/>\nUso recomendable hasta 100Kg.<\/div>\n","protected":false},"excerpt":{"rendered":"<p>Prevenci\u00f3n de \u00falceras por presi\u00f3n. Distribuye el peso del usuario repartiendo homog\u00e9neamente las presiones sobre toda la superficie del coj\u00edn y aumentando el \u00e1rea de contacto sobre \u00e9ste. Proporciona estabilidad p\u00e9lvica y soporte postural. Caracter\u00edsticas Coj\u00edn de protecci\u00f3n de \u00falceras por presi\u00f3n conformado con forma de herradura. Fabricado con material viscoel\u00e1stico con memoria 60kg\/m3. Forma [&hellip;]<\/p>\n","protected":false},"featured_media":1632,"comment_status":"open","ping_status":"closed","template":"archive-product","meta":{"saved_in_kubio":false},"product_brand":[],"product_cat":[66],"product_tag":[118],"class_list":{"0":"post-1631","1":"product","2":"type-product","3":"status-publish","4":"has-post-thumbnail","6":"product_cat-prevencion-de-ulceras","7":"product_tag-emo","9":"first","10":"instock","11":"shipping-taxable","12":"product-type-simple"},"_links":{"self":[{"href":"https:\/\/ortopediagot.net\/Inicio\/wp-json\/wp\/v2\/product\/1631"}],"collection":[{"href":"https:\/\/ortopediagot.net\/Inicio\/wp-json\/wp\/v2\/product"}],"about":[{"href":"https:\/\/ortopediagot.net\/Inicio\/wp-json\/wp\/v2\/types\/product"}],"replies":[{"embeddable":true,"href":"https:\/\/ortopediagot.net\/Inicio\/wp-json\/wp\/v2\/comments?post=1631"}],"wp:featuredmedia":[{"embeddable":true,"href":"https:\/\/ortopediagot.net\/Inicio\/wp-json\/wp\/v2\/media\/1632"}],"wp:attachment":[{"href":"https:\/\/ortopediagot.net\/Inicio\/wp-json\/wp\/v2\/media?parent=1631"}],"wp:term":[{"taxonomy":"product_brand","embeddable":true,"href":"https:\/\/ortopediagot.net\/Inicio\/wp-json\/wp\/v2\/product_brand?post=1631"},{"taxonomy":"product_cat","embeddable":true,"href":"https:\/\/ortopediagot.net\/Inicio\/wp-json\/wp\/v2\/product_cat?post=1631"},{"taxonomy":"product_tag","embeddable":true,"href":"https:\/\/ortopediagot.net\/Inicio\/wp-json\/wp\/v2\/product_tag?post=1631"}],"curies":[{"name":"wp","href":"https:\/\/api.w.org\/{rel}","templated":true}]}}