{"id":1644,"date":"2024-05-23T17:17:35","date_gmt":"2024-05-23T16:17:35","guid":{"rendered":"https:\/\/ortopediagot.net\/?post_type=product&#038;p=1644"},"modified":"2024-05-27T11:23:36","modified_gmt":"2024-05-27T10:23:36","slug":"cs1403-cojin-antiescaras-cuadrado-de-gel-de-silicona-solida","status":"publish","type":"product","link":"https:\/\/ortopediagot.net\/Inicio\/producto\/cs1403-cojin-antiescaras-cuadrado-de-gel-de-silicona-solida\/","title":{"rendered":"CS1403 COJ\u00cdN ANTIESCARAS CUADRADO DE GEL DE SILICONA S\u00d3LIDA"},"content":{"rendered":"<p>Tratamiento de escaras. Proporciona estabilidad. Consigue un reparto homog\u00e9neo de las presiones. Ayuda a mantener la postura absorbiendo impactos. Produce un continuo masaje viscoel\u00e1stico. Mantiene la temperatura. Evita la sudoraci\u00f3n excesiva, la maceraci\u00f3n o la falta de circulaci\u00f3n. Impide el efecto \u00abmartillo\u00bb al repartir las presiones de forma uniforme.<\/p>\n<div class=\"tsf-campo-acf-titulo tsf-campo-acf-titulo-caracteristicas tsf_campo-acf tsf_caracteristicas\"><strong>Caracter\u00edsticas<\/strong><\/div>\n<div><\/div>\n<div class=\"tsf-campo-acf-valores tsf-campo-acf-valores-caracteristicas tsf_campo-acf tsf_caracteristicas\">Coj\u00edn antiescara con funda exterior lavable, antideslizante y con cierta resistencia al fuego. Funda con asa para facilitar su manejo. Estetico, confortable, resistente y fiable. No desliza sobre el asiento. Se adapta con facilidad a las sillas de ruedas del mercado. Envasado en caja con asa para facilitar su transporte y almacenamiento. Coj\u00edn antiescara 100% gel de silicona s\u00f3lida de perfil cuadrado.<br \/>\nFunda exterior lavable, antideslizante e ign\u00edfuga M1.<br \/>\nLa silicona s\u00f3lida est\u00e1 recubierta de una fina pel\u00edcula protectora transparente de gran resistencia y elasticidad.<\/div>\n<div class=\"tsf-campo-acf-valores tsf-campo-acf-valores-caracteristicas tsf_campo-acf tsf_caracteristicas\">Dimensiones 40 x 40 x 3 cm<br \/>\nUso recomendable hasta 100Kg<\/div>\n","protected":false},"excerpt":{"rendered":"<p>Tratamiento de escaras. Proporciona estabilidad. Consigue un reparto homog\u00e9neo de las presiones. Ayuda a mantener la postura absorbiendo impactos. Produce un continuo masaje viscoel\u00e1stico. Mantiene la temperatura. Evita la sudoraci\u00f3n excesiva, la maceraci\u00f3n o la falta de circulaci\u00f3n. Impide el efecto \u00abmartillo\u00bb al repartir las presiones de forma uniforme. Caracter\u00edsticas Coj\u00edn antiescara con funda exterior [&hellip;]<\/p>\n","protected":false},"featured_media":1645,"comment_status":"open","ping_status":"closed","template":"archive-product","meta":{"saved_in_kubio":false},"product_brand":[],"product_cat":[66],"product_tag":[118],"class_list":{"0":"post-1644","1":"product","2":"type-product","3":"status-publish","4":"has-post-thumbnail","6":"product_cat-prevencion-de-ulceras","7":"product_tag-emo","9":"first","10":"instock","11":"shipping-taxable","12":"product-type-simple"},"_links":{"self":[{"href":"https:\/\/ortopediagot.net\/Inicio\/wp-json\/wp\/v2\/product\/1644"}],"collection":[{"href":"https:\/\/ortopediagot.net\/Inicio\/wp-json\/wp\/v2\/product"}],"about":[{"href":"https:\/\/ortopediagot.net\/Inicio\/wp-json\/wp\/v2\/types\/product"}],"replies":[{"embeddable":true,"href":"https:\/\/ortopediagot.net\/Inicio\/wp-json\/wp\/v2\/comments?post=1644"}],"wp:featuredmedia":[{"embeddable":true,"href":"https:\/\/ortopediagot.net\/Inicio\/wp-json\/wp\/v2\/media\/1645"}],"wp:attachment":[{"href":"https:\/\/ortopediagot.net\/Inicio\/wp-json\/wp\/v2\/media?parent=1644"}],"wp:term":[{"taxonomy":"product_brand","embeddable":true,"href":"https:\/\/ortopediagot.net\/Inicio\/wp-json\/wp\/v2\/product_brand?post=1644"},{"taxonomy":"product_cat","embeddable":true,"href":"https:\/\/ortopediagot.net\/Inicio\/wp-json\/wp\/v2\/product_cat?post=1644"},{"taxonomy":"product_tag","embeddable":true,"href":"https:\/\/ortopediagot.net\/Inicio\/wp-json\/wp\/v2\/product_tag?post=1644"}],"curies":[{"name":"wp","href":"https:\/\/api.w.org\/{rel}","templated":true}]}}