{"id":1650,"date":"2024-05-24T16:54:03","date_gmt":"2024-05-24T15:54:03","guid":{"rendered":"https:\/\/ortopediagot.net\/?post_type=product&#038;p=1650"},"modified":"2024-05-27T11:23:13","modified_gmt":"2024-05-27T10:23:13","slug":"csv240-cojin-antiescaras-en-herradura-de-gel-de-silicona-solida-y-viscoelastica-conformada","status":"publish","type":"product","link":"https:\/\/ortopediagot.net\/Inicio\/producto\/csv240-cojin-antiescaras-en-herradura-de-gel-de-silicona-solida-y-viscoelastica-conformada\/","title":{"rendered":"CSV240 COJIN ANTIESCARAS EN HERRADURA DE GEL DE SILICONA SOLIDA Y VISCOELASTICA CONFORMADA"},"content":{"rendered":"<p>Tratamiento y prevenci\u00f3n de escaras.<br \/>\nProporciona estabilidad.<br \/>\nConsigue un reparto homog\u00e9neo de las presiones.<br \/>\nAyuda a mantener la postura absorbiendo impactos.<br \/>\nProduce un continuo masaje viscoel\u00e1stico.<br \/>\nMantiene la temperatura.<br \/>\nEvita la sudoraci\u00f3n excesiva, la maceraci\u00f3n o la falta de circulaci\u00f3n. Impide la formaci\u00f3n de escaras.<\/p>\n<div class=\"tsf-campo-acf-titulo tsf-campo-acf-titulo-caracteristicas tsf_campo-acf tsf_caracteristicas\"><strong>Caracter\u00edsticas<\/strong><\/div>\n<div><\/div>\n<div class=\"tsf-campo-acf-valores tsf-campo-acf-valores-caracteristicas tsf_campo-acf tsf_caracteristicas\">Coj\u00edn antiescara con funda exterior lavable, antideslizante y con cierta resistencia al fuego.<br \/>\nFunda con asa para facilitar su manejo.<br \/>\nEstetico, confortable, resistente y fiable.<br \/>\nNo desliza sobre el asiento.<br \/>\nSe adapta con facilidad a las sillas de ruedas del mercado.<br \/>\nEnvasado en caja con asa para facilitar su transporte y almacenamiento. Perfil en herradura.<br \/>\nCompuesto de dos capas: una fabricada 100% de silicona s\u00f3lida y otra dise\u00f1ada con espuma viscoel\u00e1stica conformada que act\u00faa como base.<br \/>\nSu silicona permite la inmersion profunda y proteccion de los puntos criticos propiios de cada usuario (isquion, coxis, muslos&#8230;)<br \/>\nLa espuma viscoel\u00e1stica aporta una perfecta adaptabilidad del coj\u00edn a la ergononomia del usuario tantas veces como se requiera.<br \/>\nFunda exterior lavable, antideslizante, hidrofoba e ign\u00edfuga retardante de llama.<br \/>\nUso recomendable hasta 100Kg<br \/>\nLa silicona s\u00f3lida est\u00e1 recubierta de una fina pel\u00edcula protectora transparente de gran resistencia y elasticidad.<\/div>\n<div>Dimensiones 40 x 40 x 6 cm<\/div>\n","protected":false},"excerpt":{"rendered":"<p>Tratamiento y prevenci\u00f3n de escaras. Proporciona estabilidad. Consigue un reparto homog\u00e9neo de las presiones. Ayuda a mantener la postura absorbiendo impactos. Produce un continuo masaje viscoel\u00e1stico. Mantiene la temperatura. Evita la sudoraci\u00f3n excesiva, la maceraci\u00f3n o la falta de circulaci\u00f3n. Impide la formaci\u00f3n de escaras. Caracter\u00edsticas Coj\u00edn antiescara con funda exterior lavable, antideslizante y con [&hellip;]<\/p>\n","protected":false},"featured_media":1651,"comment_status":"open","ping_status":"closed","template":"","meta":{"saved_in_kubio":false},"product_brand":[],"product_cat":[66],"product_tag":[118],"class_list":{"0":"post-1650","1":"product","2":"type-product","3":"status-publish","4":"has-post-thumbnail","6":"product_cat-prevencion-de-ulceras","7":"product_tag-emo","9":"first","10":"instock","11":"shipping-taxable","12":"product-type-simple"},"_links":{"self":[{"href":"https:\/\/ortopediagot.net\/Inicio\/wp-json\/wp\/v2\/product\/1650"}],"collection":[{"href":"https:\/\/ortopediagot.net\/Inicio\/wp-json\/wp\/v2\/product"}],"about":[{"href":"https:\/\/ortopediagot.net\/Inicio\/wp-json\/wp\/v2\/types\/product"}],"replies":[{"embeddable":true,"href":"https:\/\/ortopediagot.net\/Inicio\/wp-json\/wp\/v2\/comments?post=1650"}],"wp:featuredmedia":[{"embeddable":true,"href":"https:\/\/ortopediagot.net\/Inicio\/wp-json\/wp\/v2\/media\/1651"}],"wp:attachment":[{"href":"https:\/\/ortopediagot.net\/Inicio\/wp-json\/wp\/v2\/media?parent=1650"}],"wp:term":[{"taxonomy":"product_brand","embeddable":true,"href":"https:\/\/ortopediagot.net\/Inicio\/wp-json\/wp\/v2\/product_brand?post=1650"},{"taxonomy":"product_cat","embeddable":true,"href":"https:\/\/ortopediagot.net\/Inicio\/wp-json\/wp\/v2\/product_cat?post=1650"},{"taxonomy":"product_tag","embeddable":true,"href":"https:\/\/ortopediagot.net\/Inicio\/wp-json\/wp\/v2\/product_tag?post=1650"}],"curies":[{"name":"wp","href":"https:\/\/api.w.org\/{rel}","templated":true}]}}