{"id":1675,"date":"2024-05-24T17:34:22","date_gmt":"2024-05-24T16:34:22","guid":{"rendered":"https:\/\/ortopediagot.net\/?post_type=product&#038;p=1675"},"modified":"2024-05-27T11:08:45","modified_gmt":"2024-05-27T10:08:45","slug":"fca140-funda-cojin-aire-graduable-cuadrado-40x40x6","status":"publish","type":"product","link":"https:\/\/ortopediagot.net\/Inicio\/producto\/fca140-funda-cojin-aire-graduable-cuadrado-40x40x6\/","title":{"rendered":"FCA140 FUNDA COJIN AIRE GRADUABLE CUADRADO 40X40X6"},"content":{"rendered":"<div class=\"tsf-campo-acf-titulo tsf-campo-acf-titulo-caracteristicas tsf_campo-acf tsf_caracteristicas\"><strong>Caracter\u00edsticas<\/strong><\/div>\n<div><\/div>\n<div class=\"tsf-campo-acf-valores tsf-campo-acf-valores-caracteristicas tsf_campo-acf tsf_caracteristicas\">Funda con cierta resistencia al fuego.<br \/>\nDispone de asa para facilitar el manejo del coj\u00edn.<br \/>\nNo desliza sobre el asiento.<br \/>\nResistente.<br \/>\nF\u00e1cil de limpiar. Funda ign\u00edfuga (tipo M1).<br \/>\nPosee un cierre en un lateral tipo velcro.<\/div>\n<div>Dimensiones 40 x 40 x 6 cm<\/div>\n","protected":false},"excerpt":{"rendered":"<p>Caracter\u00edsticas Funda con cierta resistencia al fuego. Dispone de asa para facilitar el manejo del coj\u00edn. No desliza sobre el asiento. Resistente. F\u00e1cil de limpiar. Funda ign\u00edfuga (tipo M1). Posee un cierre en un lateral tipo velcro. Dimensiones 40 x 40 x 6 cm<\/p>\n","protected":false},"featured_media":1676,"comment_status":"open","ping_status":"closed","template":"","meta":{"saved_in_kubio":false},"product_brand":[],"product_cat":[66],"product_tag":[118],"class_list":{"0":"post-1675","1":"product","2":"type-product","3":"status-publish","4":"has-post-thumbnail","6":"product_cat-prevencion-de-ulceras","7":"product_tag-emo","9":"first","10":"instock","11":"shipping-taxable","12":"product-type-simple"},"_links":{"self":[{"href":"https:\/\/ortopediagot.net\/Inicio\/wp-json\/wp\/v2\/product\/1675"}],"collection":[{"href":"https:\/\/ortopediagot.net\/Inicio\/wp-json\/wp\/v2\/product"}],"about":[{"href":"https:\/\/ortopediagot.net\/Inicio\/wp-json\/wp\/v2\/types\/product"}],"replies":[{"embeddable":true,"href":"https:\/\/ortopediagot.net\/Inicio\/wp-json\/wp\/v2\/comments?post=1675"}],"wp:featuredmedia":[{"embeddable":true,"href":"https:\/\/ortopediagot.net\/Inicio\/wp-json\/wp\/v2\/media\/1676"}],"wp:attachment":[{"href":"https:\/\/ortopediagot.net\/Inicio\/wp-json\/wp\/v2\/media?parent=1675"}],"wp:term":[{"taxonomy":"product_brand","embeddable":true,"href":"https:\/\/ortopediagot.net\/Inicio\/wp-json\/wp\/v2\/product_brand?post=1675"},{"taxonomy":"product_cat","embeddable":true,"href":"https:\/\/ortopediagot.net\/Inicio\/wp-json\/wp\/v2\/product_cat?post=1675"},{"taxonomy":"product_tag","embeddable":true,"href":"https:\/\/ortopediagot.net\/Inicio\/wp-json\/wp\/v2\/product_tag?post=1675"}],"curies":[{"name":"wp","href":"https:\/\/api.w.org\/{rel}","templated":true}]}}