{"id":1699,"date":"2024-05-24T18:03:05","date_gmt":"2024-05-24T17:03:05","guid":{"rendered":"https:\/\/ortopediagot.net\/?post_type=product&#038;p=1699"},"modified":"2024-05-24T18:03:05","modified_gmt":"2024-05-24T17:03:05","slug":"cbr345-cojin-prevencion-cuadrado-con-agujero-44x44","status":"publish","type":"product","link":"https:\/\/ortopediagot.net\/Inicio\/producto\/cbr345-cojin-prevencion-cuadrado-con-agujero-44x44\/","title":{"rendered":"CBR345 COJIN PREVENCION CUADRADO CON AGUJERO 44X44"},"content":{"rendered":"<p>Libera la zona de presi\u00f3n previniendo la aparici\u00f3n de \u00falceras por presi\u00f3n.<br \/>\nAntiescaras riesgo bajo-medio<br \/>\nAnti\u00e1lgico<\/p>\n<div class=\"tsf-campo-acf-titulo tsf-campo-acf-titulo-caracteristicas tsf_campo-acf tsf_caracteristicas\"><strong>Caracter\u00edsticas<\/strong><\/div>\n<div><\/div>\n<div class=\"tsf-campo-acf-valores tsf-campo-acf-valores-caracteristicas tsf_campo-acf tsf_caracteristicas\">Coj\u00edn de prevenci\u00f3n cuadrado con agujero central fabricado con interior de fibra hueca siliconada. Incorpora cintas para fijar sobre silla de ruedas u otros asientos.<br \/>\nRelleno de fibra hueca siliconada, extremadamente suave y transpirable.<br \/>\nSuperficie superior fabricada con suave tejido con pelo tipo borreguito.<br \/>\nSuperficie inferior antideslizante, transpirable, impermeable e ign\u00edfugo M1<br \/>\nIncorpora cintas para fijar el coj\u00edn sobre silla de ruedas u otros asientos.<br \/>\nDimensi\u00f3n 44&#215;44 cm.<br \/>\nPeso m\u00e1ximo: 90kg<\/div>\n","protected":false},"excerpt":{"rendered":"<p>Libera la zona de presi\u00f3n previniendo la aparici\u00f3n de \u00falceras por presi\u00f3n. Antiescaras riesgo bajo-medio Anti\u00e1lgico Caracter\u00edsticas Coj\u00edn de prevenci\u00f3n cuadrado con agujero central fabricado con interior de fibra hueca siliconada. Incorpora cintas para fijar sobre silla de ruedas u otros asientos. Relleno de fibra hueca siliconada, extremadamente suave y transpirable. Superficie superior fabricada con [&hellip;]<\/p>\n","protected":false},"featured_media":1700,"comment_status":"open","ping_status":"closed","template":"","meta":{"saved_in_kubio":false},"product_brand":[],"product_cat":[66],"product_tag":[118],"class_list":{"0":"post-1699","1":"product","2":"type-product","3":"status-publish","4":"has-post-thumbnail","6":"product_cat-prevencion-de-ulceras","7":"product_tag-emo","9":"first","10":"instock","11":"shipping-taxable","12":"product-type-simple"},"_links":{"self":[{"href":"https:\/\/ortopediagot.net\/Inicio\/wp-json\/wp\/v2\/product\/1699"}],"collection":[{"href":"https:\/\/ortopediagot.net\/Inicio\/wp-json\/wp\/v2\/product"}],"about":[{"href":"https:\/\/ortopediagot.net\/Inicio\/wp-json\/wp\/v2\/types\/product"}],"replies":[{"embeddable":true,"href":"https:\/\/ortopediagot.net\/Inicio\/wp-json\/wp\/v2\/comments?post=1699"}],"wp:featuredmedia":[{"embeddable":true,"href":"https:\/\/ortopediagot.net\/Inicio\/wp-json\/wp\/v2\/media\/1700"}],"wp:attachment":[{"href":"https:\/\/ortopediagot.net\/Inicio\/wp-json\/wp\/v2\/media?parent=1699"}],"wp:term":[{"taxonomy":"product_brand","embeddable":true,"href":"https:\/\/ortopediagot.net\/Inicio\/wp-json\/wp\/v2\/product_brand?post=1699"},{"taxonomy":"product_cat","embeddable":true,"href":"https:\/\/ortopediagot.net\/Inicio\/wp-json\/wp\/v2\/product_cat?post=1699"},{"taxonomy":"product_tag","embeddable":true,"href":"https:\/\/ortopediagot.net\/Inicio\/wp-json\/wp\/v2\/product_tag?post=1699"}],"curies":[{"name":"wp","href":"https:\/\/api.w.org\/{rel}","templated":true}]}}