{"id":1708,"date":"2024-05-24T18:07:33","date_gmt":"2024-05-24T17:07:33","guid":{"rendered":"https:\/\/ortopediagot.net\/?post_type=product&#038;p=1708"},"modified":"2024-05-24T18:07:34","modified_gmt":"2024-05-24T17:07:34","slug":"clp345-cojin-proteccion-cuadrado-con-agujero-central","status":"publish","type":"product","link":"https:\/\/ortopediagot.net\/Inicio\/producto\/clp345-cojin-proteccion-cuadrado-con-agujero-central\/","title":{"rendered":"CLP345 COJIN PROTECCION CUADRADO CON AGUJERO CENTRAL"},"content":{"rendered":"<p>Libera la zona de presi\u00f3n previniendo la aparici\u00f3n de \u00falceras por presi\u00f3n.<br \/>\nAntiescaras riesgo bajo-medio<br \/>\nAnti\u00e1lgico<\/p>\n<div class=\"tsf-campo-acf-titulo tsf-campo-acf-titulo-caracteristicas tsf_campo-acf tsf_caracteristicas\"><strong>Caracter\u00edsticas<\/strong><\/div>\n<div><\/div>\n<div class=\"tsf-campo-acf-valores tsf-campo-acf-valores-caracteristicas tsf_campo-acf tsf_caracteristicas\">Coj\u00edn de prevenci\u00f3n con forma cuadrada y agujero central.<br \/>\nRelleno de fibra hueca siliconada, extremadamente suave y transpirable.<br \/>\nFunda exterior fabricada con suave tejido de poliuretano transpirable e impermeable.<br \/>\nIncorpora cintas para fijar el coj\u00edn sobre silla de ruedas u otros asientos.<br \/>\nDimensi\u00f3n 44&#215;44 cm.<br \/>\nPeso m\u00e1ximo: 90 kg<\/div>\n","protected":false},"excerpt":{"rendered":"<p>Libera la zona de presi\u00f3n previniendo la aparici\u00f3n de \u00falceras por presi\u00f3n. Antiescaras riesgo bajo-medio Anti\u00e1lgico Caracter\u00edsticas Coj\u00edn de prevenci\u00f3n con forma cuadrada y agujero central. Relleno de fibra hueca siliconada, extremadamente suave y transpirable. Funda exterior fabricada con suave tejido de poliuretano transpirable e impermeable. Incorpora cintas para fijar el coj\u00edn sobre silla de [&hellip;]<\/p>\n","protected":false},"featured_media":1709,"comment_status":"open","ping_status":"closed","template":"","meta":{"saved_in_kubio":false},"product_brand":[],"product_cat":[66],"product_tag":[118],"class_list":{"0":"post-1708","1":"product","2":"type-product","3":"status-publish","4":"has-post-thumbnail","6":"product_cat-prevencion-de-ulceras","7":"product_tag-emo","9":"first","10":"instock","11":"shipping-taxable","12":"product-type-simple"},"_links":{"self":[{"href":"https:\/\/ortopediagot.net\/Inicio\/wp-json\/wp\/v2\/product\/1708"}],"collection":[{"href":"https:\/\/ortopediagot.net\/Inicio\/wp-json\/wp\/v2\/product"}],"about":[{"href":"https:\/\/ortopediagot.net\/Inicio\/wp-json\/wp\/v2\/types\/product"}],"replies":[{"embeddable":true,"href":"https:\/\/ortopediagot.net\/Inicio\/wp-json\/wp\/v2\/comments?post=1708"}],"wp:featuredmedia":[{"embeddable":true,"href":"https:\/\/ortopediagot.net\/Inicio\/wp-json\/wp\/v2\/media\/1709"}],"wp:attachment":[{"href":"https:\/\/ortopediagot.net\/Inicio\/wp-json\/wp\/v2\/media?parent=1708"}],"wp:term":[{"taxonomy":"product_brand","embeddable":true,"href":"https:\/\/ortopediagot.net\/Inicio\/wp-json\/wp\/v2\/product_brand?post=1708"},{"taxonomy":"product_cat","embeddable":true,"href":"https:\/\/ortopediagot.net\/Inicio\/wp-json\/wp\/v2\/product_cat?post=1708"},{"taxonomy":"product_tag","embeddable":true,"href":"https:\/\/ortopediagot.net\/Inicio\/wp-json\/wp\/v2\/product_tag?post=1708"}],"curies":[{"name":"wp","href":"https:\/\/api.w.org\/{rel}","templated":true}]}}