{"id":1712,"date":"2024-05-27T09:39:17","date_gmt":"2024-05-27T08:39:17","guid":{"rendered":"https:\/\/ortopediagot.net\/?post_type=product&#038;p=1712"},"modified":"2024-05-27T10:58:53","modified_gmt":"2024-05-27T09:58:53","slug":"m01-al-bota-preandante-separadora","status":"publish","type":"product","link":"https:\/\/ortopediagot.net\/Inicio\/producto\/m01-al-bota-preandante-separadora\/","title":{"rendered":"M01 AL BOTA PREANDANTE SEPARADORA"},"content":{"rendered":"<div>Para el tratamiento del pie zambo (equino-varo-supinado).<\/div>\n<div><\/div>\n<div class=\"tsf-campo-acf-titulo tsf-campo-acf-titulo-caracteristicas tsf_campo-acf tsf_caracteristicas\"><strong>Caracter\u00edsticas<\/strong><\/div>\n<div><\/div>\n<div class=\"tsf-campo-acf-valores tsf-campo-acf-valores-caracteristicas tsf_campo-acf tsf_caracteristicas\">Bota pre-andante sin puntera de horma curva con leng\u00fceta flotante. Con suela diamantina con f\u00e1cil conexi\u00f3n a FC100L y FC100LE. Con agujero en la zona de tal\u00f3n para una f\u00e1cil comprobaci\u00f3n de la buena colocaci\u00f3n del pie del ni\u00f1o. Acolchado para un mayor confort del paciente. Con cierre cord\u00f3n y hebilla para sujeci\u00f3n de la posici\u00f3n del pie.<\/div>\n<div class=\"tsf-campo-acf-valores tsf-campo-acf-valores-pa_colores tsf_campo-acf tsf_pa_colores\"><\/div>\n<div class=\"tsf-campo-acf-titulo tsf-campo-acf-titulo-pa_tallas tsf_campo-acf tsf_pa_tallas\"><strong><i>Tallas<\/i><\/strong><\/div>\n<div><\/div>\n<div class=\"tsf-campo-acf-valores tsf-campo-acf-valores-pa_tallas tsf_campo-acf tsf_pa_tallas\">N\u00ba13, N\u00ba14, N\u00ba15, N\u00ba16, N\u00ba17, N\u00ba18, N\u00ba19, N\u00ba20, N\u00ba21, N\u00ba22, N\u00ba23, N\u00ba24, N\u00ba28, N\u00ba29<\/div>\n<div><\/div>\n<div class=\"tsf-campo-acf-titulo tsf-campo-acf-titulo-indicaciones tsf_campo-acf tsf_indicaciones\">\n<div class=\"tsf-campo-acf-titulo tsf-campo-acf-titulo-pa_colores tsf_campo-acf tsf_pa_colores\"><strong><i>Color<\/i><\/strong><\/div>\n<div><\/div>\n<div class=\"tsf-campo-acf-valores tsf-campo-acf-valores-pa_colores tsf_campo-acf tsf_pa_colores\">BLANCO<\/div>\n<\/div>\n<div class=\"tsf-campo-acf-valores tsf-campo-acf-valores-indicaciones tsf_campo-acf tsf_indicaciones\"><\/div>\n","protected":false},"excerpt":{"rendered":"<p>Para el tratamiento del pie zambo (equino-varo-supinado). Caracter\u00edsticas Bota pre-andante sin puntera de horma curva con leng\u00fceta flotante. Con suela diamantina con f\u00e1cil conexi\u00f3n a FC100L y FC100LE. Con agujero en la zona de tal\u00f3n para una f\u00e1cil comprobaci\u00f3n de la buena colocaci\u00f3n del pie del ni\u00f1o. Acolchado para un mayor confort del paciente. Con [&hellip;]<\/p>\n","protected":false},"featured_media":1713,"comment_status":"open","ping_status":"closed","template":"","meta":{"saved_in_kubio":false},"product_brand":[],"product_cat":[105],"product_tag":[118],"class_list":{"0":"post-1712","1":"product","2":"type-product","3":"status-publish","4":"has-post-thumbnail","6":"product_cat-calzado-infantil-ortopedico","7":"product_tag-emo","9":"first","10":"instock","11":"shipping-taxable","12":"product-type-simple"},"_links":{"self":[{"href":"https:\/\/ortopediagot.net\/Inicio\/wp-json\/wp\/v2\/product\/1712"}],"collection":[{"href":"https:\/\/ortopediagot.net\/Inicio\/wp-json\/wp\/v2\/product"}],"about":[{"href":"https:\/\/ortopediagot.net\/Inicio\/wp-json\/wp\/v2\/types\/product"}],"replies":[{"embeddable":true,"href":"https:\/\/ortopediagot.net\/Inicio\/wp-json\/wp\/v2\/comments?post=1712"}],"wp:featuredmedia":[{"embeddable":true,"href":"https:\/\/ortopediagot.net\/Inicio\/wp-json\/wp\/v2\/media\/1713"}],"wp:attachment":[{"href":"https:\/\/ortopediagot.net\/Inicio\/wp-json\/wp\/v2\/media?parent=1712"}],"wp:term":[{"taxonomy":"product_brand","embeddable":true,"href":"https:\/\/ortopediagot.net\/Inicio\/wp-json\/wp\/v2\/product_brand?post=1712"},{"taxonomy":"product_cat","embeddable":true,"href":"https:\/\/ortopediagot.net\/Inicio\/wp-json\/wp\/v2\/product_cat?post=1712"},{"taxonomy":"product_tag","embeddable":true,"href":"https:\/\/ortopediagot.net\/Inicio\/wp-json\/wp\/v2\/product_tag?post=1712"}],"curies":[{"name":"wp","href":"https:\/\/api.w.org\/{rel}","templated":true}]}}