{"id":1717,"date":"2024-05-27T09:57:13","date_gmt":"2024-05-27T08:57:13","guid":{"rendered":"https:\/\/ortopediagot.net\/?post_type=product&#038;p=1717"},"modified":"2024-05-27T10:58:53","modified_gmt":"2024-05-27T09:58:53","slug":"m01-h-bota-preandante-horma-curva-con-hebilla","status":"publish","type":"product","link":"https:\/\/ortopediagot.net\/Inicio\/producto\/m01-h-bota-preandante-horma-curva-con-hebilla\/","title":{"rendered":"M01 H BOTA PREANDANTE HORMA CURVA CON HEBILLA"},"content":{"rendered":"<p>Para el tratamiento del pie zambo (equino-varo-supinado).<\/p>\n<div class=\"tsf-campo-acf-titulo tsf-campo-acf-titulo-caracteristicas tsf_campo-acf tsf_caracteristicas\"><strong>Caracter\u00edsticas<\/strong><\/div>\n<div><\/div>\n<div class=\"tsf-campo-acf-valores tsf-campo-acf-valores-caracteristicas tsf_campo-acf tsf_caracteristicas\">Bota pre-andante sin puntera de horma curva con suela de cuero, cu\u00f1a antideslizante y leng\u00fceta flotante. Con cierre cord\u00f3n y hebilla para sujeci\u00f3n de la posici\u00f3n del pie.<\/div>\n<div>\n<div><\/div>\n<div class=\"tsf-campo-acf-titulo tsf-campo-acf-titulo-pa_tallas tsf_campo-acf tsf_pa_tallas\"><strong>Tallas<\/strong><\/div>\n<div><\/div>\n<div class=\"tsf-campo-acf-valores tsf-campo-acf-valores-pa_tallas tsf_campo-acf tsf_pa_tallas\">N\u00ba12, N\u00ba13, N\u00ba14, N\u00ba15, N\u00ba16, N\u00ba17, N\u00ba18, N\u00ba19, N\u00ba20, N\u00ba21, N\u00ba22, N\u00ba23, N\u00ba27, N\u00ba39<\/div>\n<\/div>\n<div><\/div>\n<div>\n<div class=\"tsf-campo-acf-titulo tsf-campo-acf-titulo-pa_colores tsf_campo-acf tsf_pa_colores\"><strong>Color<\/strong><\/div>\n<div><\/div>\n<div class=\"tsf-campo-acf-valores tsf-campo-acf-valores-pa_colores tsf_campo-acf tsf_pa_colores\">BLANCO<\/div>\n<\/div>\n<div>\n<div><\/div>\n<\/div>\n","protected":false},"excerpt":{"rendered":"<p>Para el tratamiento del pie zambo (equino-varo-supinado). Caracter\u00edsticas Bota pre-andante sin puntera de horma curva con suela de cuero, cu\u00f1a antideslizante y leng\u00fceta flotante. Con cierre cord\u00f3n y hebilla para sujeci\u00f3n de la posici\u00f3n del pie. Tallas N\u00ba12, N\u00ba13, N\u00ba14, N\u00ba15, N\u00ba16, N\u00ba17, N\u00ba18, N\u00ba19, N\u00ba20, N\u00ba21, N\u00ba22, N\u00ba23, N\u00ba27, N\u00ba39 Color BLANCO<\/p>\n","protected":false},"featured_media":1718,"comment_status":"open","ping_status":"closed","template":"","meta":{"saved_in_kubio":false},"product_brand":[],"product_cat":[105],"product_tag":[118],"class_list":{"0":"post-1717","1":"product","2":"type-product","3":"status-publish","4":"has-post-thumbnail","6":"product_cat-calzado-infantil-ortopedico","7":"product_tag-emo","9":"first","10":"instock","11":"shipping-taxable","12":"product-type-simple"},"_links":{"self":[{"href":"https:\/\/ortopediagot.net\/Inicio\/wp-json\/wp\/v2\/product\/1717"}],"collection":[{"href":"https:\/\/ortopediagot.net\/Inicio\/wp-json\/wp\/v2\/product"}],"about":[{"href":"https:\/\/ortopediagot.net\/Inicio\/wp-json\/wp\/v2\/types\/product"}],"replies":[{"embeddable":true,"href":"https:\/\/ortopediagot.net\/Inicio\/wp-json\/wp\/v2\/comments?post=1717"}],"wp:featuredmedia":[{"embeddable":true,"href":"https:\/\/ortopediagot.net\/Inicio\/wp-json\/wp\/v2\/media\/1718"}],"wp:attachment":[{"href":"https:\/\/ortopediagot.net\/Inicio\/wp-json\/wp\/v2\/media?parent=1717"}],"wp:term":[{"taxonomy":"product_brand","embeddable":true,"href":"https:\/\/ortopediagot.net\/Inicio\/wp-json\/wp\/v2\/product_brand?post=1717"},{"taxonomy":"product_cat","embeddable":true,"href":"https:\/\/ortopediagot.net\/Inicio\/wp-json\/wp\/v2\/product_cat?post=1717"},{"taxonomy":"product_tag","embeddable":true,"href":"https:\/\/ortopediagot.net\/Inicio\/wp-json\/wp\/v2\/product_tag?post=1717"}],"curies":[{"name":"wp","href":"https:\/\/api.w.org\/{rel}","templated":true}]}}