{"id":1726,"date":"2024-05-27T10:05:09","date_gmt":"2024-05-27T09:05:09","guid":{"rendered":"https:\/\/ortopediagot.net\/?post_type=product&#038;p=1726"},"modified":"2024-05-27T10:57:54","modified_gmt":"2024-05-27T09:57:54","slug":"m12v-bota-tipo-boxer-velcro","status":"publish","type":"product","link":"https:\/\/ortopediagot.net\/Inicio\/producto\/m12v-bota-tipo-boxer-velcro\/","title":{"rendered":"M12V BOTA TIPO BOXER VELCRO"},"content":{"rendered":"<p>Para adaptaci\u00f3n en ortesis. Cierre velcro para aquellos que tengan dificultad manual.<\/p>\n<div class=\"tsf-campo-acf-titulo tsf-campo-acf-titulo-caracteristicas tsf_campo-acf tsf_caracteristicas\"><strong>Caracter\u00edsticas<\/strong><\/div>\n<div><\/div>\n<div class=\"tsf-campo-acf-valores tsf-campo-acf-valores-caracteristicas tsf_campo-acf tsf_caracteristicas\">Calzado corrector de gran apertura con suela de cuero, contrafuerte ortop\u00e9dico para un mejor control del retropi\u00e9. Cierre velcro.<\/div>\n<div class=\"tsf-campo-acf-valores tsf-campo-acf-valores-pa_colores tsf_campo-acf tsf_pa_colores\"><\/div>\n<div class=\"tsf-campo-acf-titulo tsf-campo-acf-titulo-pa_tallas tsf_campo-acf tsf_pa_tallas\"><b><i>Tallas<\/i><\/b><\/div>\n<div><\/div>\n<div class=\"tsf-campo-acf-valores tsf-campo-acf-valores-pa_tallas tsf_campo-acf tsf_pa_tallas\">N\u00ba19, N\u00ba20, N\u00ba21, N\u00ba22, N\u00ba23, N\u00ba24, N\u00ba25, N\u00ba26, N\u00ba27, N\u00ba28, N\u00ba29, N\u00ba30, N\u00ba31, N\u00ba32, N\u00ba33, N\u00ba34, N\u00ba35, N\u00ba36, N\u00ba37, N\u00ba38, N\u00ba39, N\u00ba40, N\u00ba41, N\u00ba42, N\u00ba43, N\u00ba44, N\u00ba45, N\u00ba46<\/div>\n<div><\/div>\n<div>\n<div class=\"tsf-campo-acf-titulo tsf-campo-acf-titulo-pa_colores tsf_campo-acf tsf_pa_colores\"><b><i>Colores<\/i><\/b><\/div>\n<div><\/div>\n<div class=\"tsf-campo-acf-valores tsf-campo-acf-valores-pa_colores tsf_campo-acf tsf_pa_colores\">NEGRO<\/div>\n<\/div>\n","protected":false},"excerpt":{"rendered":"<p>Para adaptaci\u00f3n en ortesis. Cierre velcro para aquellos que tengan dificultad manual. Caracter\u00edsticas Calzado corrector de gran apertura con suela de cuero, contrafuerte ortop\u00e9dico para un mejor control del retropi\u00e9. Cierre velcro. Tallas N\u00ba19, N\u00ba20, N\u00ba21, N\u00ba22, N\u00ba23, N\u00ba24, N\u00ba25, N\u00ba26, N\u00ba27, N\u00ba28, N\u00ba29, N\u00ba30, N\u00ba31, N\u00ba32, N\u00ba33, N\u00ba34, N\u00ba35, N\u00ba36, N\u00ba37, N\u00ba38, N\u00ba39, N\u00ba40, [&hellip;]<\/p>\n","protected":false},"featured_media":1727,"comment_status":"open","ping_status":"closed","template":"","meta":{"saved_in_kubio":false},"product_brand":[],"product_cat":[105],"product_tag":[118],"class_list":{"0":"post-1726","1":"product","2":"type-product","3":"status-publish","4":"has-post-thumbnail","6":"product_cat-calzado-infantil-ortopedico","7":"product_tag-emo","9":"first","10":"instock","11":"shipping-taxable","12":"product-type-simple"},"_links":{"self":[{"href":"https:\/\/ortopediagot.net\/Inicio\/wp-json\/wp\/v2\/product\/1726"}],"collection":[{"href":"https:\/\/ortopediagot.net\/Inicio\/wp-json\/wp\/v2\/product"}],"about":[{"href":"https:\/\/ortopediagot.net\/Inicio\/wp-json\/wp\/v2\/types\/product"}],"replies":[{"embeddable":true,"href":"https:\/\/ortopediagot.net\/Inicio\/wp-json\/wp\/v2\/comments?post=1726"}],"wp:featuredmedia":[{"embeddable":true,"href":"https:\/\/ortopediagot.net\/Inicio\/wp-json\/wp\/v2\/media\/1727"}],"wp:attachment":[{"href":"https:\/\/ortopediagot.net\/Inicio\/wp-json\/wp\/v2\/media?parent=1726"}],"wp:term":[{"taxonomy":"product_brand","embeddable":true,"href":"https:\/\/ortopediagot.net\/Inicio\/wp-json\/wp\/v2\/product_brand?post=1726"},{"taxonomy":"product_cat","embeddable":true,"href":"https:\/\/ortopediagot.net\/Inicio\/wp-json\/wp\/v2\/product_cat?post=1726"},{"taxonomy":"product_tag","embeddable":true,"href":"https:\/\/ortopediagot.net\/Inicio\/wp-json\/wp\/v2\/product_tag?post=1726"}],"curies":[{"name":"wp","href":"https:\/\/api.w.org\/{rel}","templated":true}]}}