{"id":1729,"date":"2024-05-27T10:10:03","date_gmt":"2024-05-27T09:10:03","guid":{"rendered":"https:\/\/ortopediagot.net\/?post_type=product&#038;p=1729"},"modified":"2024-05-27T10:56:50","modified_gmt":"2024-05-27T09:56:50","slug":"m800-bota-ortesis-dafo","status":"publish","type":"product","link":"https:\/\/ortopediagot.net\/Inicio\/producto\/m800-bota-ortesis-dafo\/","title":{"rendered":"M800 BOTA ORTESIS DAFO"},"content":{"rendered":"<p>Calzado para pacientes que necesitan una ortesis tipo DAFO.<\/p>\n<div class=\"tsf-campo-acf-titulo tsf-campo-acf-titulo-caracteristicas tsf_campo-acf tsf_caracteristicas\"><strong>Caracter\u00edsticas\u00a0<\/strong><\/div>\n<div><\/div>\n<div class=\"tsf-campo-acf-valores tsf-campo-acf-valores-caracteristicas tsf_campo-acf tsf_caracteristicas\">El calzado Areli ortesis est\u00e1 especialmente dise\u00f1ado para alojar ortesis tipo DAFO debido a su horma.<br \/>\nFabricado con un contrafuerte estabilizador de retropi\u00e9.<br \/>\nCon piso EVA con despeque de puntera para facilitar la deambulaci\u00f3n del paciente.<br \/>\nCalzado de gran apertura para facilitar la colocaci\u00f3n.<\/div>\n<div class=\"tsf-campo-acf-valores tsf-campo-acf-valores-pa_colores tsf_campo-acf tsf_pa_colores\"><\/div>\n<div class=\"tsf-campo-acf-titulo tsf-campo-acf-titulo-pa_tallas tsf_campo-acf tsf_pa_tallas\"><b><i>Tallas<\/i><\/b><\/div>\n<div><\/div>\n<div class=\"tsf-campo-acf-valores tsf-campo-acf-valores-pa_tallas tsf_campo-acf tsf_pa_tallas\">N\u00ba20, N\u00ba21, N\u00ba22, N\u00ba23, N\u00ba24, N\u00ba25, N\u00ba26, N\u00ba27, N\u00ba28, N\u00ba29, N\u00ba30, N\u00ba31, N\u00ba32, N\u00ba33, N\u00ba34, N\u00ba35, N\u00ba36, N\u00ba37, N\u00ba38, N\u00ba39, N\u00ba40, N\u00ba41, N\u00ba42, N\u00ba43, N\u00ba44<\/div>\n<div><\/div>\n<div>\n<div class=\"tsf-campo-acf-titulo tsf-campo-acf-titulo-pa_colores tsf_campo-acf tsf_pa_colores\"><b><i>Color<\/i><\/b><\/div>\n<div><\/div>\n<div class=\"tsf-campo-acf-valores tsf-campo-acf-valores-pa_colores tsf_campo-acf tsf_pa_colores\">AZUL, MARRON, PANAMA CUERO<\/div>\n<\/div>\n","protected":false},"excerpt":{"rendered":"<p>Calzado para pacientes que necesitan una ortesis tipo DAFO. Caracter\u00edsticas\u00a0 El calzado Areli ortesis est\u00e1 especialmente dise\u00f1ado para alojar ortesis tipo DAFO debido a su horma. Fabricado con un contrafuerte estabilizador de retropi\u00e9. Con piso EVA con despeque de puntera para facilitar la deambulaci\u00f3n del paciente. Calzado de gran apertura para facilitar la colocaci\u00f3n. Tallas [&hellip;]<\/p>\n","protected":false},"featured_media":1734,"comment_status":"open","ping_status":"closed","template":"","meta":{"saved_in_kubio":false},"product_brand":[],"product_cat":[105],"product_tag":[118],"class_list":{"0":"post-1729","1":"product","2":"type-product","3":"status-publish","4":"has-post-thumbnail","6":"product_cat-calzado-infantil-ortopedico","7":"product_tag-emo","9":"first","10":"instock","11":"shipping-taxable","12":"product-type-simple"},"_links":{"self":[{"href":"https:\/\/ortopediagot.net\/Inicio\/wp-json\/wp\/v2\/product\/1729"}],"collection":[{"href":"https:\/\/ortopediagot.net\/Inicio\/wp-json\/wp\/v2\/product"}],"about":[{"href":"https:\/\/ortopediagot.net\/Inicio\/wp-json\/wp\/v2\/types\/product"}],"replies":[{"embeddable":true,"href":"https:\/\/ortopediagot.net\/Inicio\/wp-json\/wp\/v2\/comments?post=1729"}],"wp:featuredmedia":[{"embeddable":true,"href":"https:\/\/ortopediagot.net\/Inicio\/wp-json\/wp\/v2\/media\/1734"}],"wp:attachment":[{"href":"https:\/\/ortopediagot.net\/Inicio\/wp-json\/wp\/v2\/media?parent=1729"}],"wp:term":[{"taxonomy":"product_brand","embeddable":true,"href":"https:\/\/ortopediagot.net\/Inicio\/wp-json\/wp\/v2\/product_brand?post=1729"},{"taxonomy":"product_cat","embeddable":true,"href":"https:\/\/ortopediagot.net\/Inicio\/wp-json\/wp\/v2\/product_cat?post=1729"},{"taxonomy":"product_tag","embeddable":true,"href":"https:\/\/ortopediagot.net\/Inicio\/wp-json\/wp\/v2\/product_tag?post=1729"}],"curies":[{"name":"wp","href":"https:\/\/api.w.org\/{rel}","templated":true}]}}