{"id":1745,"date":"2024-05-27T10:23:48","date_gmt":"2024-05-27T09:23:48","guid":{"rendered":"https:\/\/ortopediagot.net\/?post_type=product&#038;p=1745"},"modified":"2024-05-27T10:55:24","modified_gmt":"2024-05-27T09:55:24","slug":"m831v-deportiva-ortesis-velcro","status":"publish","type":"product","link":"https:\/\/ortopediagot.net\/Inicio\/producto\/m831v-deportiva-ortesis-velcro\/","title":{"rendered":"M831V DEPORTIVA ORTESIS VELCRO"},"content":{"rendered":"<p>Pie equino o ca\u00eddo.<br \/>\nInestabilidad del tobillo<br \/>\nMarcha de puntillas<br \/>\nFlexi\u00f3n plantar excesiva<\/p>\n<div class=\"tsf-campo-acf-titulo tsf-campo-acf-titulo-caracteristicas tsf_campo-acf tsf_caracteristicas\"><strong>Caracter\u00edsticas<\/strong><\/div>\n<div><\/div>\n<div class=\"tsf-campo-acf-valores tsf-campo-acf-valores-caracteristicas tsf_campo-acf tsf_caracteristicas\">El calzado Areli ortesis est\u00e1 dise\u00f1ado con un ancho especial de gran capacidad para alojar ortesis tipo DAFO.<br \/>\nDise\u00f1o tipo deportiva.<br \/>\nFabricado con un contrafuerte estabilizador de retropi\u00e9.<br \/>\nPiso con salida anterior y posterior para facilitar la deambulaci\u00f3n.<br \/>\nPiso de material microporoso con base de goma antideslizamiento.<br \/>\nCierre y ajuste mediante cierre tipo velcro<\/div>\n<div class=\"tsf-campo-acf-valores tsf-campo-acf-valores-pa_colores tsf_campo-acf tsf_pa_colores\"><\/div>\n<div class=\"tsf-campo-acf-titulo tsf-campo-acf-titulo-pa_tallas tsf_campo-acf tsf_pa_tallas\"><b><i>Tallas<\/i><\/b><\/div>\n<div><\/div>\n<div class=\"tsf-campo-acf-valores tsf-campo-acf-valores-pa_tallas tsf_campo-acf tsf_pa_tallas\">N\u00ba20, N\u00ba21, N\u00ba22, N\u00ba23, N\u00ba24, N\u00ba25, N\u00ba26, N\u00ba27, N\u00ba28, N\u00ba29, N\u00ba30, N\u00ba31, N\u00ba32, N\u00ba33<\/div>\n<div><\/div>\n<div>\n<div class=\"tsf-campo-acf-titulo tsf-campo-acf-titulo-pa_colores tsf_campo-acf tsf_pa_colores\"><b><i>Color<\/i><\/b><\/div>\n<div><\/div>\n<div class=\"tsf-campo-acf-valores tsf-campo-acf-valores-pa_colores tsf_campo-acf tsf_pa_colores\">MARINO, PLATA, ROJO, ROSA<\/div>\n<\/div>\n","protected":false},"excerpt":{"rendered":"<p>Pie equino o ca\u00eddo. Inestabilidad del tobillo Marcha de puntillas Flexi\u00f3n plantar excesiva Caracter\u00edsticas El calzado Areli ortesis est\u00e1 dise\u00f1ado con un ancho especial de gran capacidad para alojar ortesis tipo DAFO. Dise\u00f1o tipo deportiva. Fabricado con un contrafuerte estabilizador de retropi\u00e9. Piso con salida anterior y posterior para facilitar la deambulaci\u00f3n. Piso de material [&hellip;]<\/p>\n","protected":false},"featured_media":1746,"comment_status":"open","ping_status":"closed","template":"","meta":{"saved_in_kubio":false},"product_brand":[],"product_cat":[105],"product_tag":[118],"class_list":{"0":"post-1745","1":"product","2":"type-product","3":"status-publish","4":"has-post-thumbnail","6":"product_cat-calzado-infantil-ortopedico","7":"product_tag-emo","9":"first","10":"instock","11":"shipping-taxable","12":"product-type-simple"},"_links":{"self":[{"href":"https:\/\/ortopediagot.net\/Inicio\/wp-json\/wp\/v2\/product\/1745"}],"collection":[{"href":"https:\/\/ortopediagot.net\/Inicio\/wp-json\/wp\/v2\/product"}],"about":[{"href":"https:\/\/ortopediagot.net\/Inicio\/wp-json\/wp\/v2\/types\/product"}],"replies":[{"embeddable":true,"href":"https:\/\/ortopediagot.net\/Inicio\/wp-json\/wp\/v2\/comments?post=1745"}],"wp:featuredmedia":[{"embeddable":true,"href":"https:\/\/ortopediagot.net\/Inicio\/wp-json\/wp\/v2\/media\/1746"}],"wp:attachment":[{"href":"https:\/\/ortopediagot.net\/Inicio\/wp-json\/wp\/v2\/media?parent=1745"}],"wp:term":[{"taxonomy":"product_brand","embeddable":true,"href":"https:\/\/ortopediagot.net\/Inicio\/wp-json\/wp\/v2\/product_brand?post=1745"},{"taxonomy":"product_cat","embeddable":true,"href":"https:\/\/ortopediagot.net\/Inicio\/wp-json\/wp\/v2\/product_cat?post=1745"},{"taxonomy":"product_tag","embeddable":true,"href":"https:\/\/ortopediagot.net\/Inicio\/wp-json\/wp\/v2\/product_tag?post=1745"}],"curies":[{"name":"wp","href":"https:\/\/api.w.org\/{rel}","templated":true}]}}