{"id":1815,"date":"2024-05-27T11:30:50","date_gmt":"2024-05-27T10:30:50","guid":{"rendered":"https:\/\/ortopediagot.net\/?post_type=product&#038;p=1815"},"modified":"2024-05-27T11:33:18","modified_gmt":"2024-05-27T10:33:18","slug":"alm250-lifecare-almohada-viscoelastica","status":"publish","type":"product","link":"https:\/\/ortopediagot.net\/Inicio\/producto\/alm250-lifecare-almohada-viscoelastica\/","title":{"rendered":"ALM250 LIFECARE ALMOHADA VISCOEL\u00c1STICA"},"content":{"rendered":"<p>Soporte para m\u00fasculos de cuello y hombros.<br \/>\nSe adpata a la curva cervical.<br \/>\nMejora la calidad del descanso.<br \/>\nAlivia del estr\u00e9s y facilita el sue\u00f1o.<\/p>\n<div class=\"tsf-campo-acf-titulo tsf-campo-acf-titulo-caracteristicas tsf_campo-acf tsf_caracteristicas\"><strong>Caracter\u00edsticas<\/strong><\/div>\n<div><\/div>\n<div class=\"tsf-campo-acf-valores tsf-campo-acf-valores-caracteristicas tsf_campo-acf tsf_caracteristicas\">Almohada t\u00e9cnica: disminuye presiones sobre las ra\u00edces nerviosas a nivel cervical.<br \/>\nErgon\u00f3mica y confortable.<br \/>\nN\u00facleo viscoel\u00e1stico conformado: se adapta a su cuerpo.<br \/>\nFunda agradable al tacto.<br \/>\nFunda transpirable y lavable.<br \/>\nFunda con apertura y cierre r\u00e1pido tipo velcro.<br \/>\nCon estuche de cremallera y asa.<br \/>\nF\u00e1cil de transportar y almacenar.<br \/>\nAlmohada individual para todo tipo de camas.<br \/>\nOptimiza la distribuci\u00f3n de presiones.<\/div>\n<div><\/div>\n<div class=\"tsf-campo-acf-titulo tsf-campo-acf-titulo-altura tsf_campo-acf tsf_altura\"><b><i>Altura<\/i><\/b><\/div>\n<div><\/div>\n<div class=\"tsf-campo-acf-valores tsf-campo-acf-valores-altura tsf_campo-acf tsf_altura\">DESDE 7 HASTA 9 CM<\/div>\n","protected":false},"excerpt":{"rendered":"<p>Soporte para m\u00fasculos de cuello y hombros. Se adpata a la curva cervical. Mejora la calidad del descanso. Alivia del estr\u00e9s y facilita el sue\u00f1o. Caracter\u00edsticas Almohada t\u00e9cnica: disminuye presiones sobre las ra\u00edces nerviosas a nivel cervical. Ergon\u00f3mica y confortable. N\u00facleo viscoel\u00e1stico conformado: se adapta a su cuerpo. Funda agradable al tacto. Funda transpirable y [&hellip;]<\/p>\n","protected":false},"featured_media":1816,"comment_status":"open","ping_status":"closed","template":"","meta":{"saved_in_kubio":false},"product_brand":[],"product_cat":[92],"product_tag":[118],"class_list":{"0":"post-1815","1":"product","2":"type-product","3":"status-publish","4":"has-post-thumbnail","6":"product_cat-tronco-y-cabeza","7":"product_tag-emo","9":"first","10":"instock","11":"shipping-taxable","12":"product-type-simple"},"_links":{"self":[{"href":"https:\/\/ortopediagot.net\/Inicio\/wp-json\/wp\/v2\/product\/1815"}],"collection":[{"href":"https:\/\/ortopediagot.net\/Inicio\/wp-json\/wp\/v2\/product"}],"about":[{"href":"https:\/\/ortopediagot.net\/Inicio\/wp-json\/wp\/v2\/types\/product"}],"replies":[{"embeddable":true,"href":"https:\/\/ortopediagot.net\/Inicio\/wp-json\/wp\/v2\/comments?post=1815"}],"wp:featuredmedia":[{"embeddable":true,"href":"https:\/\/ortopediagot.net\/Inicio\/wp-json\/wp\/v2\/media\/1816"}],"wp:attachment":[{"href":"https:\/\/ortopediagot.net\/Inicio\/wp-json\/wp\/v2\/media?parent=1815"}],"wp:term":[{"taxonomy":"product_brand","embeddable":true,"href":"https:\/\/ortopediagot.net\/Inicio\/wp-json\/wp\/v2\/product_brand?post=1815"},{"taxonomy":"product_cat","embeddable":true,"href":"https:\/\/ortopediagot.net\/Inicio\/wp-json\/wp\/v2\/product_cat?post=1815"},{"taxonomy":"product_tag","embeddable":true,"href":"https:\/\/ortopediagot.net\/Inicio\/wp-json\/wp\/v2\/product_tag?post=1815"}],"curies":[{"name":"wp","href":"https:\/\/api.w.org\/{rel}","templated":true}]}}