{"id":1823,"date":"2024-05-27T11:44:39","date_gmt":"2024-05-27T10:44:39","guid":{"rendered":"https:\/\/ortopediagot.net\/?post_type=product&#038;p=1823"},"modified":"2024-05-27T11:44:39","modified_gmt":"2024-05-27T10:44:39","slug":"cco20-collarin-cervical-semiduro","status":"publish","type":"product","link":"https:\/\/ortopediagot.net\/Inicio\/producto\/cco20-collarin-cervical-semiduro\/","title":{"rendered":"CCO20 COLLAR\u00cdN CERVICAL SEMIDURO"},"content":{"rendered":"<p>Procesos reum\u00e1ticos<br \/>\nCervicobraquialgias<br \/>\nTraumatismos en partes blandas<br \/>\nTraumatismos<br \/>\nProtecci\u00f3n post-operatoria<\/p>\n<div class=\"tsf-campo-acf-titulo tsf-campo-acf-titulo-caracteristicas tsf_campo-acf tsf_caracteristicas\"><strong>Caracter\u00edsticas<\/strong><\/div>\n<div><\/div>\n<div class=\"tsf-campo-acf-valores tsf-campo-acf-valores-caracteristicas tsf_campo-acf tsf_caracteristicas\">Almohadillado semiduro fabricado con espuma de poliuretano.<br \/>\nDise\u00f1ado para adaptarse f\u00e1cilmente a la morfolog\u00eda del paciente<br \/>\nAjuste y colocaci\u00f3n mediante velcro<\/div>\n<div><\/div>\n<div class=\"tsf-campo-acf-titulo tsf-campo-acf-titulo-pa_tallas tsf_campo-acf tsf_pa_tallas\"><b><i>Tallas<\/i><\/b><\/div>\n<div><\/div>\n<div class=\"tsf-campo-acf-valores tsf-campo-acf-valores-pa_tallas tsf_campo-acf tsf_pa_tallas\">S, M, L<\/div>\n<div class=\"tsf-campo-acf-valores tsf-campo-acf-valores-tallas_medidas tsf_campo-acf tsf_pa_tallas_medidas\">PER\u00cdMETRO DEL CUELLO EN CM.<br \/>\nS (38 CM), M (43 CM), L(48 CM).<\/div>\n","protected":false},"excerpt":{"rendered":"<p>Procesos reum\u00e1ticos Cervicobraquialgias Traumatismos en partes blandas Traumatismos Protecci\u00f3n post-operatoria Caracter\u00edsticas Almohadillado semiduro fabricado con espuma de poliuretano. Dise\u00f1ado para adaptarse f\u00e1cilmente a la morfolog\u00eda del paciente Ajuste y colocaci\u00f3n mediante velcro Tallas S, M, L PER\u00cdMETRO DEL CUELLO EN CM. S (38 CM), M (43 CM), L(48 CM).<\/p>\n","protected":false},"featured_media":1824,"comment_status":"open","ping_status":"closed","template":"","meta":{"saved_in_kubio":false},"product_brand":[],"product_cat":[92],"product_tag":[118],"class_list":{"0":"post-1823","1":"product","2":"type-product","3":"status-publish","4":"has-post-thumbnail","6":"product_cat-tronco-y-cabeza","7":"product_tag-emo","9":"first","10":"instock","11":"shipping-taxable","12":"product-type-simple"},"_links":{"self":[{"href":"https:\/\/ortopediagot.net\/Inicio\/wp-json\/wp\/v2\/product\/1823"}],"collection":[{"href":"https:\/\/ortopediagot.net\/Inicio\/wp-json\/wp\/v2\/product"}],"about":[{"href":"https:\/\/ortopediagot.net\/Inicio\/wp-json\/wp\/v2\/types\/product"}],"replies":[{"embeddable":true,"href":"https:\/\/ortopediagot.net\/Inicio\/wp-json\/wp\/v2\/comments?post=1823"}],"wp:featuredmedia":[{"embeddable":true,"href":"https:\/\/ortopediagot.net\/Inicio\/wp-json\/wp\/v2\/media\/1824"}],"wp:attachment":[{"href":"https:\/\/ortopediagot.net\/Inicio\/wp-json\/wp\/v2\/media?parent=1823"}],"wp:term":[{"taxonomy":"product_brand","embeddable":true,"href":"https:\/\/ortopediagot.net\/Inicio\/wp-json\/wp\/v2\/product_brand?post=1823"},{"taxonomy":"product_cat","embeddable":true,"href":"https:\/\/ortopediagot.net\/Inicio\/wp-json\/wp\/v2\/product_cat?post=1823"},{"taxonomy":"product_tag","embeddable":true,"href":"https:\/\/ortopediagot.net\/Inicio\/wp-json\/wp\/v2\/product_tag?post=1823"}],"curies":[{"name":"wp","href":"https:\/\/api.w.org\/{rel}","templated":true}]}}