{"id":1826,"date":"2024-05-27T11:46:45","date_gmt":"2024-05-27T10:46:45","guid":{"rendered":"https:\/\/ortopediagot.net\/?post_type=product&#038;p=1826"},"modified":"2024-05-27T11:46:46","modified_gmt":"2024-05-27T10:46:46","slug":"cdp54-casco-de-proteccion","status":"publish","type":"product","link":"https:\/\/ortopediagot.net\/Inicio\/producto\/cdp54-casco-de-proteccion\/","title":{"rendered":"CDP54 CASCO DE PROTECCION"},"content":{"rendered":"<p>Par\u00e1lisis cerebral<br \/>\nEn los casos en los que el paciente tiene riesgo de sufrir contusiones craneales<br \/>\nEspasticidad<br \/>\nPersonas con epilepsia<br \/>\nRiesgo elevado de ca\u00edda en personas mayores con enfermedades degenerativas<\/p>\n<div class=\"tsf-campo-acf-titulo tsf-campo-acf-titulo-caracteristicas tsf_campo-acf tsf_caracteristicas\"><strong>Caracter\u00edsticas<\/strong><\/div>\n<div><\/div>\n<div class=\"tsf-campo-acf-valores tsf-campo-acf-valores-caracteristicas tsf_campo-acf tsf_caracteristicas\">Casco de protecci\u00f3n craneal acolchado fabricado con material transpirable tricapa.<br \/>\nApertura posterior para regular el ajuste craneal mediante velcro<br \/>\nAjuste mentoniano mediante dos pasadores laterales<br \/>\nIncorpora mentonera<br \/>\nApto para su uso en exteriores e interiores.<\/div>\n<div class=\"tsf-campo-acf-valores tsf-campo-acf-valores-pa_colores tsf_campo-acf tsf_pa_colores\"><\/div>\n<div class=\"tsf-campo-acf-titulo tsf-campo-acf-titulo-pa_tallas tsf_campo-acf tsf_pa_tallas\"><b><i>Tallas<\/i><\/b><\/div>\n<div><\/div>\n<div class=\"tsf-campo-acf-valores tsf-campo-acf-valores-pa_tallas tsf_campo-acf tsf_pa_tallas\">S, M, L<\/div>\n<div class=\"tsf-campo-acf-valores tsf-campo-acf-valores-tallas_medidas tsf_campo-acf tsf_pa_tallas_medidas\">PERIMETRO CRANEAL<br \/>\nS (44-50CM), M (50-54CM), L (54-60CM)<\/div>\n<div><\/div>\n<div>\n<div class=\"tsf-campo-acf-titulo tsf-campo-acf-titulo-pa_colores tsf_campo-acf tsf_pa_colores\"><strong><i class=\"material-icons\">Color<\/i><\/strong><\/div>\n<div><\/div>\n<div class=\"tsf-campo-acf-valores tsf-campo-acf-valores-pa_colores tsf_campo-acf tsf_pa_colores\">NEGRO<\/div>\n<\/div>\n","protected":false},"excerpt":{"rendered":"<p>Par\u00e1lisis cerebral En los casos en los que el paciente tiene riesgo de sufrir contusiones craneales Espasticidad Personas con epilepsia Riesgo elevado de ca\u00edda en personas mayores con enfermedades degenerativas Caracter\u00edsticas Casco de protecci\u00f3n craneal acolchado fabricado con material transpirable tricapa. Apertura posterior para regular el ajuste craneal mediante velcro Ajuste mentoniano mediante dos pasadores [&hellip;]<\/p>\n","protected":false},"featured_media":1827,"comment_status":"open","ping_status":"closed","template":"","meta":{"saved_in_kubio":false},"product_brand":[],"product_cat":[92],"product_tag":[118],"class_list":{"0":"post-1826","1":"product","2":"type-product","3":"status-publish","4":"has-post-thumbnail","6":"product_cat-tronco-y-cabeza","7":"product_tag-emo","9":"first","10":"instock","11":"shipping-taxable","12":"product-type-simple"},"_links":{"self":[{"href":"https:\/\/ortopediagot.net\/Inicio\/wp-json\/wp\/v2\/product\/1826"}],"collection":[{"href":"https:\/\/ortopediagot.net\/Inicio\/wp-json\/wp\/v2\/product"}],"about":[{"href":"https:\/\/ortopediagot.net\/Inicio\/wp-json\/wp\/v2\/types\/product"}],"replies":[{"embeddable":true,"href":"https:\/\/ortopediagot.net\/Inicio\/wp-json\/wp\/v2\/comments?post=1826"}],"wp:featuredmedia":[{"embeddable":true,"href":"https:\/\/ortopediagot.net\/Inicio\/wp-json\/wp\/v2\/media\/1827"}],"wp:attachment":[{"href":"https:\/\/ortopediagot.net\/Inicio\/wp-json\/wp\/v2\/media?parent=1826"}],"wp:term":[{"taxonomy":"product_brand","embeddable":true,"href":"https:\/\/ortopediagot.net\/Inicio\/wp-json\/wp\/v2\/product_brand?post=1826"},{"taxonomy":"product_cat","embeddable":true,"href":"https:\/\/ortopediagot.net\/Inicio\/wp-json\/wp\/v2\/product_cat?post=1826"},{"taxonomy":"product_tag","embeddable":true,"href":"https:\/\/ortopediagot.net\/Inicio\/wp-json\/wp\/v2\/product_tag?post=1826"}],"curies":[{"name":"wp","href":"https:\/\/api.w.org\/{rel}","templated":true}]}}