{"id":1829,"date":"2024-05-27T11:50:07","date_gmt":"2024-05-27T10:50:07","guid":{"rendered":"https:\/\/ortopediagot.net\/?post_type=product&#038;p=1829"},"modified":"2024-05-27T11:50:08","modified_gmt":"2024-05-27T10:50:08","slug":"cer500-miocer","status":"publish","type":"product","link":"https:\/\/ortopediagot.net\/Inicio\/producto\/cer500-miocer\/","title":{"rendered":"CER500 MIOCER"},"content":{"rendered":"<p>Traumatismos de la columna cervical sin afectaci\u00f3n medular<br \/>\nProtecci\u00f3n postoperatoria.<br \/>\nMet\u00e1stasis \u00f3sea.<\/p>\n<div class=\"tsf-campo-acf-titulo tsf-campo-acf-titulo-caracteristicas tsf_campo-acf tsf_caracteristicas\"><strong>Caracter\u00edsticas<\/strong><\/div>\n<div><\/div>\n<div class=\"tsf-campo-acf-valores tsf-campo-acf-valores-caracteristicas tsf_campo-acf tsf_caracteristicas\">Ortesis de dos placas termoconformadas: tor\u00e1cica y dorsal<br \/>\nApoyo occipital y mentoniano regulables en altura.<br \/>\nLibera la zona pectoral en mamas.<br \/>\nSistemas de ajuste mediante cinchas.<br \/>\nTalla \u00fanica.<br \/>\nCinta frontal que facilita el aseo.<\/div>\n","protected":false},"excerpt":{"rendered":"<p>Traumatismos de la columna cervical sin afectaci\u00f3n medular Protecci\u00f3n postoperatoria. Met\u00e1stasis \u00f3sea. Caracter\u00edsticas Ortesis de dos placas termoconformadas: tor\u00e1cica y dorsal Apoyo occipital y mentoniano regulables en altura. Libera la zona pectoral en mamas. Sistemas de ajuste mediante cinchas. Talla \u00fanica. Cinta frontal que facilita el aseo.<\/p>\n","protected":false},"featured_media":1830,"comment_status":"open","ping_status":"closed","template":"","meta":{"saved_in_kubio":false},"product_brand":[],"product_cat":[92],"product_tag":[118],"class_list":{"0":"post-1829","1":"product","2":"type-product","3":"status-publish","4":"has-post-thumbnail","6":"product_cat-tronco-y-cabeza","7":"product_tag-emo","9":"first","10":"instock","11":"shipping-taxable","12":"product-type-simple"},"_links":{"self":[{"href":"https:\/\/ortopediagot.net\/Inicio\/wp-json\/wp\/v2\/product\/1829"}],"collection":[{"href":"https:\/\/ortopediagot.net\/Inicio\/wp-json\/wp\/v2\/product"}],"about":[{"href":"https:\/\/ortopediagot.net\/Inicio\/wp-json\/wp\/v2\/types\/product"}],"replies":[{"embeddable":true,"href":"https:\/\/ortopediagot.net\/Inicio\/wp-json\/wp\/v2\/comments?post=1829"}],"wp:featuredmedia":[{"embeddable":true,"href":"https:\/\/ortopediagot.net\/Inicio\/wp-json\/wp\/v2\/media\/1830"}],"wp:attachment":[{"href":"https:\/\/ortopediagot.net\/Inicio\/wp-json\/wp\/v2\/media?parent=1829"}],"wp:term":[{"taxonomy":"product_brand","embeddable":true,"href":"https:\/\/ortopediagot.net\/Inicio\/wp-json\/wp\/v2\/product_brand?post=1829"},{"taxonomy":"product_cat","embeddable":true,"href":"https:\/\/ortopediagot.net\/Inicio\/wp-json\/wp\/v2\/product_cat?post=1829"},{"taxonomy":"product_tag","embeddable":true,"href":"https:\/\/ortopediagot.net\/Inicio\/wp-json\/wp\/v2\/product_tag?post=1829"}],"curies":[{"name":"wp","href":"https:\/\/api.w.org\/{rel}","templated":true}]}}