{"id":1832,"date":"2024-05-27T11:51:56","date_gmt":"2024-05-27T10:51:56","guid":{"rendered":"https:\/\/ortopediagot.net\/?post_type=product&#038;p=1832"},"modified":"2024-05-27T11:51:57","modified_gmt":"2024-05-27T10:51:57","slug":"cer600-socer","status":"publish","type":"product","link":"https:\/\/ortopediagot.net\/Inicio\/producto\/cer600-socer\/","title":{"rendered":"CER600 SOCER"},"content":{"rendered":"<p>Traumatismos de la columna cervical sin afectaci\u00f3n medular. Sujeci\u00f3n y soporte desde C1 hasta T1.<br \/>\nProtecci\u00f3n postoperatoria.<br \/>\nMet\u00e1stasis \u00f3sea<\/p>\n<div class=\"tsf-campo-acf-titulo tsf-campo-acf-titulo-caracteristicas tsf_campo-acf tsf_caracteristicas\"><strong>Caracter\u00edsticas<\/strong><\/div>\n<div><\/div>\n<div class=\"tsf-campo-acf-valores tsf-campo-acf-valores-caracteristicas tsf_campo-acf tsf_caracteristicas\">Ortesis de una placa termoconformada tor\u00e1cica, un apoyo occipital y un apoyo mentoniano.. Apoyo occipital y mentoniano regulables en altura.<br \/>\nLibera la zona pectoral en mamas.<br \/>\nEl apoyo mentoniano puede retirarlo el mismo usuario para higiene, usando una cinta frontal de sujeci\u00f3n. Cinta frontal que facilita el aseo. Cuerpo conformado con resalte clavicular.<br \/>\nLa conformaci\u00f3n del cuerpo, solo en la zona anterior y hombros, es confortable y almohadillada. Inmovilizaci\u00f3n en flexo-extensi\u00f3n, rotaci\u00f3n y lateralizaci\u00f3n de cabeza y cuello.<\/div>\n<div><\/div>\n<div class=\"tsf-campo-acf-titulo tsf-campo-acf-titulo-pa_tallas tsf_campo-acf tsf_pa_tallas\"><b><i>Tallas<\/i><\/b><\/div>\n<div><\/div>\n<div class=\"tsf-campo-acf-valores tsf-campo-acf-valores-pa_tallas tsf_campo-acf tsf_pa_tallas\">S, M, L<\/div>\n<div class=\"tsf-campo-acf-valores tsf-campo-acf-valores-tallas_medidas tsf_campo-acf tsf_pa_tallas_medidas\">CONTORNO TOR\u00c1CICO EN CM.<br \/>\nS (75 CM), M (90 CM), L (105 CM).<\/div>\n","protected":false},"excerpt":{"rendered":"<p>Traumatismos de la columna cervical sin afectaci\u00f3n medular. Sujeci\u00f3n y soporte desde C1 hasta T1. Protecci\u00f3n postoperatoria. Met\u00e1stasis \u00f3sea Caracter\u00edsticas Ortesis de una placa termoconformada tor\u00e1cica, un apoyo occipital y un apoyo mentoniano.. Apoyo occipital y mentoniano regulables en altura. Libera la zona pectoral en mamas. El apoyo mentoniano puede retirarlo el mismo usuario para [&hellip;]<\/p>\n","protected":false},"featured_media":1833,"comment_status":"open","ping_status":"closed","template":"","meta":{"saved_in_kubio":false},"product_brand":[],"product_cat":[92],"product_tag":[118],"class_list":{"0":"post-1832","1":"product","2":"type-product","3":"status-publish","4":"has-post-thumbnail","6":"product_cat-tronco-y-cabeza","7":"product_tag-emo","9":"first","10":"instock","11":"shipping-taxable","12":"product-type-simple"},"_links":{"self":[{"href":"https:\/\/ortopediagot.net\/Inicio\/wp-json\/wp\/v2\/product\/1832"}],"collection":[{"href":"https:\/\/ortopediagot.net\/Inicio\/wp-json\/wp\/v2\/product"}],"about":[{"href":"https:\/\/ortopediagot.net\/Inicio\/wp-json\/wp\/v2\/types\/product"}],"replies":[{"embeddable":true,"href":"https:\/\/ortopediagot.net\/Inicio\/wp-json\/wp\/v2\/comments?post=1832"}],"wp:featuredmedia":[{"embeddable":true,"href":"https:\/\/ortopediagot.net\/Inicio\/wp-json\/wp\/v2\/media\/1833"}],"wp:attachment":[{"href":"https:\/\/ortopediagot.net\/Inicio\/wp-json\/wp\/v2\/media?parent=1832"}],"wp:term":[{"taxonomy":"product_brand","embeddable":true,"href":"https:\/\/ortopediagot.net\/Inicio\/wp-json\/wp\/v2\/product_brand?post=1832"},{"taxonomy":"product_cat","embeddable":true,"href":"https:\/\/ortopediagot.net\/Inicio\/wp-json\/wp\/v2\/product_cat?post=1832"},{"taxonomy":"product_tag","embeddable":true,"href":"https:\/\/ortopediagot.net\/Inicio\/wp-json\/wp\/v2\/product_tag?post=1832"}],"curies":[{"name":"wp","href":"https:\/\/api.w.org\/{rel}","templated":true}]}}