{"id":1835,"date":"2024-05-27T11:54:13","date_gmt":"2024-05-27T10:54:13","guid":{"rendered":"https:\/\/ortopediagot.net\/?post_type=product&#038;p=1835"},"modified":"2024-05-27T11:54:14","modified_gmt":"2024-05-27T10:54:14","slug":"kcc401-kids-collarin-cervical","status":"publish","type":"product","link":"https:\/\/ortopediagot.net\/Inicio\/producto\/kcc401-kids-collarin-cervical\/","title":{"rendered":"KCC401 KIDS COLLARIN CERVICAL"},"content":{"rendered":"<p>Traumatismos<br \/>\nC\u00e9rvico-braquialgias<br \/>\nProtecci\u00f3n postoperatoria<\/p>\n<div class=\"tsf-campo-acf-titulo tsf-campo-acf-titulo-caracteristicas tsf_campo-acf tsf_caracteristicas\"><strong>Caracter\u00edsticas<\/strong><\/div>\n<div><\/div>\n<div class=\"tsf-campo-acf-valores tsf-campo-acf-valores-caracteristicas tsf_campo-acf tsf_caracteristicas\">Almohadillado blando.<br \/>\nDise\u00f1ado para adaptarse f\u00e1cilmente a la morfolog\u00eda del paciente<br \/>\nAjuste y colocaci\u00f3n mediante velcro<\/div>\n<div><\/div>\n<div class=\"tsf-campo-acf-titulo tsf-campo-acf-titulo-pa_tallas tsf_campo-acf tsf_pa_tallas\"><b><i>Tallas<\/i><\/b><\/div>\n<div><\/div>\n<div class=\"tsf-campo-acf-valores tsf-campo-acf-valores-pa_tallas tsf_campo-acf tsf_pa_tallas\">XS, S<\/div>\n<div class=\"tsf-campo-acf-valores tsf-campo-acf-valores-tallas_medidas tsf_campo-acf tsf_pa_tallas_medidas\">CONTORNO DE CUELLO<br \/>\nXS: 23-28 CM; S: 29-34 CM<\/div>\n<div><\/div>\n<div class=\"tsf-campo-acf-titulo tsf-campo-acf-titulo-altura tsf_campo-acf tsf_altura\"><b><i>Altura<\/i><\/b><\/div>\n<div><\/div>\n<div class=\"tsf-campo-acf-valores tsf-campo-acf-valores-altura tsf_campo-acf tsf_altura\">6 CM<\/div>\n","protected":false},"excerpt":{"rendered":"<p>Traumatismos C\u00e9rvico-braquialgias Protecci\u00f3n postoperatoria Caracter\u00edsticas Almohadillado blando. Dise\u00f1ado para adaptarse f\u00e1cilmente a la morfolog\u00eda del paciente Ajuste y colocaci\u00f3n mediante velcro Tallas XS, S CONTORNO DE CUELLO XS: 23-28 CM; S: 29-34 CM Altura 6 CM<\/p>\n","protected":false},"featured_media":1836,"comment_status":"open","ping_status":"closed","template":"","meta":{"saved_in_kubio":false},"product_brand":[],"product_cat":[92],"product_tag":[118],"class_list":{"0":"post-1835","1":"product","2":"type-product","3":"status-publish","4":"has-post-thumbnail","6":"product_cat-tronco-y-cabeza","7":"product_tag-emo","9":"first","10":"instock","11":"shipping-taxable","12":"product-type-simple"},"_links":{"self":[{"href":"https:\/\/ortopediagot.net\/Inicio\/wp-json\/wp\/v2\/product\/1835"}],"collection":[{"href":"https:\/\/ortopediagot.net\/Inicio\/wp-json\/wp\/v2\/product"}],"about":[{"href":"https:\/\/ortopediagot.net\/Inicio\/wp-json\/wp\/v2\/types\/product"}],"replies":[{"embeddable":true,"href":"https:\/\/ortopediagot.net\/Inicio\/wp-json\/wp\/v2\/comments?post=1835"}],"wp:featuredmedia":[{"embeddable":true,"href":"https:\/\/ortopediagot.net\/Inicio\/wp-json\/wp\/v2\/media\/1836"}],"wp:attachment":[{"href":"https:\/\/ortopediagot.net\/Inicio\/wp-json\/wp\/v2\/media?parent=1835"}],"wp:term":[{"taxonomy":"product_brand","embeddable":true,"href":"https:\/\/ortopediagot.net\/Inicio\/wp-json\/wp\/v2\/product_brand?post=1835"},{"taxonomy":"product_cat","embeddable":true,"href":"https:\/\/ortopediagot.net\/Inicio\/wp-json\/wp\/v2\/product_cat?post=1835"},{"taxonomy":"product_tag","embeddable":true,"href":"https:\/\/ortopediagot.net\/Inicio\/wp-json\/wp\/v2\/product_tag?post=1835"}],"curies":[{"name":"wp","href":"https:\/\/api.w.org\/{rel}","templated":true}]}}