{"id":1838,"date":"2024-05-27T11:56:08","date_gmt":"2024-05-27T10:56:08","guid":{"rendered":"https:\/\/ortopediagot.net\/?post_type=product&#038;p=1838"},"modified":"2024-05-27T11:56:09","modified_gmt":"2024-05-27T10:56:09","slug":"kpc401-kids-protector-craneal","status":"publish","type":"product","link":"https:\/\/ortopediagot.net\/Inicio\/producto\/kpc401-kids-protector-craneal\/","title":{"rendered":"KPC401 KIDS PROTECTOR CRANEAL"},"content":{"rendered":"<p>Par\u00e1lisis cerebral<br \/>\nPacientes epil\u00e9pticos<\/p>\n<div class=\"tsf-campo-acf-titulo tsf-campo-acf-titulo-caracteristicas tsf_campo-acf tsf_caracteristicas\"><strong>Caracter\u00edsticas<\/strong><\/div>\n<div><\/div>\n<div class=\"tsf-campo-acf-valores tsf-campo-acf-valores-caracteristicas tsf_campo-acf tsf_caracteristicas\">Fabricado con material acolchado y transpirable<br \/>\nAjuste mentoniano acolchado<\/div>\n<div><\/div>\n<div class=\"tsf-campo-acf-titulo tsf-campo-acf-titulo-pa_tallas tsf_campo-acf tsf_pa_tallas\"><b><i>Tallas<\/i><\/b><\/div>\n<div><\/div>\n<div class=\"tsf-campo-acf-valores tsf-campo-acf-valores-pa_tallas tsf_campo-acf tsf_pa_tallas\">T.39, T.40, T.41, T.42, T.43, T.44<\/div>\n<div class=\"tsf-campo-acf-valores tsf-campo-acf-valores-tallas_medidas tsf_campo-acf tsf_pa_tallas_medidas\">PER\u00cdMETRO DE CR\u00c1NEO POR ENCIMA DE LAS OREJAS<br \/>\n39 CM, 40 CM, 41 CM, 42 CM, 43 CM, 44 CM<\/div>\n<p>&nbsp;<\/p>\n","protected":false},"excerpt":{"rendered":"<p>Par\u00e1lisis cerebral Pacientes epil\u00e9pticos Caracter\u00edsticas Fabricado con material acolchado y transpirable Ajuste mentoniano acolchado Tallas T.39, T.40, T.41, T.42, T.43, T.44 PER\u00cdMETRO DE CR\u00c1NEO POR ENCIMA DE LAS OREJAS 39 CM, 40 CM, 41 CM, 42 CM, 43 CM, 44 CM &nbsp;<\/p>\n","protected":false},"featured_media":1839,"comment_status":"open","ping_status":"closed","template":"","meta":{"saved_in_kubio":false},"product_brand":[],"product_cat":[92],"product_tag":[118],"class_list":{"0":"post-1838","1":"product","2":"type-product","3":"status-publish","4":"has-post-thumbnail","6":"product_cat-tronco-y-cabeza","7":"product_tag-emo","9":"first","10":"instock","11":"shipping-taxable","12":"product-type-simple"},"_links":{"self":[{"href":"https:\/\/ortopediagot.net\/Inicio\/wp-json\/wp\/v2\/product\/1838"}],"collection":[{"href":"https:\/\/ortopediagot.net\/Inicio\/wp-json\/wp\/v2\/product"}],"about":[{"href":"https:\/\/ortopediagot.net\/Inicio\/wp-json\/wp\/v2\/types\/product"}],"replies":[{"embeddable":true,"href":"https:\/\/ortopediagot.net\/Inicio\/wp-json\/wp\/v2\/comments?post=1838"}],"wp:featuredmedia":[{"embeddable":true,"href":"https:\/\/ortopediagot.net\/Inicio\/wp-json\/wp\/v2\/media\/1839"}],"wp:attachment":[{"href":"https:\/\/ortopediagot.net\/Inicio\/wp-json\/wp\/v2\/media?parent=1838"}],"wp:term":[{"taxonomy":"product_brand","embeddable":true,"href":"https:\/\/ortopediagot.net\/Inicio\/wp-json\/wp\/v2\/product_brand?post=1838"},{"taxonomy":"product_cat","embeddable":true,"href":"https:\/\/ortopediagot.net\/Inicio\/wp-json\/wp\/v2\/product_cat?post=1838"},{"taxonomy":"product_tag","embeddable":true,"href":"https:\/\/ortopediagot.net\/Inicio\/wp-json\/wp\/v2\/product_tag?post=1838"}],"curies":[{"name":"wp","href":"https:\/\/api.w.org\/{rel}","templated":true}]}}