{"id":1852,"date":"2024-05-27T12:20:11","date_gmt":"2024-05-27T11:20:11","guid":{"rendered":"https:\/\/ortopediagot.net\/?post_type=product&#038;p=1852"},"modified":"2024-05-27T12:20:11","modified_gmt":"2024-05-27T11:20:11","slug":"cdl508-corse-taylor-knight-de-aluminio","status":"publish","type":"product","link":"https:\/\/ortopediagot.net\/Inicio\/producto\/cdl508-corse-taylor-knight-de-aluminio\/","title":{"rendered":"CDL508 CORS\u00c9 TAYLOR-KNIGHT DE ALUMINIO"},"content":{"rendered":"<div class=\"tsf-campo-acf-valores tsf-campo-acf-valores-indicaciones tsf_campo-acf tsf_indicaciones\">Lumbalgias. Dorsalgias.<br \/>\nEspondilitis. Espondilolistesis.<br \/>\nDegeneraciones discales.<br \/>\nFracturas de cuerpos vertebrales.<br \/>\nEspondiloartrosis. Osteoporosis. Postquir\u00fargico.<\/div>\n<div class=\"tsf-campo-acf-titulo tsf-campo-acf-titulo-efectos tsf_campo-acf tsf_efectos\"><\/div>\n<div>\n<div class=\"tsf-campo-acf-titulo tsf-campo-acf-titulo-caracteristicas tsf_campo-acf tsf_caracteristicas\"><strong>Caracter\u00edsticas<\/strong><\/div>\n<div><\/div>\n<div class=\"tsf-campo-acf-titulo tsf-campo-acf-titulo-caracteristicas tsf_campo-acf tsf_caracteristicas\">Estructura r\u00edgida de aluminio maleable para una perfecta y f\u00e1cil adaptaci\u00f3n. La estructura paravertebral se prolonga hasta las primeras v\u00e9rtebras tor\u00e1cicas.<br \/>\nSoporte abdominal textil con cinchas de ajuste.<br \/>\nAjuste mediante velcro.<br \/>\nComoda colocaci\u00f3n y f\u00e1cil ajuste, el innovador sistema de tres bagas correderas multiplica la fuerza de tracci\u00f3n, facilitando al paciente el ajuste y la adaptaci\u00f3n. El sistema de cierre y la fijaci\u00f3n de los tirantes escapuloaxilares mediante velcro. Ligereza y funcionalidad.<\/div>\n<div><\/div>\n<div class=\"tsf-campo-acf-titulo tsf-campo-acf-titulo-pa_tallas tsf_campo-acf tsf_pa_tallas\"><b><i>Tallas<\/i><\/b><\/div>\n<div><\/div>\n<div class=\"tsf-campo-acf-valores tsf-campo-acf-valores-pa_tallas tsf_campo-acf tsf_pa_tallas\">S, M, L, XL<\/div>\n<div class=\"tsf-campo-acf-valores tsf-campo-acf-valores-tallas_medidas tsf_campo-acf tsf_pa_tallas_medidas\">PER\u00cdMETRO DE TROC\u00c1NTERES EN CM.<br \/>\nS (85-95), M (95-105), L (105-115), XL (115-125)<\/div>\n<div><\/div>\n<div class=\"tsf-campo-acf-titulo tsf-campo-acf-titulo-altura tsf_campo-acf tsf_altura\"><b><i>Alturas<\/i><\/b><\/div>\n<div><\/div>\n<div class=\"tsf-campo-acf-valores tsf-campo-acf-valores-altura tsf_campo-acf tsf_altura\">TRASERA: TALLA S: 49 CM., M: 52 CM., L: 55 CM., XL: 55CM. DELANTERA: 25 CM.<\/div>\n<\/div>\n<div><\/div>\n","protected":false},"excerpt":{"rendered":"<p>Lumbalgias. Dorsalgias. Espondilitis. Espondilolistesis. Degeneraciones discales. Fracturas de cuerpos vertebrales. Espondiloartrosis. Osteoporosis. Postquir\u00fargico. Caracter\u00edsticas Estructura r\u00edgida de aluminio maleable para una perfecta y f\u00e1cil adaptaci\u00f3n. La estructura paravertebral se prolonga hasta las primeras v\u00e9rtebras tor\u00e1cicas. Soporte abdominal textil con cinchas de ajuste. Ajuste mediante velcro. Comoda colocaci\u00f3n y f\u00e1cil ajuste, el innovador sistema de tres [&hellip;]<\/p>\n","protected":false},"featured_media":1853,"comment_status":"open","ping_status":"closed","template":"","meta":{"saved_in_kubio":false},"product_brand":[],"product_cat":[92],"product_tag":[118],"class_list":{"0":"post-1852","1":"product","2":"type-product","3":"status-publish","4":"has-post-thumbnail","6":"product_cat-tronco-y-cabeza","7":"product_tag-emo","9":"first","10":"instock","11":"shipping-taxable","12":"product-type-simple"},"_links":{"self":[{"href":"https:\/\/ortopediagot.net\/Inicio\/wp-json\/wp\/v2\/product\/1852"}],"collection":[{"href":"https:\/\/ortopediagot.net\/Inicio\/wp-json\/wp\/v2\/product"}],"about":[{"href":"https:\/\/ortopediagot.net\/Inicio\/wp-json\/wp\/v2\/types\/product"}],"replies":[{"embeddable":true,"href":"https:\/\/ortopediagot.net\/Inicio\/wp-json\/wp\/v2\/comments?post=1852"}],"wp:featuredmedia":[{"embeddable":true,"href":"https:\/\/ortopediagot.net\/Inicio\/wp-json\/wp\/v2\/media\/1853"}],"wp:attachment":[{"href":"https:\/\/ortopediagot.net\/Inicio\/wp-json\/wp\/v2\/media?parent=1852"}],"wp:term":[{"taxonomy":"product_brand","embeddable":true,"href":"https:\/\/ortopediagot.net\/Inicio\/wp-json\/wp\/v2\/product_brand?post=1852"},{"taxonomy":"product_cat","embeddable":true,"href":"https:\/\/ortopediagot.net\/Inicio\/wp-json\/wp\/v2\/product_cat?post=1852"},{"taxonomy":"product_tag","embeddable":true,"href":"https:\/\/ortopediagot.net\/Inicio\/wp-json\/wp\/v2\/product_tag?post=1852"}],"curies":[{"name":"wp","href":"https:\/\/api.w.org\/{rel}","templated":true}]}}