{"id":1854,"date":"2024-05-27T12:24:11","date_gmt":"2024-05-27T11:24:11","guid":{"rendered":"https:\/\/ortopediagot.net\/?post_type=product&#038;p=1854"},"modified":"2024-05-27T12:24:11","modified_gmt":"2024-05-27T11:24:11","slug":"cdl558-corse-taylor-knight-de-polietileno","status":"publish","type":"product","link":"https:\/\/ortopediagot.net\/Inicio\/producto\/cdl558-corse-taylor-knight-de-polietileno\/","title":{"rendered":"CDL558 CORS\u00c9 TAYLOR-KNIGHT DE POLIETILENO"},"content":{"rendered":"<p>Dolencias de la columna dorsolumbar<br \/>\nLumbalgias<br \/>\nDorsalgias<br \/>\nEspondilitis<br \/>\nEspondilolistesis<br \/>\nDegeneraciones discales<br \/>\nFracturas de cuerpos vertebrales<br \/>\nEspondiloartrosis<br \/>\nOsteoporosis<br \/>\nPostquir\u00fargico<\/p>\n<div class=\"tsf-campo-acf-titulo tsf-campo-acf-titulo-caracteristicas tsf_campo-acf tsf_caracteristicas\"><strong>Caracter\u00edsticas<\/strong><\/div>\n<div class=\"tsf-campo-acf-valores tsf-campo-acf-valores-caracteristicas tsf_campo-acf tsf_caracteristicas\">\nEstructura r\u00edgida en termopl\u00e1stico para una perfecta adaptaci\u00f3n Soporte abdominal textil con ajuste a nivel de cadera y de cintura<br \/>\nCierre y ajuste mediante velcro<\/div>\n<div><\/div>\n<div class=\"tsf-campo-acf-titulo tsf-campo-acf-titulo-pa_tallas tsf_campo-acf tsf_pa_tallas\"><b><i>Tallas<\/i><\/b><\/div>\n<div><\/div>\n<div class=\"tsf-campo-acf-valores tsf-campo-acf-valores-pa_tallas tsf_campo-acf tsf_pa_tallas\">XS, S, M, L, XL<\/div>\n<div class=\"tsf-campo-acf-valores tsf-campo-acf-valores-tallas_medidas tsf_campo-acf tsf_pa_tallas_medidas\">PER\u00cdMETRO DE TROC\u00c1NTERES EN CM.<br \/>\nS (85-95), M (95-105), L (105-115), XL (115-125).<\/div>\n<div><\/div>\n<div><strong>Alturas<\/strong><\/div>\n<div><\/div>\n<div class=\"tsf-campo-acf-valores tsf-campo-acf-valores-altura tsf_campo-acf tsf_altura\">TRASERA: TALLA S: 55 CM., M: 57 CM., L: 60 CM. DELANTERA: 19 CM.<\/div>\n","protected":false},"excerpt":{"rendered":"<p>Dolencias de la columna dorsolumbar Lumbalgias Dorsalgias Espondilitis Espondilolistesis Degeneraciones discales Fracturas de cuerpos vertebrales Espondiloartrosis Osteoporosis Postquir\u00fargico Caracter\u00edsticas Estructura r\u00edgida en termopl\u00e1stico para una perfecta adaptaci\u00f3n Soporte abdominal textil con ajuste a nivel de cadera y de cintura Cierre y ajuste mediante velcro Tallas XS, S, M, L, XL PER\u00cdMETRO DE TROC\u00c1NTERES EN CM. [&hellip;]<\/p>\n","protected":false},"featured_media":1855,"comment_status":"open","ping_status":"closed","template":"","meta":{"saved_in_kubio":false},"product_brand":[],"product_cat":[92],"product_tag":[118],"class_list":{"0":"post-1854","1":"product","2":"type-product","3":"status-publish","4":"has-post-thumbnail","6":"product_cat-tronco-y-cabeza","7":"product_tag-emo","9":"first","10":"instock","11":"shipping-taxable","12":"product-type-simple"},"_links":{"self":[{"href":"https:\/\/ortopediagot.net\/Inicio\/wp-json\/wp\/v2\/product\/1854"}],"collection":[{"href":"https:\/\/ortopediagot.net\/Inicio\/wp-json\/wp\/v2\/product"}],"about":[{"href":"https:\/\/ortopediagot.net\/Inicio\/wp-json\/wp\/v2\/types\/product"}],"replies":[{"embeddable":true,"href":"https:\/\/ortopediagot.net\/Inicio\/wp-json\/wp\/v2\/comments?post=1854"}],"wp:featuredmedia":[{"embeddable":true,"href":"https:\/\/ortopediagot.net\/Inicio\/wp-json\/wp\/v2\/media\/1855"}],"wp:attachment":[{"href":"https:\/\/ortopediagot.net\/Inicio\/wp-json\/wp\/v2\/media?parent=1854"}],"wp:term":[{"taxonomy":"product_brand","embeddable":true,"href":"https:\/\/ortopediagot.net\/Inicio\/wp-json\/wp\/v2\/product_brand?post=1854"},{"taxonomy":"product_cat","embeddable":true,"href":"https:\/\/ortopediagot.net\/Inicio\/wp-json\/wp\/v2\/product_cat?post=1854"},{"taxonomy":"product_tag","embeddable":true,"href":"https:\/\/ortopediagot.net\/Inicio\/wp-json\/wp\/v2\/product_tag?post=1854"}],"curies":[{"name":"wp","href":"https:\/\/api.w.org\/{rel}","templated":true}]}}