{"id":1859,"date":"2024-05-27T12:27:15","date_gmt":"2024-05-27T11:27:15","guid":{"rendered":"https:\/\/ortopediagot.net\/?post_type=product&#038;p=1859"},"modified":"2024-05-27T12:27:15","modified_gmt":"2024-05-27T11:27:15","slug":"cdl718-corse-bivalvo-dorsolumbar","status":"publish","type":"product","link":"https:\/\/ortopediagot.net\/Inicio\/producto\/cdl718-corse-bivalvo-dorsolumbar\/","title":{"rendered":"CDL718 CORSE BIVALVO DORSOLUMBAR"},"content":{"rendered":"<p>Lumbalgia y dorsalgia. Estenosis de canal<br \/>\nEspondil\u00f3lisis. Espondiloartritis.<br \/>\nOsteoporosis. Discopat\u00edas degenerativas. Procesos degenerativos.<br \/>\nHipoton\u00eda muscular. Fractura osteopor\u00f3tica.<br \/>\nRehabilitaci\u00f3n postural. Post-operatoria.<\/p>\n<div class=\"tsf-campo-acf-titulo tsf-campo-acf-titulo-caracteristicas tsf_campo-acf tsf_caracteristicas\"><strong>Caracter\u00edsticas<\/strong><\/div>\n<div><\/div>\n<div class=\"tsf-campo-acf-valores tsf-campo-acf-valores-caracteristicas tsf_campo-acf tsf_caracteristicas\">Cors\u00e9 bivalvo confeccionado en polietileno de baja densidad.<br \/>\nCon forro de tejido transpirable, removibles, en valva anterior y posterior para mayor confort.<br \/>\nSolape entre valvas de 5 cm.<br \/>\nCierres mediante cinchas.<br \/>\nTirantes escapuloaxilares que facilitan la retropulsi\u00f3n de los hombros.<br \/>\nLa flexibilidad del material permite la adaptacion a la morfologia de la mayoria de los pacientes.<br \/>\nLa resistencia del material mantiene la estabilizaci\u00f3n e inmovilizaci\u00f3n necesarias para las patolog\u00edas para las que ha sido dise\u00f1ado.<\/div>\n<div><\/div>\n<div class=\"tsf-campo-acf-titulo tsf-campo-acf-titulo-pa_tallas tsf_campo-acf tsf_pa_tallas\"><b><i>Tallas<\/i><\/b><\/div>\n<div class=\"tsf-campo-acf-valores tsf-campo-acf-valores-pa_tallas tsf_campo-acf tsf_pa_tallas\">S, M, L, XL, 2XL<\/div>\n<div class=\"tsf-campo-acf-valores tsf-campo-acf-valores-tallas_medidas tsf_campo-acf tsf_pa_tallas_medidas\">PERIMETROS XIFOIDES\/CINTURA\/CADERA EN CM.<br \/>\nS(85-95\/80-90\/90-100), M(100-110\/90-100\/105-115), L(110-120\/100-115\/115-125), XL(125-135\/115-130\/125-135), XXL(135-145\/130-140\/135-145)<\/div>\n<div><\/div>\n<div class=\"tsf-campo-acf-titulo tsf-campo-acf-titulo-altura tsf_campo-acf tsf_altura\"><b><i>Alturas<\/i><\/b><\/div>\n<div><\/div>\n<div class=\"tsf-campo-acf-valores tsf-campo-acf-valores-altura tsf_campo-acf tsf_altura\">TRASERA: 42 CM. DELANTERA: TALLA S, M : 28 CM., L Y XL: 30 CM.<\/div>\n","protected":false},"excerpt":{"rendered":"<p>Lumbalgia y dorsalgia. Estenosis de canal Espondil\u00f3lisis. Espondiloartritis. Osteoporosis. Discopat\u00edas degenerativas. Procesos degenerativos. Hipoton\u00eda muscular. Fractura osteopor\u00f3tica. Rehabilitaci\u00f3n postural. Post-operatoria. Caracter\u00edsticas Cors\u00e9 bivalvo confeccionado en polietileno de baja densidad. Con forro de tejido transpirable, removibles, en valva anterior y posterior para mayor confort. Solape entre valvas de 5 cm. Cierres mediante cinchas. Tirantes escapuloaxilares que [&hellip;]<\/p>\n","protected":false},"featured_media":1860,"comment_status":"open","ping_status":"closed","template":"","meta":{"saved_in_kubio":false},"product_brand":[],"product_cat":[92],"product_tag":[118],"class_list":{"0":"post-1859","1":"product","2":"type-product","3":"status-publish","4":"has-post-thumbnail","6":"product_cat-tronco-y-cabeza","7":"product_tag-emo","9":"first","10":"instock","11":"shipping-taxable","12":"product-type-simple"},"_links":{"self":[{"href":"https:\/\/ortopediagot.net\/Inicio\/wp-json\/wp\/v2\/product\/1859"}],"collection":[{"href":"https:\/\/ortopediagot.net\/Inicio\/wp-json\/wp\/v2\/product"}],"about":[{"href":"https:\/\/ortopediagot.net\/Inicio\/wp-json\/wp\/v2\/types\/product"}],"replies":[{"embeddable":true,"href":"https:\/\/ortopediagot.net\/Inicio\/wp-json\/wp\/v2\/comments?post=1859"}],"wp:featuredmedia":[{"embeddable":true,"href":"https:\/\/ortopediagot.net\/Inicio\/wp-json\/wp\/v2\/media\/1860"}],"wp:attachment":[{"href":"https:\/\/ortopediagot.net\/Inicio\/wp-json\/wp\/v2\/media?parent=1859"}],"wp:term":[{"taxonomy":"product_brand","embeddable":true,"href":"https:\/\/ortopediagot.net\/Inicio\/wp-json\/wp\/v2\/product_brand?post=1859"},{"taxonomy":"product_cat","embeddable":true,"href":"https:\/\/ortopediagot.net\/Inicio\/wp-json\/wp\/v2\/product_cat?post=1859"},{"taxonomy":"product_tag","embeddable":true,"href":"https:\/\/ortopediagot.net\/Inicio\/wp-json\/wp\/v2\/product_tag?post=1859"}],"curies":[{"name":"wp","href":"https:\/\/api.w.org\/{rel}","templated":true}]}}