{"id":1867,"date":"2024-05-27T12:35:11","date_gmt":"2024-05-27T11:35:11","guid":{"rendered":"https:\/\/ortopediagot.net\/?post_type=product&#038;p=1867"},"modified":"2024-05-27T12:35:12","modified_gmt":"2024-05-27T11:35:12","slug":"chc106-corse-de-hiperextension-cruciforme","status":"publish","type":"product","link":"https:\/\/ortopediagot.net\/Inicio\/producto\/chc106-corse-de-hiperextension-cruciforme\/","title":{"rendered":"CHC106 CORS\u00c9 DE HIPEREXTENSI\u00d3N CRUCIFORME"},"content":{"rendered":"<p>Tratamientos no quir\u00fargicos de fractura o acu\u00f1amiento de los cuerpos vertebrales.<br \/>\nEspondiloartrosis.<br \/>\nTratamiento postoperatorio en intervenciones de columna.<\/p>\n<div class=\"tsf-campo-acf-titulo tsf-campo-acf-titulo-caracteristicas tsf_campo-acf tsf_caracteristicas\"><strong>Caracter\u00edsticas<\/strong><\/div>\n<div class=\"tsf-campo-acf-valores tsf-campo-acf-valores-caracteristicas tsf_campo-acf tsf_caracteristicas\">\nOrtesis formada por pletinas en forma cruz extensible vertical y horizontalmente.<br \/>\nApoyos oscilantes esternal y p\u00fabico y contrafuerza en apoyo posterior dorsolumbar.<br \/>\nAjuste posterior de la placa trasera por cintas de velcro.<br \/>\nAjuste por cintas de velcro.<\/div>\n<div class=\"tsf-campo-acf-titulo tsf-campo-acf-titulo-pa_tallas tsf_campo-acf tsf_pa_tallas\"><\/div>\n<div><strong>Tallas<\/strong><\/div>\n<div><\/div>\n<div class=\"tsf-campo-acf-valores tsf-campo-acf-valores-pa_tallas tsf_campo-acf tsf_pa_tallas\">S, M, L<\/div>\n<div class=\"tsf-campo-acf-valores tsf-campo-acf-valores-tallas_medidas tsf_campo-acf tsf_pa_tallas_medidas\">DISTANCIA ESTERN\u00d3N-PUBIS EN CM.<br \/>\nS (HASTA 50 CM), M (HASTA 55 CM), L (HASTA 60 CM).<\/div>\n","protected":false},"excerpt":{"rendered":"<p>Tratamientos no quir\u00fargicos de fractura o acu\u00f1amiento de los cuerpos vertebrales. Espondiloartrosis. Tratamiento postoperatorio en intervenciones de columna. Caracter\u00edsticas Ortesis formada por pletinas en forma cruz extensible vertical y horizontalmente. Apoyos oscilantes esternal y p\u00fabico y contrafuerza en apoyo posterior dorsolumbar. Ajuste posterior de la placa trasera por cintas de velcro. Ajuste por cintas de [&hellip;]<\/p>\n","protected":false},"featured_media":1868,"comment_status":"open","ping_status":"closed","template":"","meta":{"saved_in_kubio":false},"product_brand":[],"product_cat":[92],"product_tag":[118],"class_list":{"0":"post-1867","1":"product","2":"type-product","3":"status-publish","4":"has-post-thumbnail","6":"product_cat-tronco-y-cabeza","7":"product_tag-emo","9":"first","10":"instock","11":"shipping-taxable","12":"product-type-simple"},"_links":{"self":[{"href":"https:\/\/ortopediagot.net\/Inicio\/wp-json\/wp\/v2\/product\/1867"}],"collection":[{"href":"https:\/\/ortopediagot.net\/Inicio\/wp-json\/wp\/v2\/product"}],"about":[{"href":"https:\/\/ortopediagot.net\/Inicio\/wp-json\/wp\/v2\/types\/product"}],"replies":[{"embeddable":true,"href":"https:\/\/ortopediagot.net\/Inicio\/wp-json\/wp\/v2\/comments?post=1867"}],"wp:featuredmedia":[{"embeddable":true,"href":"https:\/\/ortopediagot.net\/Inicio\/wp-json\/wp\/v2\/media\/1868"}],"wp:attachment":[{"href":"https:\/\/ortopediagot.net\/Inicio\/wp-json\/wp\/v2\/media?parent=1867"}],"wp:term":[{"taxonomy":"product_brand","embeddable":true,"href":"https:\/\/ortopediagot.net\/Inicio\/wp-json\/wp\/v2\/product_brand?post=1867"},{"taxonomy":"product_cat","embeddable":true,"href":"https:\/\/ortopediagot.net\/Inicio\/wp-json\/wp\/v2\/product_cat?post=1867"},{"taxonomy":"product_tag","embeddable":true,"href":"https:\/\/ortopediagot.net\/Inicio\/wp-json\/wp\/v2\/product_tag?post=1867"}],"curies":[{"name":"wp","href":"https:\/\/api.w.org\/{rel}","templated":true}]}}