{"id":1869,"date":"2024-05-27T12:36:41","date_gmt":"2024-05-27T11:36:41","guid":{"rendered":"https:\/\/ortopediagot.net\/?post_type=product&#038;p=1869"},"modified":"2024-05-27T12:37:08","modified_gmt":"2024-05-27T11:37:08","slug":"cla100-ortec-ortesis-clavicular","status":"publish","type":"product","link":"https:\/\/ortopediagot.net\/Inicio\/producto\/cla100-ortec-ortesis-clavicular\/","title":{"rendered":"CLA100 ORTEC ORTESIS CLAVICULAR"},"content":{"rendered":"<p>Fractura de clav\u00edcula, post-quir\u00fargica. Facilita la formaci\u00f3n del callo de fractura aproximando los segmentos mediante la retropulsi\u00f3n de los hombros.<\/p>\n<div class=\"tsf-campo-acf-titulo tsf-campo-acf-titulo-caracteristicas tsf_campo-acf tsf_caracteristicas\"><strong>Caracter\u00edsticas<\/strong><\/div>\n<div><\/div>\n<div class=\"tsf-campo-acf-valores tsf-campo-acf-valores-caracteristicas tsf_campo-acf tsf_caracteristicas\">Cinchas inel\u00e1sticas en \u00abocho\u00bb: eficaz inmovilizaci\u00f3n de los hombros en retropulsi\u00f3n.<br \/>\nAjustable: regula la tracci\u00f3n mediante cuatro puntos de ajuste independiente de la almohadilla interescapular.<br \/>\nC\u00f3moda: amplias almohadillas que se adaptan f\u00e1cilmente y evitan rozaduras y sobrepresiones.<br \/>\nF\u00e1cil colocaci\u00f3n y ajuste. Comodidad, las almohadillas foamizadas axilares y dorsal ofrecen un gran confort durante su utilizaci\u00f3n.<\/div>\n<div class=\"tsf-campo-acf-titulo tsf-campo-acf-titulo-pa_tallas tsf_campo-acf tsf_pa_tallas\"><\/div>\n<div><strong>Tallas<\/strong><\/div>\n<div><\/div>\n<div class=\"tsf-campo-acf-valores tsf-campo-acf-valores-pa_tallas tsf_campo-acf tsf_pa_tallas\">S, L<\/div>\n<div class=\"tsf-campo-acf-valores tsf-campo-acf-valores-tallas_medidas tsf_campo-acf tsf_pa_tallas_medidas\">S,M, L.<\/div>\n","protected":false},"excerpt":{"rendered":"<p>Fractura de clav\u00edcula, post-quir\u00fargica. Facilita la formaci\u00f3n del callo de fractura aproximando los segmentos mediante la retropulsi\u00f3n de los hombros. Caracter\u00edsticas Cinchas inel\u00e1sticas en \u00abocho\u00bb: eficaz inmovilizaci\u00f3n de los hombros en retropulsi\u00f3n. Ajustable: regula la tracci\u00f3n mediante cuatro puntos de ajuste independiente de la almohadilla interescapular. C\u00f3moda: amplias almohadillas que se adaptan f\u00e1cilmente y evitan [&hellip;]<\/p>\n","protected":false},"featured_media":1870,"comment_status":"open","ping_status":"closed","template":"","meta":{"saved_in_kubio":false},"product_brand":[],"product_cat":[92],"product_tag":[118],"class_list":{"0":"post-1869","1":"product","2":"type-product","3":"status-publish","4":"has-post-thumbnail","6":"product_cat-tronco-y-cabeza","7":"product_tag-emo","9":"first","10":"instock","11":"shipping-taxable","12":"product-type-simple"},"_links":{"self":[{"href":"https:\/\/ortopediagot.net\/Inicio\/wp-json\/wp\/v2\/product\/1869"}],"collection":[{"href":"https:\/\/ortopediagot.net\/Inicio\/wp-json\/wp\/v2\/product"}],"about":[{"href":"https:\/\/ortopediagot.net\/Inicio\/wp-json\/wp\/v2\/types\/product"}],"replies":[{"embeddable":true,"href":"https:\/\/ortopediagot.net\/Inicio\/wp-json\/wp\/v2\/comments?post=1869"}],"wp:featuredmedia":[{"embeddable":true,"href":"https:\/\/ortopediagot.net\/Inicio\/wp-json\/wp\/v2\/media\/1870"}],"wp:attachment":[{"href":"https:\/\/ortopediagot.net\/Inicio\/wp-json\/wp\/v2\/media?parent=1869"}],"wp:term":[{"taxonomy":"product_brand","embeddable":true,"href":"https:\/\/ortopediagot.net\/Inicio\/wp-json\/wp\/v2\/product_brand?post=1869"},{"taxonomy":"product_cat","embeddable":true,"href":"https:\/\/ortopediagot.net\/Inicio\/wp-json\/wp\/v2\/product_cat?post=1869"},{"taxonomy":"product_tag","embeddable":true,"href":"https:\/\/ortopediagot.net\/Inicio\/wp-json\/wp\/v2\/product_tag?post=1869"}],"curies":[{"name":"wp","href":"https:\/\/api.w.org\/{rel}","templated":true}]}}