{"id":1876,"date":"2024-05-27T12:53:10","date_gmt":"2024-05-27T11:53:10","guid":{"rendered":"https:\/\/ortopediagot.net\/?post_type=product&#038;p=1876"},"modified":"2024-05-27T12:53:10","modified_gmt":"2024-05-27T11:53:10","slug":"cls310-lumback-modulo-termoplastico","status":"publish","type":"product","link":"https:\/\/ortopediagot.net\/Inicio\/producto\/cls310-lumback-modulo-termoplastico\/","title":{"rendered":"CLS310 LUMBACK M\u00d3DULO TERMOPL\u00c1STICO"},"content":{"rendered":"<p>Junto con una ortesis lumbosacra Lumback LS301:<br \/>\nLumbalgia<br \/>\nLumboci\u00e1tica<br \/>\nS\u00edndrome facetario<br \/>\nProtusi\u00f3n discal<br \/>\nHernia de disco<br \/>\nEspondilolisis<br \/>\nEspondiloartritis<br \/>\nDiscopat\u00edas degenerativas<br \/>\nProcesos degenerativos<br \/>\nHipoton\u00eda muscular<br \/>\nRehabilitaci\u00f3n postural<br \/>\nPost-operatoria<\/p>\n<div class=\"tsf-campo-acf-titulo tsf-campo-acf-titulo-caracteristicas tsf_campo-acf tsf_caracteristicas\"><strong>Caracteristicas<\/strong><\/div>\n<div><\/div>\n<div class=\"tsf-campo-acf-valores tsf-campo-acf-valores-caracteristicas tsf_campo-acf tsf_caracteristicas\">M\u00f3dulo r\u00edgido de inmovilizaci\u00f3n conformado dise\u00f1ado para integrarse en una ortesis lumbosacra LS301<br \/>\nFabricado en polietileno moldeado de baja densidad<br \/>\nF\u00e1cil adaptaci\u00f3n por parte del ortopeda.<br \/>\nPor su especial flexibilidad se adapta perfectamente a la anatom\u00eda de cada paciente.<br \/>\nEl m\u00f3dulo cubre desde la zona sacrolumbar hasta la l\u00ednea axilar media.<br \/>\nLos tensores el\u00e1sticos de la ortesis lumbosacra permiten regular la compresi\u00f3n abdominal y descarga de la zona lumbar<br \/>\nForrado con un suave tejido almohadillado, ligero y extremadamente transpirable.<\/div>\n<div class=\"tsf-campo-acf-titulo tsf-campo-acf-titulo-pa_colores tsf_campo-acf tsf_pa_colores\"><\/div>\n<div class=\"tsf-campo-acf-valores tsf-campo-acf-valores-pa_colores tsf_campo-acf tsf_pa_colores\"><strong>Tallas<\/strong><\/div>\n<div><\/div>\n<div class=\"tsf-campo-acf-valores tsf-campo-acf-valores-pa_tallas tsf_campo-acf tsf_pa_tallas\">S, M, L, XL, 2XL, 3XL<\/div>\n<div class=\"tsf-campo-acf-valores tsf-campo-acf-valores-tallas_medidas tsf_campo-acf tsf_pa_tallas_medidas\">CONTORNO DE TROC\u00c1NTERES EN CM.<br \/>\nS (75-83 CM) , M (83-91 CM) , L (91-99 CM) , XL (99-108 CM) , XXL (108-117 CM) , 3XL (117-126 CM).<\/div>\n<div class=\"tsf-campo-acf-titulo tsf-campo-acf-titulo-altura tsf_campo-acf tsf_altura\"><\/div>\n<div><strong>Alturas<\/strong><\/div>\n<div><\/div>\n<div class=\"tsf-campo-acf-valores tsf-campo-acf-valores-altura tsf_campo-acf tsf_altura\">ALTURA TRASERA : 30 CM.<\/div>\n<div><\/div>\n<div>\n<p><strong>Color<\/strong><\/p>\n<p>BEIGE, GRIS<\/p>\n<\/div>\n","protected":false},"excerpt":{"rendered":"<p>Junto con una ortesis lumbosacra Lumback LS301: Lumbalgia Lumboci\u00e1tica S\u00edndrome facetario Protusi\u00f3n discal Hernia de disco Espondilolisis Espondiloartritis Discopat\u00edas degenerativas Procesos degenerativos Hipoton\u00eda muscular Rehabilitaci\u00f3n postural Post-operatoria Caracteristicas M\u00f3dulo r\u00edgido de inmovilizaci\u00f3n conformado dise\u00f1ado para integrarse en una ortesis lumbosacra LS301 Fabricado en polietileno moldeado de baja densidad F\u00e1cil adaptaci\u00f3n por parte del ortopeda. Por [&hellip;]<\/p>\n","protected":false},"featured_media":1877,"comment_status":"open","ping_status":"closed","template":"","meta":{"saved_in_kubio":false},"product_brand":[],"product_cat":[92],"product_tag":[118],"class_list":{"0":"post-1876","1":"product","2":"type-product","3":"status-publish","4":"has-post-thumbnail","6":"product_cat-tronco-y-cabeza","7":"product_tag-emo","9":"first","10":"instock","11":"shipping-taxable","12":"product-type-simple"},"_links":{"self":[{"href":"https:\/\/ortopediagot.net\/Inicio\/wp-json\/wp\/v2\/product\/1876"}],"collection":[{"href":"https:\/\/ortopediagot.net\/Inicio\/wp-json\/wp\/v2\/product"}],"about":[{"href":"https:\/\/ortopediagot.net\/Inicio\/wp-json\/wp\/v2\/types\/product"}],"replies":[{"embeddable":true,"href":"https:\/\/ortopediagot.net\/Inicio\/wp-json\/wp\/v2\/comments?post=1876"}],"wp:featuredmedia":[{"embeddable":true,"href":"https:\/\/ortopediagot.net\/Inicio\/wp-json\/wp\/v2\/media\/1877"}],"wp:attachment":[{"href":"https:\/\/ortopediagot.net\/Inicio\/wp-json\/wp\/v2\/media?parent=1876"}],"wp:term":[{"taxonomy":"product_brand","embeddable":true,"href":"https:\/\/ortopediagot.net\/Inicio\/wp-json\/wp\/v2\/product_brand?post=1876"},{"taxonomy":"product_cat","embeddable":true,"href":"https:\/\/ortopediagot.net\/Inicio\/wp-json\/wp\/v2\/product_cat?post=1876"},{"taxonomy":"product_tag","embeddable":true,"href":"https:\/\/ortopediagot.net\/Inicio\/wp-json\/wp\/v2\/product_tag?post=1876"}],"curies":[{"name":"wp","href":"https:\/\/api.w.org\/{rel}","templated":true}]}}