{"id":1880,"date":"2024-05-27T13:03:41","date_gmt":"2024-05-27T12:03:41","guid":{"rendered":"https:\/\/ortopediagot.net\/?post_type=product&#038;p=1880"},"modified":"2024-05-27T13:03:42","modified_gmt":"2024-05-27T12:03:42","slug":"cls410-infinity-brace-lumbosacro","status":"publish","type":"product","link":"https:\/\/ortopediagot.net\/Inicio\/producto\/cls410-infinity-brace-lumbosacro\/","title":{"rendered":"CLS410 INFINITY BRACE LUMBOSACRO"},"content":{"rendered":"<p>Junto con una ortesis lumbosacra LS401:<br \/>\nLumbalgia<br \/>\nLumboci\u00e1tica<br \/>\nS\u00edndrome facetario<br \/>\nProtusi\u00f3n discal<br \/>\nHernia de disco<br \/>\nEspondilolisis<br \/>\nEspondiloartritis<br \/>\nDiscopat\u00edas degenerativas<br \/>\nProcesos degenerativos<br \/>\nAplastamiento discal<br \/>\nAplastamiento vertebral<br \/>\nFractura vertebral<br \/>\nHipoton\u00eda muscular<br \/>\nRehabilitaci\u00f3n postural<br \/>\nPost-operatoria<\/p>\n<div class=\"tsf-campo-acf-titulo tsf-campo-acf-titulo-caracteristicas tsf_campo-acf tsf_caracteristicas\"><strong>Caracter\u00edsticas<\/strong><\/div>\n<div class=\"tsf-campo-acf-valores tsf-campo-acf-valores-caracteristicas tsf_campo-acf tsf_caracteristicas\">\nM\u00f3dulo r\u00edgido de inmovilizaci\u00f3n conformado dise\u00f1ado para integrarse en una ortesis lumbosacra LS401<br \/>\nFabricado en polietileno moldeado de baja densidad<br \/>\nF\u00e1cil adaptaci\u00f3n por parte del ortopeda.<br \/>\nPor su especial flexibilidad se adapta perfectamente a la anatom\u00eda de cada paciente.<br \/>\nEl m\u00f3dulo cubre desde la zona sacrolumbar hasta la pared abdominal.<br \/>\nIncorpora una placa abdominal independiente que se fija mediante velcro.<br \/>\nLos tensores de la ortesis lumbosacra permiten regular la compresi\u00f3n abdominal y descarga de la zona lumbar<br \/>\nForrado con un suave tejido almohadillado, ligero y extremadamente transpirable.<\/div>\n<div><\/div>\n<div class=\"tsf-campo-acf-titulo tsf-campo-acf-titulo-pa_tallas tsf_campo-acf tsf_pa_tallas\"><b><i>Tallas<\/i><\/b><\/div>\n<div><\/div>\n<div class=\"tsf-campo-acf-valores tsf-campo-acf-valores-pa_tallas tsf_campo-acf tsf_pa_tallas\">S, M, L, XL, 3XL<\/div>\n<div class=\"tsf-campo-acf-valores tsf-campo-acf-valores-tallas_medidas tsf_campo-acf tsf_pa_tallas_medidas\">CONTORNO DE TROC\u00c1NTERES EN CM.<br \/>\nS (85-95 CM) , M (95-105 CM) , L (105-115 CM) , XL (115-125 CM) .<\/div>\n<div class=\"tsf-campo-acf-titulo tsf-campo-acf-titulo-altura tsf_campo-acf tsf_altura\"><\/div>\n<div><strong>Alturas<\/strong><\/div>\n<div><\/div>\n<div class=\"tsf-campo-acf-valores tsf-campo-acf-valores-altura tsf_campo-acf tsf_altura\">ALTURA DELANTERA: 16 CM &#8211; ALTURA TRASERA: 30 CM.<\/div>\n<div><\/div>\n<div>\n<div class=\"tsf-campo-acf-titulo tsf-campo-acf-titulo-pa_colores tsf_campo-acf tsf_pa_colores\"><b><i>Color<\/i><\/b><\/div>\n<div><\/div>\n<div class=\"tsf-campo-acf-valores tsf-campo-acf-valores-pa_colores tsf_campo-acf tsf_pa_colores\">GRIS, NEGRO<\/div>\n<\/div>\n","protected":false},"excerpt":{"rendered":"<p>Junto con una ortesis lumbosacra LS401: Lumbalgia Lumboci\u00e1tica S\u00edndrome facetario Protusi\u00f3n discal Hernia de disco Espondilolisis Espondiloartritis Discopat\u00edas degenerativas Procesos degenerativos Aplastamiento discal Aplastamiento vertebral Fractura vertebral Hipoton\u00eda muscular Rehabilitaci\u00f3n postural Post-operatoria Caracter\u00edsticas M\u00f3dulo r\u00edgido de inmovilizaci\u00f3n conformado dise\u00f1ado para integrarse en una ortesis lumbosacra LS401 Fabricado en polietileno moldeado de baja densidad F\u00e1cil adaptaci\u00f3n [&hellip;]<\/p>\n","protected":false},"featured_media":1881,"comment_status":"open","ping_status":"closed","template":"","meta":{"saved_in_kubio":false},"product_brand":[],"product_cat":[92],"product_tag":[118],"class_list":{"0":"post-1880","1":"product","2":"type-product","3":"status-publish","4":"has-post-thumbnail","6":"product_cat-tronco-y-cabeza","7":"product_tag-emo","9":"first","10":"instock","11":"shipping-taxable","12":"product-type-simple"},"_links":{"self":[{"href":"https:\/\/ortopediagot.net\/Inicio\/wp-json\/wp\/v2\/product\/1880"}],"collection":[{"href":"https:\/\/ortopediagot.net\/Inicio\/wp-json\/wp\/v2\/product"}],"about":[{"href":"https:\/\/ortopediagot.net\/Inicio\/wp-json\/wp\/v2\/types\/product"}],"replies":[{"embeddable":true,"href":"https:\/\/ortopediagot.net\/Inicio\/wp-json\/wp\/v2\/comments?post=1880"}],"wp:featuredmedia":[{"embeddable":true,"href":"https:\/\/ortopediagot.net\/Inicio\/wp-json\/wp\/v2\/media\/1881"}],"wp:attachment":[{"href":"https:\/\/ortopediagot.net\/Inicio\/wp-json\/wp\/v2\/media?parent=1880"}],"wp:term":[{"taxonomy":"product_brand","embeddable":true,"href":"https:\/\/ortopediagot.net\/Inicio\/wp-json\/wp\/v2\/product_brand?post=1880"},{"taxonomy":"product_cat","embeddable":true,"href":"https:\/\/ortopediagot.net\/Inicio\/wp-json\/wp\/v2\/product_cat?post=1880"},{"taxonomy":"product_tag","embeddable":true,"href":"https:\/\/ortopediagot.net\/Inicio\/wp-json\/wp\/v2\/product_tag?post=1880"}],"curies":[{"name":"wp","href":"https:\/\/api.w.org\/{rel}","templated":true}]}}