{"id":1884,"date":"2024-05-27T13:10:27","date_gmt":"2024-05-27T12:10:27","guid":{"rendered":"https:\/\/ortopediagot.net\/?post_type=product&#038;p=1884"},"modified":"2024-05-27T13:10:28","modified_gmt":"2024-05-27T12:10:28","slug":"cls501-corse-knight-de-aluminio","status":"publish","type":"product","link":"https:\/\/ortopediagot.net\/Inicio\/producto\/cls501-corse-knight-de-aluminio\/","title":{"rendered":"CLS501 CORSE KNIGHT DE ALUMINIO"},"content":{"rendered":"<p>Lumbalgias<br \/>\nEspondilolistesis<br \/>\nDegeneraciones discales<br \/>\nFracturas de cuerpos vertebrales<br \/>\nEspondiloartrosis<br \/>\nOsteoporosis<br \/>\nPostquir\u00fargico, tras cirug\u00eda artrodesante.<\/p>\n<div class=\"tsf-campo-acf-titulo tsf-campo-acf-titulo-caracteristicas tsf_campo-acf tsf_caracteristicas\"><strong>Caracter\u00edsticas<\/strong><\/div>\n<div class=\"tsf-campo-acf-titulo tsf-campo-acf-titulo-caracteristicas tsf_campo-acf tsf_caracteristicas\">\nEstructura r\u00edgida de aluminio maleable<br \/>\nSoporte abdominal para conseguir una perfecta adaptaci\u00f3n al paciente.<br \/>\nAjuste mediante dos pares de cinchas.<\/div>\n<div class=\"tsf-campo-acf-titulo tsf-campo-acf-titulo-pa_tallas tsf_campo-acf tsf_pa_tallas\"><\/div>\n<div><strong>Tallas<\/strong><\/div>\n<div><\/div>\n<div class=\"tsf-campo-acf-valores tsf-campo-acf-valores-pa_tallas tsf_campo-acf tsf_pa_tallas\">S, M, L<\/div>\n<div class=\"tsf-campo-acf-valores tsf-campo-acf-valores-tallas_medidas tsf_campo-acf tsf_pa_tallas_medidas\">PER\u00cdMETRO DE TROC\u00c1NTERES EN CM.<br \/>\nS (85-95), M (95-105), L (105-115), XL (115-125)<\/div>\n<div class=\"tsf-campo-acf-titulo tsf-campo-acf-titulo-altura tsf_campo-acf tsf_altura\"><\/div>\n<div><strong>Altura<\/strong><\/div>\n<div><\/div>\n<div class=\"tsf-campo-acf-valores tsf-campo-acf-valores-altura tsf_campo-acf tsf_altura\">TRASERA: TALLA S: 28 CM., M: 30 CM., L: 31 CM., XL: 33CM. DELANTERA: 19 CM.<\/div>\n","protected":false},"excerpt":{"rendered":"<p>Lumbalgias Espondilolistesis Degeneraciones discales Fracturas de cuerpos vertebrales Espondiloartrosis Osteoporosis Postquir\u00fargico, tras cirug\u00eda artrodesante. Caracter\u00edsticas Estructura r\u00edgida de aluminio maleable Soporte abdominal para conseguir una perfecta adaptaci\u00f3n al paciente. Ajuste mediante dos pares de cinchas. Tallas S, M, L PER\u00cdMETRO DE TROC\u00c1NTERES EN CM. S (85-95), M (95-105), L (105-115), XL (115-125) Altura TRASERA: TALLA [&hellip;]<\/p>\n","protected":false},"featured_media":1885,"comment_status":"open","ping_status":"closed","template":"","meta":{"saved_in_kubio":false},"product_brand":[],"product_cat":[92],"product_tag":[118],"class_list":{"0":"post-1884","1":"product","2":"type-product","3":"status-publish","4":"has-post-thumbnail","6":"product_cat-tronco-y-cabeza","7":"product_tag-emo","9":"first","10":"instock","11":"shipping-taxable","12":"product-type-simple"},"_links":{"self":[{"href":"https:\/\/ortopediagot.net\/Inicio\/wp-json\/wp\/v2\/product\/1884"}],"collection":[{"href":"https:\/\/ortopediagot.net\/Inicio\/wp-json\/wp\/v2\/product"}],"about":[{"href":"https:\/\/ortopediagot.net\/Inicio\/wp-json\/wp\/v2\/types\/product"}],"replies":[{"embeddable":true,"href":"https:\/\/ortopediagot.net\/Inicio\/wp-json\/wp\/v2\/comments?post=1884"}],"wp:featuredmedia":[{"embeddable":true,"href":"https:\/\/ortopediagot.net\/Inicio\/wp-json\/wp\/v2\/media\/1885"}],"wp:attachment":[{"href":"https:\/\/ortopediagot.net\/Inicio\/wp-json\/wp\/v2\/media?parent=1884"}],"wp:term":[{"taxonomy":"product_brand","embeddable":true,"href":"https:\/\/ortopediagot.net\/Inicio\/wp-json\/wp\/v2\/product_brand?post=1884"},{"taxonomy":"product_cat","embeddable":true,"href":"https:\/\/ortopediagot.net\/Inicio\/wp-json\/wp\/v2\/product_cat?post=1884"},{"taxonomy":"product_tag","embeddable":true,"href":"https:\/\/ortopediagot.net\/Inicio\/wp-json\/wp\/v2\/product_tag?post=1884"}],"curies":[{"name":"wp","href":"https:\/\/api.w.org\/{rel}","templated":true}]}}