{"id":1914,"date":"2024-05-27T13:44:09","date_gmt":"2024-05-27T12:44:09","guid":{"rendered":"https:\/\/ortopediagot.net\/?post_type=product&#038;p=1914"},"modified":"2024-05-27T13:44:09","modified_gmt":"2024-05-27T12:44:09","slug":"fj140-ortesis-lumbosacra-semirrigida","status":"publish","type":"product","link":"https:\/\/ortopediagot.net\/Inicio\/producto\/fj140-ortesis-lumbosacra-semirrigida\/","title":{"rendered":"FJ140 ORTESIS LUMBOSACRA SEMIRR\u00cdGIDA"},"content":{"rendered":"<p>Lumbalgias agudas y sub-agudas.<br \/>\nProcesos lumbosacros<br \/>\nHipoton\u00eda muscular<br \/>\nTraumatismos<br \/>\nRehabilitaci\u00f3n postural<br \/>\nPost-quir\u00fargica.<\/p>\n<div class=\"tsf-campo-acf-titulo tsf-campo-acf-titulo-caracteristicas tsf_campo-acf tsf_caracteristicas\"><strong>Caracter\u00edsticas<\/strong><\/div>\n<div><\/div>\n<div class=\"tsf-campo-acf-valores tsf-campo-acf-valores-caracteristicas tsf_campo-acf tsf_caracteristicas\">Ortesis semirr\u00edgida: incorpora cuatro flejes de acero sobre la zona lumbo-sacra.<br \/>\nMaterial el\u00e1stico de gran resistencia.<br \/>\nAmplio cierre de velcro.<\/div>\n<div class=\"tsf-campo-acf-titulo tsf-campo-acf-titulo-pa_tallas tsf_campo-acf tsf_pa_tallas\"><\/div>\n<div><strong>Tallas<\/strong><\/div>\n<div><\/div>\n<div class=\"tsf-campo-acf-valores tsf-campo-acf-valores-pa_tallas tsf_campo-acf tsf_pa_tallas\">S, M, L, XL<\/div>\n<div class=\"tsf-campo-acf-valores tsf-campo-acf-valores-tallas_medidas tsf_campo-acf tsf_pa_tallas_medidas\">CONTORNO DE TROC\u00c1NTERES EN CM.<br \/>\nS (70-85 CM) , M (85-100 CM) , L (100-115 CM) , XL (115-130 CM).<\/div>\n<div class=\"tsf-campo-acf-titulo tsf-campo-acf-titulo-altura tsf_campo-acf tsf_altura\"><\/div>\n<div><strong>Altura<\/strong><\/div>\n<div><\/div>\n<div class=\"tsf-campo-acf-valores tsf-campo-acf-valores-altura tsf_campo-acf tsf_altura\">ALTURA DELANTERA: 16 CM. ALTURA TRASERA: 26 CM.<\/div>\n","protected":false},"excerpt":{"rendered":"<p>Lumbalgias agudas y sub-agudas. Procesos lumbosacros Hipoton\u00eda muscular Traumatismos Rehabilitaci\u00f3n postural Post-quir\u00fargica. Caracter\u00edsticas Ortesis semirr\u00edgida: incorpora cuatro flejes de acero sobre la zona lumbo-sacra. Material el\u00e1stico de gran resistencia. Amplio cierre de velcro. Tallas S, M, L, XL CONTORNO DE TROC\u00c1NTERES EN CM. S (70-85 CM) , M (85-100 CM) , L (100-115 CM) , [&hellip;]<\/p>\n","protected":false},"featured_media":1915,"comment_status":"open","ping_status":"closed","template":"","meta":{"saved_in_kubio":false},"product_brand":[],"product_cat":[92],"product_tag":[118],"class_list":{"0":"post-1914","1":"product","2":"type-product","3":"status-publish","4":"has-post-thumbnail","6":"product_cat-tronco-y-cabeza","7":"product_tag-emo","9":"first","10":"instock","11":"shipping-taxable","12":"product-type-simple"},"_links":{"self":[{"href":"https:\/\/ortopediagot.net\/Inicio\/wp-json\/wp\/v2\/product\/1914"}],"collection":[{"href":"https:\/\/ortopediagot.net\/Inicio\/wp-json\/wp\/v2\/product"}],"about":[{"href":"https:\/\/ortopediagot.net\/Inicio\/wp-json\/wp\/v2\/types\/product"}],"replies":[{"embeddable":true,"href":"https:\/\/ortopediagot.net\/Inicio\/wp-json\/wp\/v2\/comments?post=1914"}],"wp:featuredmedia":[{"embeddable":true,"href":"https:\/\/ortopediagot.net\/Inicio\/wp-json\/wp\/v2\/media\/1915"}],"wp:attachment":[{"href":"https:\/\/ortopediagot.net\/Inicio\/wp-json\/wp\/v2\/media?parent=1914"}],"wp:term":[{"taxonomy":"product_brand","embeddable":true,"href":"https:\/\/ortopediagot.net\/Inicio\/wp-json\/wp\/v2\/product_brand?post=1914"},{"taxonomy":"product_cat","embeddable":true,"href":"https:\/\/ortopediagot.net\/Inicio\/wp-json\/wp\/v2\/product_cat?post=1914"},{"taxonomy":"product_tag","embeddable":true,"href":"https:\/\/ortopediagot.net\/Inicio\/wp-json\/wp\/v2\/product_tag?post=1914"}],"curies":[{"name":"wp","href":"https:\/\/api.w.org\/{rel}","templated":true}]}}