{"id":1916,"date":"2024-05-27T13:46:33","date_gmt":"2024-05-27T12:46:33","guid":{"rendered":"https:\/\/ortopediagot.net\/?post_type=product&#038;p=1916"},"modified":"2024-05-27T13:46:34","modified_gmt":"2024-05-27T12:46:34","slug":"fj150-ortesis-lumbosacra-semirrigida-laboral","status":"publish","type":"product","link":"https:\/\/ortopediagot.net\/Inicio\/producto\/fj150-ortesis-lumbosacra-semirrigida-laboral\/","title":{"rendered":"FJ150 ORTESIS LUMBOSACRA SEMIRR\u00cdGIDA LABORAL"},"content":{"rendered":"<p>Lumbalgia aguda y subaguda<br \/>\nProcesos lumbosacros<br \/>\nTraumatismo<br \/>\nHipoton\u00eda muscular<br \/>\nProtecci\u00f3n durante actividades que obligan a una sobrecarga continua de la zona lumbosacra y de posibles lesiones<br \/>\nRehabilitaci\u00f3n postural<br \/>\nPost-quir\u00fargica.<\/p>\n<div class=\"tsf-campo-acf-titulo tsf-campo-acf-titulo-caracteristicas tsf_campo-acf tsf_caracteristicas\"><strong>Caracter\u00edsticas<\/strong><\/div>\n<div><\/div>\n<div class=\"tsf-campo-acf-valores tsf-campo-acf-valores-caracteristicas tsf_campo-acf tsf_caracteristicas\">Ortesis semirr\u00edgida lumbosacra<br \/>\nTejido el\u00e1stico de inmejorable adaptaci\u00f3n<br \/>\nIncorpora cuatro flejes de acero.<br \/>\nAmplio cierre de velcro.<br \/>\nSus dos bandas laterales facilitan la regulaci\u00f3n de la descarga y la sujeci\u00f3n lumbar.<br \/>\nTirantes que sujetan la faja sobre los hombros cuando el paciente no necesita llevarla ajustada.<\/div>\n<div class=\"tsf-campo-acf-titulo tsf-campo-acf-titulo-pa_tallas tsf_campo-acf tsf_pa_tallas\"><\/div>\n<div><strong>Tallas<\/strong><\/div>\n<div><\/div>\n<div class=\"tsf-campo-acf-valores tsf-campo-acf-valores-pa_tallas tsf_campo-acf tsf_pa_tallas\">S, M, L, XL<\/div>\n<div class=\"tsf-campo-acf-valores tsf-campo-acf-valores-tallas_medidas tsf_campo-acf tsf_pa_tallas_medidas\">CONTORNO DE TROC\u00c1NTERES EN CENTRIMETROS<br \/>\nS (75-85 CM) , M (85-95 CM) , L (95-107 CM) , XL (107-120 CM)<\/div>\n<div class=\"tsf-campo-acf-titulo tsf-campo-acf-titulo-altura tsf_campo-acf tsf_altura\"><\/div>\n<div><strong>Altura<\/strong><\/div>\n<div><\/div>\n<div class=\"tsf-campo-acf-valores tsf-campo-acf-valores-altura tsf_campo-acf tsf_altura\">ALTURA DELANTERA: 16 CM. ALTURA TRASERA: 26 CM.<\/div>\n","protected":false},"excerpt":{"rendered":"<p>Lumbalgia aguda y subaguda Procesos lumbosacros Traumatismo Hipoton\u00eda muscular Protecci\u00f3n durante actividades que obligan a una sobrecarga continua de la zona lumbosacra y de posibles lesiones Rehabilitaci\u00f3n postural Post-quir\u00fargica. Caracter\u00edsticas Ortesis semirr\u00edgida lumbosacra Tejido el\u00e1stico de inmejorable adaptaci\u00f3n Incorpora cuatro flejes de acero. Amplio cierre de velcro. Sus dos bandas laterales facilitan la regulaci\u00f3n de [&hellip;]<\/p>\n","protected":false},"featured_media":1917,"comment_status":"open","ping_status":"closed","template":"","meta":{"saved_in_kubio":false},"product_brand":[],"product_cat":[92],"product_tag":[118],"class_list":{"0":"post-1916","1":"product","2":"type-product","3":"status-publish","4":"has-post-thumbnail","6":"product_cat-tronco-y-cabeza","7":"product_tag-emo","9":"first","10":"instock","11":"shipping-taxable","12":"product-type-simple"},"_links":{"self":[{"href":"https:\/\/ortopediagot.net\/Inicio\/wp-json\/wp\/v2\/product\/1916"}],"collection":[{"href":"https:\/\/ortopediagot.net\/Inicio\/wp-json\/wp\/v2\/product"}],"about":[{"href":"https:\/\/ortopediagot.net\/Inicio\/wp-json\/wp\/v2\/types\/product"}],"replies":[{"embeddable":true,"href":"https:\/\/ortopediagot.net\/Inicio\/wp-json\/wp\/v2\/comments?post=1916"}],"wp:featuredmedia":[{"embeddable":true,"href":"https:\/\/ortopediagot.net\/Inicio\/wp-json\/wp\/v2\/media\/1917"}],"wp:attachment":[{"href":"https:\/\/ortopediagot.net\/Inicio\/wp-json\/wp\/v2\/media?parent=1916"}],"wp:term":[{"taxonomy":"product_brand","embeddable":true,"href":"https:\/\/ortopediagot.net\/Inicio\/wp-json\/wp\/v2\/product_brand?post=1916"},{"taxonomy":"product_cat","embeddable":true,"href":"https:\/\/ortopediagot.net\/Inicio\/wp-json\/wp\/v2\/product_cat?post=1916"},{"taxonomy":"product_tag","embeddable":true,"href":"https:\/\/ortopediagot.net\/Inicio\/wp-json\/wp\/v2\/product_tag?post=1916"}],"curies":[{"name":"wp","href":"https:\/\/api.w.org\/{rel}","templated":true}]}}