{"id":1921,"date":"2024-05-27T13:50:38","date_gmt":"2024-05-27T12:50:38","guid":{"rendered":"https:\/\/ortopediagot.net\/?post_type=product&#038;p=1921"},"modified":"2024-05-27T13:50:39","modified_gmt":"2024-05-27T12:50:39","slug":"fj160-banda-abdominal-algodon","status":"publish","type":"product","link":"https:\/\/ortopediagot.net\/Inicio\/producto\/fj160-banda-abdominal-algodon\/","title":{"rendered":"FJ160 BANDA ABDOMINAL ALGOD\u00d3N"},"content":{"rendered":"<p>Post-parto<br \/>\nDi\u00e1stasis de rectos<br \/>\nPeque\u00f1as eventraciones<br \/>\nPost-quir\u00fargica<\/p>\n<div class=\"tsf-campo-acf-titulo tsf-campo-acf-titulo-caracteristicas tsf_campo-acf tsf_caracteristicas\"><strong>Caracter\u00edsticas<\/strong><\/div>\n<div><\/div>\n<div class=\"tsf-campo-acf-valores tsf-campo-acf-valores-caracteristicas tsf_campo-acf tsf_caracteristicas\">Fabricada con un suave tejido el\u00e1stico de algod\u00f3n<br \/>\nSu gran elasticidad facilita la adaptaci\u00f3n tanto sobre la cintura como sobre la cadera.<br \/>\nGran comodidad<br \/>\nAmplia zona de cierre y ajuste mediante microvelcro<\/div>\n<div class=\"tsf-campo-acf-titulo tsf-campo-acf-titulo-pa_tallas tsf_campo-acf tsf_pa_tallas\"><\/div>\n<div><strong>Tallas<\/strong><\/div>\n<div><\/div>\n<div class=\"tsf-campo-acf-valores tsf-campo-acf-valores-pa_tallas tsf_campo-acf tsf_pa_tallas\">S, M, L, XL<\/div>\n<div class=\"tsf-campo-acf-valores tsf-campo-acf-valores-tallas_medidas tsf_campo-acf tsf_pa_tallas_medidas\">CONTORNO DE CINTURA EN CM.<br \/>\nS 75-90; M 90-110; L 110-130; XL 130-150<\/div>\n<div class=\"tsf-campo-acf-titulo tsf-campo-acf-titulo-altura tsf_campo-acf tsf_altura\"><\/div>\n<div><strong>Altura<\/strong><\/div>\n<div><\/div>\n<div class=\"tsf-campo-acf-valores tsf-campo-acf-valores-altura tsf_campo-acf tsf_altura\">28 CM.<\/div>\n","protected":false},"excerpt":{"rendered":"<p>Post-parto Di\u00e1stasis de rectos Peque\u00f1as eventraciones Post-quir\u00fargica Caracter\u00edsticas Fabricada con un suave tejido el\u00e1stico de algod\u00f3n Su gran elasticidad facilita la adaptaci\u00f3n tanto sobre la cintura como sobre la cadera. Gran comodidad Amplia zona de cierre y ajuste mediante microvelcro Tallas S, M, L, XL CONTORNO DE CINTURA EN CM. S 75-90; M 90-110; L [&hellip;]<\/p>\n","protected":false},"featured_media":1922,"comment_status":"open","ping_status":"closed","template":"","meta":{"saved_in_kubio":false},"product_brand":[],"product_cat":[92],"product_tag":[118],"class_list":{"0":"post-1921","1":"product","2":"type-product","3":"status-publish","4":"has-post-thumbnail","6":"product_cat-tronco-y-cabeza","7":"product_tag-emo","9":"first","10":"instock","11":"shipping-taxable","12":"product-type-simple"},"_links":{"self":[{"href":"https:\/\/ortopediagot.net\/Inicio\/wp-json\/wp\/v2\/product\/1921"}],"collection":[{"href":"https:\/\/ortopediagot.net\/Inicio\/wp-json\/wp\/v2\/product"}],"about":[{"href":"https:\/\/ortopediagot.net\/Inicio\/wp-json\/wp\/v2\/types\/product"}],"replies":[{"embeddable":true,"href":"https:\/\/ortopediagot.net\/Inicio\/wp-json\/wp\/v2\/comments?post=1921"}],"wp:featuredmedia":[{"embeddable":true,"href":"https:\/\/ortopediagot.net\/Inicio\/wp-json\/wp\/v2\/media\/1922"}],"wp:attachment":[{"href":"https:\/\/ortopediagot.net\/Inicio\/wp-json\/wp\/v2\/media?parent=1921"}],"wp:term":[{"taxonomy":"product_brand","embeddable":true,"href":"https:\/\/ortopediagot.net\/Inicio\/wp-json\/wp\/v2\/product_brand?post=1921"},{"taxonomy":"product_cat","embeddable":true,"href":"https:\/\/ortopediagot.net\/Inicio\/wp-json\/wp\/v2\/product_cat?post=1921"},{"taxonomy":"product_tag","embeddable":true,"href":"https:\/\/ortopediagot.net\/Inicio\/wp-json\/wp\/v2\/product_tag?post=1921"}],"curies":[{"name":"wp","href":"https:\/\/api.w.org\/{rel}","templated":true}]}}