{"id":1923,"date":"2024-05-27T13:52:15","date_gmt":"2024-05-27T12:52:15","guid":{"rendered":"https:\/\/ortopediagot.net\/?post_type=product&#038;p=1923"},"modified":"2024-05-27T13:52:15","modified_gmt":"2024-05-27T12:52:15","slug":"fj161-banda-abdominal-algodon-tubular","status":"publish","type":"product","link":"https:\/\/ortopediagot.net\/Inicio\/producto\/fj161-banda-abdominal-algodon-tubular\/","title":{"rendered":"FJ161 BANDA ABDOMINAL ALGOD\u00d3N TUBULAR"},"content":{"rendered":"<p>Dolor lumbar<br \/>\nPost-parto<br \/>\nPeque\u00f1as eventraciones<br \/>\nAfecciones que necesitan calor terap\u00e9utico<br \/>\nPost-quir\u00fargica<\/p>\n<div class=\"tsf-campo-acf-titulo tsf-campo-acf-titulo-caracteristicas tsf_campo-acf tsf_caracteristicas\"><strong>Caracter\u00edsticas<\/strong><\/div>\n<div><\/div>\n<div class=\"tsf-campo-acf-valores tsf-campo-acf-valores-caracteristicas tsf_campo-acf tsf_caracteristicas\">Ortesis el\u00e1stica fabricada con un suave y c\u00f3modo tejido de algod\u00f3n.<br \/>\nSu dise\u00f1o tubular cubre la zona abdominal<br \/>\nSu gran elasticidad facilita la adaptaci\u00f3n tanto sobre la cintura como sobre la cadera.<br \/>\nDise\u00f1o discreto y muy adaptable a la morfolog\u00eda del paciente<br \/>\nLibre de l\u00e1tex<\/div>\n<div><\/div>\n<div><strong>Tallas<\/strong><\/div>\n<div><\/div>\n<div class=\"tsf-campo-acf-valores tsf-campo-acf-valores-pa_tallas tsf_campo-acf tsf_pa_tallas\">S, M, L, XL<\/div>\n<div class=\"tsf-campo-acf-valores tsf-campo-acf-valores-tallas_medidas tsf_campo-acf tsf_pa_tallas_medidas\">CONTORNO DE CINTURA EN CM.<br \/>\nS (75-85); M (85-100); L (100-115); XL (115-130).<\/div>\n<div class=\"tsf-campo-acf-titulo tsf-campo-acf-titulo-altura tsf_campo-acf tsf_altura\"><\/div>\n<div><strong>Altura<\/strong><\/div>\n<div><\/div>\n<div class=\"tsf-campo-acf-valores tsf-campo-acf-valores-altura tsf_campo-acf tsf_altura\">28 CM.<\/div>\n","protected":false},"excerpt":{"rendered":"<p>Dolor lumbar Post-parto Peque\u00f1as eventraciones Afecciones que necesitan calor terap\u00e9utico Post-quir\u00fargica Caracter\u00edsticas Ortesis el\u00e1stica fabricada con un suave y c\u00f3modo tejido de algod\u00f3n. Su dise\u00f1o tubular cubre la zona abdominal Su gran elasticidad facilita la adaptaci\u00f3n tanto sobre la cintura como sobre la cadera. Dise\u00f1o discreto y muy adaptable a la morfolog\u00eda del paciente Libre [&hellip;]<\/p>\n","protected":false},"featured_media":1924,"comment_status":"open","ping_status":"closed","template":"","meta":{"saved_in_kubio":false},"product_brand":[],"product_cat":[92],"product_tag":[118],"class_list":{"0":"post-1923","1":"product","2":"type-product","3":"status-publish","4":"has-post-thumbnail","6":"product_cat-tronco-y-cabeza","7":"product_tag-emo","9":"first","10":"instock","11":"shipping-taxable","12":"product-type-simple"},"_links":{"self":[{"href":"https:\/\/ortopediagot.net\/Inicio\/wp-json\/wp\/v2\/product\/1923"}],"collection":[{"href":"https:\/\/ortopediagot.net\/Inicio\/wp-json\/wp\/v2\/product"}],"about":[{"href":"https:\/\/ortopediagot.net\/Inicio\/wp-json\/wp\/v2\/types\/product"}],"replies":[{"embeddable":true,"href":"https:\/\/ortopediagot.net\/Inicio\/wp-json\/wp\/v2\/comments?post=1923"}],"wp:featuredmedia":[{"embeddable":true,"href":"https:\/\/ortopediagot.net\/Inicio\/wp-json\/wp\/v2\/media\/1924"}],"wp:attachment":[{"href":"https:\/\/ortopediagot.net\/Inicio\/wp-json\/wp\/v2\/media?parent=1923"}],"wp:term":[{"taxonomy":"product_brand","embeddable":true,"href":"https:\/\/ortopediagot.net\/Inicio\/wp-json\/wp\/v2\/product_brand?post=1923"},{"taxonomy":"product_cat","embeddable":true,"href":"https:\/\/ortopediagot.net\/Inicio\/wp-json\/wp\/v2\/product_cat?post=1923"},{"taxonomy":"product_tag","embeddable":true,"href":"https:\/\/ortopediagot.net\/Inicio\/wp-json\/wp\/v2\/product_tag?post=1923"}],"curies":[{"name":"wp","href":"https:\/\/api.w.org\/{rel}","templated":true}]}}