{"id":1927,"date":"2024-05-27T13:55:54","date_gmt":"2024-05-27T12:55:54","guid":{"rendered":"https:\/\/ortopediagot.net\/?post_type=product&#038;p=1927"},"modified":"2024-05-27T13:55:55","modified_gmt":"2024-05-27T12:55:55","slug":"fj184-banda-abdominal-multibanda","status":"publish","type":"product","link":"https:\/\/ortopediagot.net\/Inicio\/producto\/fj184-banda-abdominal-multibanda\/","title":{"rendered":"FJ184 BANDA ABDOMINAL MULTIBANDA"},"content":{"rendered":"<p>Post-quir\u00fargica<br \/>\nEventraciones<br \/>\nContusi\u00f3n tor\u00e1cica<br \/>\nLesiones de la musculatura abdominal y tor\u00e1cica,<\/p>\n<div class=\"tsf-campo-acf-titulo tsf-campo-acf-titulo-caracteristicas tsf_campo-acf tsf_caracteristicas\"><strong>Caracter\u00edsticas<\/strong><\/div>\n<div><\/div>\n<div class=\"tsf-campo-acf-valores tsf-campo-acf-valores-caracteristicas tsf_campo-acf tsf_caracteristicas\">Fabricada con un suave tejido el\u00e1stico con interior de tacto algodonoso.<br \/>\nDise\u00f1ada mediante bandas unidas pero independientes, que facilitan la adaptaci\u00f3n sobre toda la morfolog\u00eda del paciente.<br \/>\nAmplia zona de cierre y ajuste mediante velcro.<\/div>\n<div class=\"tsf-campo-acf-titulo tsf-campo-acf-titulo-pa_tallas tsf_campo-acf tsf_pa_tallas\"><\/div>\n<div><strong>Tallas<\/strong><\/div>\n<div><\/div>\n<div class=\"tsf-campo-acf-valores tsf-campo-acf-valores-pa_tallas tsf_campo-acf tsf_pa_tallas\">S, M, L, XL, 2XL, 3XL<\/div>\n<div class=\"tsf-campo-acf-valores tsf-campo-acf-valores-tallas_medidas tsf_campo-acf tsf_pa_tallas_medidas\">CONTORNO DE CINTURA EN CM.<br \/>\nS 65-80; M 80-95; L 95-110; XL 110-125; XXL 125-140<\/div>\n<div class=\"tsf-campo-acf-titulo tsf-campo-acf-titulo-altura tsf_campo-acf tsf_altura\"><\/div>\n<div><strong>Altura<\/strong><\/div>\n<div><\/div>\n<div class=\"tsf-campo-acf-valores tsf-campo-acf-valores-altura tsf_campo-acf tsf_altura\">32 CM.<\/div>\n","protected":false},"excerpt":{"rendered":"<p>Post-quir\u00fargica Eventraciones Contusi\u00f3n tor\u00e1cica Lesiones de la musculatura abdominal y tor\u00e1cica, Caracter\u00edsticas Fabricada con un suave tejido el\u00e1stico con interior de tacto algodonoso. Dise\u00f1ada mediante bandas unidas pero independientes, que facilitan la adaptaci\u00f3n sobre toda la morfolog\u00eda del paciente. Amplia zona de cierre y ajuste mediante velcro. Tallas S, M, L, XL, 2XL, 3XL CONTORNO [&hellip;]<\/p>\n","protected":false},"featured_media":1928,"comment_status":"open","ping_status":"closed","template":"","meta":{"saved_in_kubio":false},"product_brand":[],"product_cat":[92],"product_tag":[118],"class_list":{"0":"post-1927","1":"product","2":"type-product","3":"status-publish","4":"has-post-thumbnail","6":"product_cat-tronco-y-cabeza","7":"product_tag-emo","9":"first","10":"instock","11":"shipping-taxable","12":"product-type-simple"},"_links":{"self":[{"href":"https:\/\/ortopediagot.net\/Inicio\/wp-json\/wp\/v2\/product\/1927"}],"collection":[{"href":"https:\/\/ortopediagot.net\/Inicio\/wp-json\/wp\/v2\/product"}],"about":[{"href":"https:\/\/ortopediagot.net\/Inicio\/wp-json\/wp\/v2\/types\/product"}],"replies":[{"embeddable":true,"href":"https:\/\/ortopediagot.net\/Inicio\/wp-json\/wp\/v2\/comments?post=1927"}],"wp:featuredmedia":[{"embeddable":true,"href":"https:\/\/ortopediagot.net\/Inicio\/wp-json\/wp\/v2\/media\/1928"}],"wp:attachment":[{"href":"https:\/\/ortopediagot.net\/Inicio\/wp-json\/wp\/v2\/media?parent=1927"}],"wp:term":[{"taxonomy":"product_brand","embeddable":true,"href":"https:\/\/ortopediagot.net\/Inicio\/wp-json\/wp\/v2\/product_brand?post=1927"},{"taxonomy":"product_cat","embeddable":true,"href":"https:\/\/ortopediagot.net\/Inicio\/wp-json\/wp\/v2\/product_cat?post=1927"},{"taxonomy":"product_tag","embeddable":true,"href":"https:\/\/ortopediagot.net\/Inicio\/wp-json\/wp\/v2\/product_tag?post=1927"}],"curies":[{"name":"wp","href":"https:\/\/api.w.org\/{rel}","templated":true}]}}