{"id":1939,"date":"2024-05-27T16:08:13","date_gmt":"2024-05-27T15:08:13","guid":{"rendered":"https:\/\/ortopediagot.net\/?post_type=product&#038;p=1939"},"modified":"2024-05-27T16:08:14","modified_gmt":"2024-05-27T15:08:14","slug":"fj203-lumback-ortesis-lumbosacra-ajustable","status":"publish","type":"product","link":"https:\/\/ortopediagot.net\/Inicio\/producto\/fj203-lumback-ortesis-lumbosacra-ajustable\/","title":{"rendered":"FJ203 LUMBACK ORTESIS LUMBOSACRA AJUSTABLE"},"content":{"rendered":"<p>Lumbalgia aguda y subaguda<br \/>\nLumboci\u00e1tica<br \/>\nS\u00edndrome facetario<br \/>\nProtusi\u00f3n discal<br \/>\nHernia de disco<br \/>\nEspondilolisis<br \/>\nDiscopat\u00edas degenerativas<br \/>\nProcesos degenerativos<br \/>\nHipoton\u00eda muscular<br \/>\nRehabilitaci\u00f3n postural<\/p>\n<div class=\"tsf-campo-acf-titulo tsf-campo-acf-titulo-caracteristicas tsf_campo-acf tsf_caracteristicas\"><strong>Caracter\u00edsticas<\/strong><\/div>\n<div><\/div>\n<div class=\"tsf-campo-acf-valores tsf-campo-acf-valores-caracteristicas tsf_campo-acf tsf_caracteristicas\">Ortesis sacrolumbar confeccionada con tejido el\u00e1stico altamente transpirable<br \/>\nPieza inel\u00e1stica sacrolumbar que distribuye la descarga y da soporte a la zona.<br \/>\nBandas el\u00e1sticas laterales para graduar la descarga y sujeci\u00f3n sacrolumbar<br \/>\nIncorpora cuatro flejes de acero conformables<br \/>\nFabricaci\u00f3n sin costuras: evita sobrepresiones y maximiza ligereza<br \/>\nDos amplias trabillas para facilitar la colocaci\u00f3n<br \/>\nCierre mediante micro-velcro.<br \/>\nIncluye almohadilla lumbar<br \/>\nL\u00e1tex free: hipoalerg\u00e9nica<\/p>\n<\/div>\n<div class=\"tsf-campo-acf-titulo tsf-campo-acf-titulo-pa_tallas tsf_campo-acf tsf_pa_tallas\"><strong>Tallas<\/strong><\/div>\n<div class=\"tsf-campo-acf-valores tsf-campo-acf-valores-pa_tallas tsf_campo-acf tsf_pa_tallas\">S, M, L, XL, 2XL, 3XL<\/div>\n<div class=\"tsf-campo-acf-valores tsf-campo-acf-valores-tallas_medidas tsf_campo-acf tsf_pa_tallas_medidas\">CONTORNO DE TROC\u00c1NTERES EN CM.<br \/>\nS (79-85 CM) , M (85-91 CM) , L (91-99 CM) , XL (99-107 CM) , XXL (107-115 CM) , 3XL (115-126 CM).<\/div>\n<div><\/div>\n<div class=\"tsf-campo-acf-titulo tsf-campo-acf-titulo-altura tsf_campo-acf tsf_altura\"><b><i>Altura<\/i><\/b><\/div>\n<div class=\"tsf-campo-acf-valores tsf-campo-acf-valores-altura tsf_campo-acf tsf_altura\">ALTURA DELANTERA: 17 CM. ALTURA TRASERA: 26 CM.<\/div>\n<div><\/div>\n<div>\n<div class=\"tsf-campo-acf-titulo tsf-campo-acf-titulo-pa_colores tsf_campo-acf tsf_pa_colores\"><b><i>Color<\/i><\/b><\/div>\n<div class=\"tsf-campo-acf-valores tsf-campo-acf-valores-pa_colores tsf_campo-acf tsf_pa_colores\">BEIGE, GRIS<\/div>\n<\/div>\n","protected":false},"excerpt":{"rendered":"<p>Lumbalgia aguda y subaguda Lumboci\u00e1tica S\u00edndrome facetario Protusi\u00f3n discal Hernia de disco Espondilolisis Discopat\u00edas degenerativas Procesos degenerativos Hipoton\u00eda muscular Rehabilitaci\u00f3n postural Caracter\u00edsticas Ortesis sacrolumbar confeccionada con tejido el\u00e1stico altamente transpirable Pieza inel\u00e1stica sacrolumbar que distribuye la descarga y da soporte a la zona. Bandas el\u00e1sticas laterales para graduar la descarga y sujeci\u00f3n sacrolumbar Incorpora cuatro [&hellip;]<\/p>\n","protected":false},"featured_media":1940,"comment_status":"open","ping_status":"closed","template":"","meta":{"saved_in_kubio":false},"product_brand":[],"product_cat":[92],"product_tag":[118],"class_list":{"0":"post-1939","1":"product","2":"type-product","3":"status-publish","4":"has-post-thumbnail","6":"product_cat-tronco-y-cabeza","7":"product_tag-emo","9":"first","10":"instock","11":"shipping-taxable","12":"product-type-simple"},"_links":{"self":[{"href":"https:\/\/ortopediagot.net\/Inicio\/wp-json\/wp\/v2\/product\/1939"}],"collection":[{"href":"https:\/\/ortopediagot.net\/Inicio\/wp-json\/wp\/v2\/product"}],"about":[{"href":"https:\/\/ortopediagot.net\/Inicio\/wp-json\/wp\/v2\/types\/product"}],"replies":[{"embeddable":true,"href":"https:\/\/ortopediagot.net\/Inicio\/wp-json\/wp\/v2\/comments?post=1939"}],"wp:featuredmedia":[{"embeddable":true,"href":"https:\/\/ortopediagot.net\/Inicio\/wp-json\/wp\/v2\/media\/1940"}],"wp:attachment":[{"href":"https:\/\/ortopediagot.net\/Inicio\/wp-json\/wp\/v2\/media?parent=1939"}],"wp:term":[{"taxonomy":"product_brand","embeddable":true,"href":"https:\/\/ortopediagot.net\/Inicio\/wp-json\/wp\/v2\/product_brand?post=1939"},{"taxonomy":"product_cat","embeddable":true,"href":"https:\/\/ortopediagot.net\/Inicio\/wp-json\/wp\/v2\/product_cat?post=1939"},{"taxonomy":"product_tag","embeddable":true,"href":"https:\/\/ortopediagot.net\/Inicio\/wp-json\/wp\/v2\/product_tag?post=1939"}],"curies":[{"name":"wp","href":"https:\/\/api.w.org\/{rel}","templated":true}]}}