{"id":1981,"date":"2024-05-27T16:46:41","date_gmt":"2024-05-27T15:46:41","guid":{"rendered":"https:\/\/ortopediagot.net\/?post_type=product&#038;p=1981"},"modified":"2024-06-04T09:59:46","modified_gmt":"2024-06-04T08:59:46","slug":"ock500-kit-apoyo-menton-occipital-para-ortesis-cervicales","status":"publish","type":"product","link":"https:\/\/ortopediagot.net\/Inicio\/producto\/ock500-kit-apoyo-menton-occipital-para-ortesis-cervicales\/","title":{"rendered":"OCK500 KIT APOYO MENTON-OCCIPITAL PARA ORTESIS CERVICALES"},"content":{"rendered":"<div class=\"tsf-campo-acf-titulo tsf-campo-acf-titulo-caracteristicas tsf_campo-acf tsf_caracteristicas\"><strong>Caracter\u00edsticas<\/strong><\/div>\n<div><\/div>\n<div class=\"tsf-campo-acf-valores tsf-campo-acf-valores-caracteristicas tsf_campo-acf tsf_caracteristicas\">Juego de apoyos ment\u00f3n y occipital para la adaptaci\u00f3n en ortesis cervicales confeccionadas a medida o como recambio de CER500 Miocer.<br \/>\nPieza occipital conformada para mayor sujeci\u00f3n.<br \/>\nHerrajes en aluminio con perforaciones para posibilitar la regulaci\u00f3n.<br \/>\nApoyos con almohadilladas removibles para higiene.<br \/>\nIncluye cintas ment\u00f3n-occipital y frontal con almohadilla.<br \/>\nFijaci\u00f3n por torniller\u00eda de nylon de apriete r\u00e1pido.<\/div>\n","protected":false},"excerpt":{"rendered":"<p>Caracter\u00edsticas Juego de apoyos ment\u00f3n y occipital para la adaptaci\u00f3n en ortesis cervicales confeccionadas a medida o como recambio de CER500 Miocer. Pieza occipital conformada para mayor sujeci\u00f3n. Herrajes en aluminio con perforaciones para posibilitar la regulaci\u00f3n. Apoyos con almohadilladas removibles para higiene. Incluye cintas ment\u00f3n-occipital y frontal con almohadilla. Fijaci\u00f3n por torniller\u00eda de nylon [&hellip;]<\/p>\n","protected":false},"featured_media":1982,"comment_status":"open","ping_status":"closed","template":"","meta":{"saved_in_kubio":false},"product_brand":[],"product_cat":[120],"product_tag":[118],"class_list":{"0":"post-1981","1":"product","2":"type-product","3":"status-publish","4":"has-post-thumbnail","6":"product_cat-repuestos","7":"product_tag-emo","9":"first","10":"instock","11":"shipping-taxable","12":"product-type-simple"},"_links":{"self":[{"href":"https:\/\/ortopediagot.net\/Inicio\/wp-json\/wp\/v2\/product\/1981"}],"collection":[{"href":"https:\/\/ortopediagot.net\/Inicio\/wp-json\/wp\/v2\/product"}],"about":[{"href":"https:\/\/ortopediagot.net\/Inicio\/wp-json\/wp\/v2\/types\/product"}],"replies":[{"embeddable":true,"href":"https:\/\/ortopediagot.net\/Inicio\/wp-json\/wp\/v2\/comments?post=1981"}],"wp:featuredmedia":[{"embeddable":true,"href":"https:\/\/ortopediagot.net\/Inicio\/wp-json\/wp\/v2\/media\/1982"}],"wp:attachment":[{"href":"https:\/\/ortopediagot.net\/Inicio\/wp-json\/wp\/v2\/media?parent=1981"}],"wp:term":[{"taxonomy":"product_brand","embeddable":true,"href":"https:\/\/ortopediagot.net\/Inicio\/wp-json\/wp\/v2\/product_brand?post=1981"},{"taxonomy":"product_cat","embeddable":true,"href":"https:\/\/ortopediagot.net\/Inicio\/wp-json\/wp\/v2\/product_cat?post=1981"},{"taxonomy":"product_tag","embeddable":true,"href":"https:\/\/ortopediagot.net\/Inicio\/wp-json\/wp\/v2\/product_tag?post=1981"}],"curies":[{"name":"wp","href":"https:\/\/api.w.org\/{rel}","templated":true}]}}