{"id":1983,"date":"2024-05-27T16:49:11","date_gmt":"2024-05-27T15:49:11","guid":{"rendered":"https:\/\/ortopediagot.net\/?post_type=product&#038;p=1983"},"modified":"2024-05-27T16:49:12","modified_gmt":"2024-05-27T15:49:12","slug":"ovl15-modulo-para-corse-15o","status":"publish","type":"product","link":"https:\/\/ortopediagot.net\/Inicio\/producto\/ovl15-modulo-para-corse-15o\/","title":{"rendered":"OVL15 MODULO PARA CORSE 15\u00ba"},"content":{"rendered":"<p>Osteoporosis. Fracturas apofisiarias<br \/>\nEspondilolistesis. Fracturas con aplastamiento<br \/>\nEspondil\u00f3lisis. Alteraciones discales<br \/>\nHiperlordosis. Hipercifosis. Post-operatoria<br \/>\nCompromiso radicular. Estabilizaci\u00f3n en sedestaci\u00f3n<\/p>\n<div class=\"tsf-campo-acf-titulo tsf-campo-acf-titulo-caracteristicas tsf_campo-acf tsf_caracteristicas\"><strong>Caracter\u00edsticas<\/strong><\/div>\n<div><\/div>\n<div class=\"tsf-campo-acf-valores tsf-campo-acf-valores-caracteristicas tsf_campo-acf tsf_caracteristicas\">M\u00f3dulo en 15\u00ba para la confecci\u00f3n de cors\u00e9s de contenci\u00f3n o inmovilizaci\u00f3n.<br \/>\nSolape de cierre en cara anterior, confeccionado en polietileno de baja densidad.<br \/>\nLa flexibilidad del material permite la adaptacion a la mayoria de los pacientes.<br \/>\nLa resistencia del material mantiene la estabilizacion e inmovilizacion necesarias para las patologias para las que ha sido dise\u00f1ado.<br \/>\nPosibilidad de confecci\u00f3n con forro interior.<br \/>\nPosibilidad de personalizaci\u00f3n con decorados papel transfer.<\/div>\n<div class=\"tsf-campo-acf-titulo tsf-campo-acf-titulo-pa_tallas tsf_campo-acf tsf_pa_tallas\"><\/div>\n<div><strong>Tallas<\/strong><\/div>\n<div><\/div>\n<div class=\"tsf-campo-acf-valores tsf-campo-acf-valores-pa_tallas tsf_campo-acf tsf_pa_tallas\">S, M, L, XL, 2XL<\/div>\n<div class=\"tsf-campo-acf-valores tsf-campo-acf-valores-tallas_medidas tsf_campo-acf tsf_pa_tallas_medidas\">PERIMETROS XIFOIDES\/CINTURA\/CADERA EN CM.<br \/>\nS(85\/70\/80), M(100\/85\/95), L(105\/90\/100), XL(115\/100\/110), XXL(125\/110\/120)<\/div>\n","protected":false},"excerpt":{"rendered":"<p>Osteoporosis. Fracturas apofisiarias Espondilolistesis. Fracturas con aplastamiento Espondil\u00f3lisis. Alteraciones discales Hiperlordosis. Hipercifosis. Post-operatoria Compromiso radicular. Estabilizaci\u00f3n en sedestaci\u00f3n Caracter\u00edsticas M\u00f3dulo en 15\u00ba para la confecci\u00f3n de cors\u00e9s de contenci\u00f3n o inmovilizaci\u00f3n. Solape de cierre en cara anterior, confeccionado en polietileno de baja densidad. La flexibilidad del material permite la adaptacion a la mayoria de los [&hellip;]<\/p>\n","protected":false},"featured_media":1984,"comment_status":"open","ping_status":"closed","template":"","meta":{"saved_in_kubio":false},"product_brand":[],"product_cat":[92],"product_tag":[118],"class_list":{"0":"post-1983","1":"product","2":"type-product","3":"status-publish","4":"has-post-thumbnail","6":"product_cat-tronco-y-cabeza","7":"product_tag-emo","9":"first","10":"instock","11":"shipping-taxable","12":"product-type-simple"},"_links":{"self":[{"href":"https:\/\/ortopediagot.net\/Inicio\/wp-json\/wp\/v2\/product\/1983"}],"collection":[{"href":"https:\/\/ortopediagot.net\/Inicio\/wp-json\/wp\/v2\/product"}],"about":[{"href":"https:\/\/ortopediagot.net\/Inicio\/wp-json\/wp\/v2\/types\/product"}],"replies":[{"embeddable":true,"href":"https:\/\/ortopediagot.net\/Inicio\/wp-json\/wp\/v2\/comments?post=1983"}],"wp:featuredmedia":[{"embeddable":true,"href":"https:\/\/ortopediagot.net\/Inicio\/wp-json\/wp\/v2\/media\/1984"}],"wp:attachment":[{"href":"https:\/\/ortopediagot.net\/Inicio\/wp-json\/wp\/v2\/media?parent=1983"}],"wp:term":[{"taxonomy":"product_brand","embeddable":true,"href":"https:\/\/ortopediagot.net\/Inicio\/wp-json\/wp\/v2\/product_brand?post=1983"},{"taxonomy":"product_cat","embeddable":true,"href":"https:\/\/ortopediagot.net\/Inicio\/wp-json\/wp\/v2\/product_cat?post=1983"},{"taxonomy":"product_tag","embeddable":true,"href":"https:\/\/ortopediagot.net\/Inicio\/wp-json\/wp\/v2\/product_tag?post=1983"}],"curies":[{"name":"wp","href":"https:\/\/api.w.org\/{rel}","templated":true}]}}