{"id":1986,"date":"2024-05-27T16:54:59","date_gmt":"2024-05-27T15:54:59","guid":{"rendered":"https:\/\/ortopediagot.net\/?post_type=product&#038;p=1986"},"modified":"2024-05-27T16:54:59","modified_gmt":"2024-05-27T15:54:59","slug":"pad115-almohadilla-ovalada-para-hernia-abdominal","status":"publish","type":"product","link":"https:\/\/ortopediagot.net\/Inicio\/producto\/pad115-almohadilla-ovalada-para-hernia-abdominal\/","title":{"rendered":"PAD115 ALMOHADILLA OVALADA PARA HERNIA ABDOMINAL"},"content":{"rendered":"<p>Junto con una ortesis el\u00e1stica Aband:<br \/>\nHernia abdominal<br \/>\nHernia umbilical<\/p>\n<div class=\"tsf-campo-acf-titulo tsf-campo-acf-titulo-caracteristicas tsf_campo-acf tsf_caracteristicas\"><strong>Caracter\u00edsticas<\/strong><\/div>\n<div><\/div>\n<div class=\"tsf-campo-acf-valores tsf-campo-acf-valores-caracteristicas tsf_campo-acf tsf_caracteristicas\">Almohadilla fabricada en material viscoel\u00e1stico de densidad media.<br \/>\nFijaci\u00f3n mediante velcro en el interior de una ortesis Aband<\/div>\n<div><\/div>\n<div class=\"tsf-campo-acf-titulo tsf-campo-acf-titulo-altura tsf_campo-acf tsf_altura\"><b><i>Altura<\/i><\/b><\/div>\n<div><\/div>\n<div class=\"tsf-campo-acf-valores tsf-campo-acf-valores-altura tsf_campo-acf tsf_altura\">115 MM.<\/div>\n","protected":false},"excerpt":{"rendered":"<p>Junto con una ortesis el\u00e1stica Aband: Hernia abdominal Hernia umbilical Caracter\u00edsticas Almohadilla fabricada en material viscoel\u00e1stico de densidad media. Fijaci\u00f3n mediante velcro en el interior de una ortesis Aband Altura 115 MM.<\/p>\n","protected":false},"featured_media":1987,"comment_status":"open","ping_status":"closed","template":"","meta":{"saved_in_kubio":false},"product_brand":[],"product_cat":[92],"product_tag":[118],"class_list":{"0":"post-1986","1":"product","2":"type-product","3":"status-publish","4":"has-post-thumbnail","6":"product_cat-tronco-y-cabeza","7":"product_tag-emo","9":"first","10":"instock","11":"shipping-taxable","12":"product-type-simple"},"_links":{"self":[{"href":"https:\/\/ortopediagot.net\/Inicio\/wp-json\/wp\/v2\/product\/1986"}],"collection":[{"href":"https:\/\/ortopediagot.net\/Inicio\/wp-json\/wp\/v2\/product"}],"about":[{"href":"https:\/\/ortopediagot.net\/Inicio\/wp-json\/wp\/v2\/types\/product"}],"replies":[{"embeddable":true,"href":"https:\/\/ortopediagot.net\/Inicio\/wp-json\/wp\/v2\/comments?post=1986"}],"wp:featuredmedia":[{"embeddable":true,"href":"https:\/\/ortopediagot.net\/Inicio\/wp-json\/wp\/v2\/media\/1987"}],"wp:attachment":[{"href":"https:\/\/ortopediagot.net\/Inicio\/wp-json\/wp\/v2\/media?parent=1986"}],"wp:term":[{"taxonomy":"product_brand","embeddable":true,"href":"https:\/\/ortopediagot.net\/Inicio\/wp-json\/wp\/v2\/product_brand?post=1986"},{"taxonomy":"product_cat","embeddable":true,"href":"https:\/\/ortopediagot.net\/Inicio\/wp-json\/wp\/v2\/product_cat?post=1986"},{"taxonomy":"product_tag","embeddable":true,"href":"https:\/\/ortopediagot.net\/Inicio\/wp-json\/wp\/v2\/product_tag?post=1986"}],"curies":[{"name":"wp","href":"https:\/\/api.w.org\/{rel}","templated":true}]}}