{"id":1989,"date":"2024-05-27T16:56:42","date_gmt":"2024-05-27T15:56:42","guid":{"rendered":"https:\/\/ortopediagot.net\/?post_type=product&#038;p=1989"},"modified":"2024-05-27T16:56:43","modified_gmt":"2024-05-27T15:56:43","slug":"pad80-almohadilla-redonda-para-hernia-umbilical","status":"publish","type":"product","link":"https:\/\/ortopediagot.net\/Inicio\/producto\/pad80-almohadilla-redonda-para-hernia-umbilical\/","title":{"rendered":"PAD80 ALMOHADILLA REDONDA PARA HERNIA UMBILICAL"},"content":{"rendered":"<p>Junto con una ortesis el\u00e1stica Aband:<br \/>\nHernia umbilical<br \/>\nHernia abdominal<\/p>\n<div class=\"tsf-campo-acf-titulo tsf-campo-acf-titulo-caracteristicas tsf_campo-acf tsf_caracteristicas\"><strong>Caracter\u00edsticas<\/strong><\/div>\n<div><\/div>\n<div class=\"tsf-campo-acf-valores tsf-campo-acf-valores-caracteristicas tsf_campo-acf tsf_caracteristicas\">Almohadilla fabricada en material viscoel\u00e1stico de densidad media.<br \/>\nFijaci\u00f3n mediante velcro en el interior de una ortesis Aband<br \/>\nDi\u00e1metro 80 mm.<\/div>\n<div class=\"tsf-campo-acf-titulo tsf-campo-acf-titulo-altura tsf_campo-acf tsf_altura\"><\/div>\n<div><strong>Altura\u00a0<\/strong><\/div>\n<div><\/div>\n<div class=\"tsf-campo-acf-valores tsf-campo-acf-valores-altura tsf_campo-acf tsf_altura\">80 MM.<\/div>\n","protected":false},"excerpt":{"rendered":"<p>Junto con una ortesis el\u00e1stica Aband: Hernia umbilical Hernia abdominal Caracter\u00edsticas Almohadilla fabricada en material viscoel\u00e1stico de densidad media. Fijaci\u00f3n mediante velcro en el interior de una ortesis Aband Di\u00e1metro 80 mm. Altura\u00a0 80 MM.<\/p>\n","protected":false},"featured_media":1990,"comment_status":"open","ping_status":"closed","template":"","meta":{"saved_in_kubio":false},"product_brand":[],"product_cat":[92],"product_tag":[118],"class_list":{"0":"post-1989","1":"product","2":"type-product","3":"status-publish","4":"has-post-thumbnail","6":"product_cat-tronco-y-cabeza","7":"product_tag-emo","9":"first","10":"instock","11":"shipping-taxable","12":"product-type-simple"},"_links":{"self":[{"href":"https:\/\/ortopediagot.net\/Inicio\/wp-json\/wp\/v2\/product\/1989"}],"collection":[{"href":"https:\/\/ortopediagot.net\/Inicio\/wp-json\/wp\/v2\/product"}],"about":[{"href":"https:\/\/ortopediagot.net\/Inicio\/wp-json\/wp\/v2\/types\/product"}],"replies":[{"embeddable":true,"href":"https:\/\/ortopediagot.net\/Inicio\/wp-json\/wp\/v2\/comments?post=1989"}],"wp:featuredmedia":[{"embeddable":true,"href":"https:\/\/ortopediagot.net\/Inicio\/wp-json\/wp\/v2\/media\/1990"}],"wp:attachment":[{"href":"https:\/\/ortopediagot.net\/Inicio\/wp-json\/wp\/v2\/media?parent=1989"}],"wp:term":[{"taxonomy":"product_brand","embeddable":true,"href":"https:\/\/ortopediagot.net\/Inicio\/wp-json\/wp\/v2\/product_brand?post=1989"},{"taxonomy":"product_cat","embeddable":true,"href":"https:\/\/ortopediagot.net\/Inicio\/wp-json\/wp\/v2\/product_cat?post=1989"},{"taxonomy":"product_tag","embeddable":true,"href":"https:\/\/ortopediagot.net\/Inicio\/wp-json\/wp\/v2\/product_tag?post=1989"}],"curies":[{"name":"wp","href":"https:\/\/api.w.org\/{rel}","templated":true}]}}