{"id":1994,"date":"2024-05-27T16:59:33","date_gmt":"2024-05-27T15:59:33","guid":{"rendered":"https:\/\/ortopediagot.net\/?post_type=product&#038;p=1994"},"modified":"2024-05-27T16:59:50","modified_gmt":"2024-05-27T15:59:50","slug":"pl210-espaldillera-transpirable","status":"publish","type":"product","link":"https:\/\/ortopediagot.net\/Inicio\/producto\/pl210-espaldillera-transpirable\/","title":{"rendered":"PL210 ESPALDILLERA TRANSPIRABLE"},"content":{"rendered":"<p>Dorsalgias<br \/>\nPostura cif\u00f3tica incorrecta<br \/>\nDorso curvo del adolescente<\/p>\n<div class=\"tsf-campo-acf-titulo tsf-campo-acf-titulo-caracteristicas tsf_campo-acf tsf_caracteristicas\"><strong>Caracter\u00edsticas<\/strong><\/div>\n<div><\/div>\n<div class=\"tsf-campo-acf-valores tsf-campo-acf-valores-caracteristicas tsf_campo-acf tsf_caracteristicas\">Ortesis el\u00e1stica en forma de \u00abocho\u00bb.<br \/>\nCompuesta por dos cintas el\u00e1sticas ligeras y transpirables<br \/>\nAjuste regulable mediante velcro<br \/>\nLibre de l\u00e1tex<\/div>\n<div class=\"tsf-campo-acf-titulo tsf-campo-acf-titulo-pa_tallas tsf_campo-acf tsf_pa_tallas\"><\/div>\n<div><strong>Tallas<\/strong><\/div>\n<div><\/div>\n<div class=\"tsf-campo-acf-valores tsf-campo-acf-valores-pa_tallas tsf_campo-acf tsf_pa_tallas\">S, M, L, XL, 2XL, 3XL<\/div>\n<div class=\"tsf-campo-acf-valores tsf-campo-acf-valores-tallas_medidas tsf_campo-acf tsf_pa_tallas_medidas\">CONTORNO DE T\u00d3RAX EN CM.<\/div>\n","protected":false},"excerpt":{"rendered":"<p>Dorsalgias Postura cif\u00f3tica incorrecta Dorso curvo del adolescente Caracter\u00edsticas Ortesis el\u00e1stica en forma de \u00abocho\u00bb. Compuesta por dos cintas el\u00e1sticas ligeras y transpirables Ajuste regulable mediante velcro Libre de l\u00e1tex Tallas S, M, L, XL, 2XL, 3XL CONTORNO DE T\u00d3RAX EN CM.<\/p>\n","protected":false},"featured_media":1995,"comment_status":"open","ping_status":"closed","template":"","meta":{"saved_in_kubio":false},"product_brand":[],"product_cat":[92],"product_tag":[118],"class_list":{"0":"post-1994","1":"product","2":"type-product","3":"status-publish","4":"has-post-thumbnail","6":"product_cat-tronco-y-cabeza","7":"product_tag-emo","9":"first","10":"instock","11":"shipping-taxable","12":"product-type-simple"},"_links":{"self":[{"href":"https:\/\/ortopediagot.net\/Inicio\/wp-json\/wp\/v2\/product\/1994"}],"collection":[{"href":"https:\/\/ortopediagot.net\/Inicio\/wp-json\/wp\/v2\/product"}],"about":[{"href":"https:\/\/ortopediagot.net\/Inicio\/wp-json\/wp\/v2\/types\/product"}],"replies":[{"embeddable":true,"href":"https:\/\/ortopediagot.net\/Inicio\/wp-json\/wp\/v2\/comments?post=1994"}],"wp:featuredmedia":[{"embeddable":true,"href":"https:\/\/ortopediagot.net\/Inicio\/wp-json\/wp\/v2\/media\/1995"}],"wp:attachment":[{"href":"https:\/\/ortopediagot.net\/Inicio\/wp-json\/wp\/v2\/media?parent=1994"}],"wp:term":[{"taxonomy":"product_brand","embeddable":true,"href":"https:\/\/ortopediagot.net\/Inicio\/wp-json\/wp\/v2\/product_brand?post=1994"},{"taxonomy":"product_cat","embeddable":true,"href":"https:\/\/ortopediagot.net\/Inicio\/wp-json\/wp\/v2\/product_cat?post=1994"},{"taxonomy":"product_tag","embeddable":true,"href":"https:\/\/ortopediagot.net\/Inicio\/wp-json\/wp\/v2\/product_tag?post=1994"}],"curies":[{"name":"wp","href":"https:\/\/api.w.org\/{rel}","templated":true}]}}