{"id":1998,"date":"2024-05-27T17:02:33","date_gmt":"2024-05-27T16:02:33","guid":{"rendered":"https:\/\/ortopediagot.net\/?post_type=product&#038;p=1998"},"modified":"2024-05-27T17:02:33","modified_gmt":"2024-05-27T16:02:33","slug":"sot10-ortec-soporte-toracico-de-proteccion","status":"publish","type":"product","link":"https:\/\/ortopediagot.net\/Inicio\/producto\/sot10-ortec-soporte-toracico-de-proteccion\/","title":{"rendered":"SOT10 ORTEC SOPORTE TOR\u00c1CICO DE PROTECCI\u00d3N"},"content":{"rendered":"<p>Contenci\u00f3n despu\u00e9s de cirug\u00eda tor\u00e1cica o cardiaca durante situaciones puntuales de los movimientos diarios.<\/p>\n<div class=\"tsf-campo-acf-titulo tsf-campo-acf-titulo-caracteristicas tsf_campo-acf tsf_caracteristicas\"><strong>Caracter\u00edsticas<\/strong><\/div>\n<div><\/div>\n<div class=\"tsf-campo-acf-valores tsf-campo-acf-valores-caracteristicas tsf_campo-acf tsf_caracteristicas\">Soporte tor\u00e1cico esternal compuesto por una banda tor\u00e1cica de f\u00e1cil regulaci\u00f3n alrededor del t\u00f3rax. En sus extremos incorpora dos amplias asas.<br \/>\nSuave tejido inel\u00e1stico de poliamiada natural.<br \/>\nIncorpora tirantes el\u00e1sticos para facilitar la regulaci\u00f3n del nivel de altura de la prenda respecto al t\u00f3rax del paciente, adem\u00e1s de facilitar la localizaci\u00f3n de las asas r\u00e1pidamente.<br \/>\nIncluye el\u00e1stico en la zona frontal que mantiene pr\u00f3ximas las asas sobre el estern\u00f3n y que facilita su uso y aplicaci\u00f3n.<br \/>\nAmplio sistema de ajuste. Lavable.<br \/>\nProtecci\u00f3n, contenci\u00f3n y seguridad despu\u00e9s de cirug\u00eda tor\u00e1cica o cardiaca durante situaciones puntuales de expectoraci\u00f3n, accesos de tos, estornudos o movimientos.<\/div>\n","protected":false},"excerpt":{"rendered":"<p>Contenci\u00f3n despu\u00e9s de cirug\u00eda tor\u00e1cica o cardiaca durante situaciones puntuales de los movimientos diarios. Caracter\u00edsticas Soporte tor\u00e1cico esternal compuesto por una banda tor\u00e1cica de f\u00e1cil regulaci\u00f3n alrededor del t\u00f3rax. En sus extremos incorpora dos amplias asas. Suave tejido inel\u00e1stico de poliamiada natural. Incorpora tirantes el\u00e1sticos para facilitar la regulaci\u00f3n del nivel de altura de la [&hellip;]<\/p>\n","protected":false},"featured_media":1999,"comment_status":"open","ping_status":"closed","template":"","meta":{"saved_in_kubio":false},"product_brand":[],"product_cat":[92],"product_tag":[118],"class_list":{"0":"post-1998","1":"product","2":"type-product","3":"status-publish","4":"has-post-thumbnail","6":"product_cat-tronco-y-cabeza","7":"product_tag-emo","9":"first","10":"instock","11":"shipping-taxable","12":"product-type-simple"},"_links":{"self":[{"href":"https:\/\/ortopediagot.net\/Inicio\/wp-json\/wp\/v2\/product\/1998"}],"collection":[{"href":"https:\/\/ortopediagot.net\/Inicio\/wp-json\/wp\/v2\/product"}],"about":[{"href":"https:\/\/ortopediagot.net\/Inicio\/wp-json\/wp\/v2\/types\/product"}],"replies":[{"embeddable":true,"href":"https:\/\/ortopediagot.net\/Inicio\/wp-json\/wp\/v2\/comments?post=1998"}],"wp:featuredmedia":[{"embeddable":true,"href":"https:\/\/ortopediagot.net\/Inicio\/wp-json\/wp\/v2\/media\/1999"}],"wp:attachment":[{"href":"https:\/\/ortopediagot.net\/Inicio\/wp-json\/wp\/v2\/media?parent=1998"}],"wp:term":[{"taxonomy":"product_brand","embeddable":true,"href":"https:\/\/ortopediagot.net\/Inicio\/wp-json\/wp\/v2\/product_brand?post=1998"},{"taxonomy":"product_cat","embeddable":true,"href":"https:\/\/ortopediagot.net\/Inicio\/wp-json\/wp\/v2\/product_cat?post=1998"},{"taxonomy":"product_tag","embeddable":true,"href":"https:\/\/ortopediagot.net\/Inicio\/wp-json\/wp\/v2\/product_tag?post=1998"}],"curies":[{"name":"wp","href":"https:\/\/api.w.org\/{rel}","templated":true}]}}