{"id":2001,"date":"2024-05-27T17:04:05","date_gmt":"2024-05-27T16:04:05","guid":{"rendered":"https:\/\/ortopediagot.net\/?post_type=product&#038;p=2001"},"modified":"2024-05-27T17:04:06","modified_gmt":"2024-05-27T16:04:06","slug":"spk108-spineback-ortesis-dorsolumbar","status":"publish","type":"product","link":"https:\/\/ortopediagot.net\/Inicio\/producto\/spk108-spineback-ortesis-dorsolumbar\/","title":{"rendered":"SPK108 SPINEBACK ORTESIS DORSOLUMBAR"},"content":{"rendered":"<p>Osteoporosis. Procesos degenerativos.<br \/>\nDiscopat\u00edas degenerativas.<br \/>\nHipoton\u00eda muscular.<br \/>\nFractura osteopor\u00f3tica.<br \/>\nLumbalgia y dorsalgia.<br \/>\nRehabilitaci\u00f3n postural. Post-operatoria.<\/p>\n<div class=\"tsf-campo-acf-titulo tsf-campo-acf-titulo-caracteristicas tsf_campo-acf tsf_caracteristicas\"><strong>Caracter\u00edsticas<\/strong><\/div>\n<div><\/div>\n<div class=\"tsf-campo-acf-valores tsf-campo-acf-valores-caracteristicas tsf_campo-acf tsf_caracteristicas\">Tejido inel\u00e1stico, ligero y altamente transpirable.<br \/>\nLigera f\u00e9rula de aluminio conformable posterior para control de la postura de la columna.<br \/>\nTirantes escapuloaxilares que facilitan la retropulsi\u00f3n de los hombros.<br \/>\nF\u00e1cilmente ajustable.<br \/>\nAmplias trabillas para facilitar su colocaci\u00f3n.<br \/>\nCierre mediante microvelcro.<br \/>\nAltura trasera: XS 44 cm, S 47 cm, M 50 cm, L 53 cm , XL 57 cm<\/div>\n<div class=\"tsf-campo-acf-titulo tsf-campo-acf-titulo-pa_tallas tsf_campo-acf tsf_pa_tallas\"><\/div>\n<div><strong>Tallas<\/strong><\/div>\n<div><\/div>\n<div class=\"tsf-campo-acf-valores tsf-campo-acf-valores-pa_tallas tsf_campo-acf tsf_pa_tallas\">XS, S, M, L, XL<\/div>\n<div class=\"tsf-campo-acf-valores tsf-campo-acf-valores-tallas_medidas tsf_campo-acf tsf_pa_tallas_medidas\">ALTURA DE COLUMNA DESDE S1 HASTA C7<br \/>\nXS (&lt;-43 CM) , S (44-49 CM) , M (50-55 CM), L (56-61CM), XL (62-67CM)<\/div>\n<div class=\"tsf-campo-acf-titulo tsf-campo-acf-titulo-altura tsf_campo-acf tsf_altura\"><\/div>\n<div><strong>Altura<\/strong><\/div>\n<div><\/div>\n<div class=\"tsf-campo-acf-valores tsf-campo-acf-valores-altura tsf_campo-acf tsf_altura\">ALTURA DELANTERA: 17,5 CM<\/div>\n","protected":false},"excerpt":{"rendered":"<p>Osteoporosis. Procesos degenerativos. Discopat\u00edas degenerativas. Hipoton\u00eda muscular. Fractura osteopor\u00f3tica. Lumbalgia y dorsalgia. Rehabilitaci\u00f3n postural. Post-operatoria. Caracter\u00edsticas Tejido inel\u00e1stico, ligero y altamente transpirable. Ligera f\u00e9rula de aluminio conformable posterior para control de la postura de la columna. Tirantes escapuloaxilares que facilitan la retropulsi\u00f3n de los hombros. F\u00e1cilmente ajustable. Amplias trabillas para facilitar su colocaci\u00f3n. Cierre mediante [&hellip;]<\/p>\n","protected":false},"featured_media":2002,"comment_status":"open","ping_status":"closed","template":"","meta":{"saved_in_kubio":false},"product_brand":[],"product_cat":[92],"product_tag":[118],"class_list":{"0":"post-2001","1":"product","2":"type-product","3":"status-publish","4":"has-post-thumbnail","6":"product_cat-tronco-y-cabeza","7":"product_tag-emo","9":"first","10":"instock","11":"shipping-taxable","12":"product-type-simple"},"_links":{"self":[{"href":"https:\/\/ortopediagot.net\/Inicio\/wp-json\/wp\/v2\/product\/2001"}],"collection":[{"href":"https:\/\/ortopediagot.net\/Inicio\/wp-json\/wp\/v2\/product"}],"about":[{"href":"https:\/\/ortopediagot.net\/Inicio\/wp-json\/wp\/v2\/types\/product"}],"replies":[{"embeddable":true,"href":"https:\/\/ortopediagot.net\/Inicio\/wp-json\/wp\/v2\/comments?post=2001"}],"wp:featuredmedia":[{"embeddable":true,"href":"https:\/\/ortopediagot.net\/Inicio\/wp-json\/wp\/v2\/media\/2002"}],"wp:attachment":[{"href":"https:\/\/ortopediagot.net\/Inicio\/wp-json\/wp\/v2\/media?parent=2001"}],"wp:term":[{"taxonomy":"product_brand","embeddable":true,"href":"https:\/\/ortopediagot.net\/Inicio\/wp-json\/wp\/v2\/product_brand?post=2001"},{"taxonomy":"product_cat","embeddable":true,"href":"https:\/\/ortopediagot.net\/Inicio\/wp-json\/wp\/v2\/product_cat?post=2001"},{"taxonomy":"product_tag","embeddable":true,"href":"https:\/\/ortopediagot.net\/Inicio\/wp-json\/wp\/v2\/product_tag?post=2001"}],"curies":[{"name":"wp","href":"https:\/\/api.w.org\/{rel}","templated":true}]}}