{"id":2003,"date":"2024-05-27T17:05:32","date_gmt":"2024-05-27T16:05:32","guid":{"rendered":"https:\/\/ortopediagot.net\/?post_type=product&#038;p=2003"},"modified":"2024-05-27T17:05:32","modified_gmt":"2024-05-27T16:05:32","slug":"opc400-ortesis-pectus-carinatum","status":"publish","type":"product","link":"https:\/\/ortopediagot.net\/Inicio\/producto\/opc400-ortesis-pectus-carinatum\/","title":{"rendered":"OPC400 ORTESIS PECTUS CARINATUM"},"content":{"rendered":"<p>T\u00f3rax en quilla o Pectus carinatum<br \/>\nProtusi\u00f3n del estern\u00f3n y de las porciones cartilaginosas de las costillas<br \/>\nTratamiento conservador de deformaciones del t\u00f3rax<\/p>\n<div class=\"tsf-campo-acf-titulo tsf-campo-acf-titulo-caracteristicas tsf_campo-acf tsf_caracteristicas\"><strong>Caracter\u00edsticas<\/strong><\/div>\n<div><\/div>\n<div class=\"tsf-campo-acf-valores tsf-campo-acf-valores-caracteristicas tsf_campo-acf tsf_caracteristicas\">Ortesis compuesta por una estructura met\u00e1lica almohadillada dise\u00f1ada para reducir o corregir la deformidad de Pectus Carinatum o t\u00f3rax en quilla.Estructura met\u00e1lica regulable<br \/>\nPlacas antero-posteriores y laterales almohadilladas<br \/>\nCierres y ajustes bilaterales tipo cremallera<br \/>\nIncorpora tirantes removibles<br \/>\nF\u00e1cil y eficaz control de la presi\u00f3n antero-posterior<br \/>\nTalla \u00fanica<\/div>\n","protected":false},"excerpt":{"rendered":"<p>T\u00f3rax en quilla o Pectus carinatum Protusi\u00f3n del estern\u00f3n y de las porciones cartilaginosas de las costillas Tratamiento conservador de deformaciones del t\u00f3rax Caracter\u00edsticas Ortesis compuesta por una estructura met\u00e1lica almohadillada dise\u00f1ada para reducir o corregir la deformidad de Pectus Carinatum o t\u00f3rax en quilla.Estructura met\u00e1lica regulable Placas antero-posteriores y laterales almohadilladas Cierres y ajustes [&hellip;]<\/p>\n","protected":false},"featured_media":2004,"comment_status":"open","ping_status":"closed","template":"","meta":{"saved_in_kubio":false},"product_brand":[],"product_cat":[92],"product_tag":[118],"class_list":{"0":"post-2003","1":"product","2":"type-product","3":"status-publish","4":"has-post-thumbnail","6":"product_cat-tronco-y-cabeza","7":"product_tag-emo","9":"first","10":"instock","11":"shipping-taxable","12":"product-type-simple"},"_links":{"self":[{"href":"https:\/\/ortopediagot.net\/Inicio\/wp-json\/wp\/v2\/product\/2003"}],"collection":[{"href":"https:\/\/ortopediagot.net\/Inicio\/wp-json\/wp\/v2\/product"}],"about":[{"href":"https:\/\/ortopediagot.net\/Inicio\/wp-json\/wp\/v2\/types\/product"}],"replies":[{"embeddable":true,"href":"https:\/\/ortopediagot.net\/Inicio\/wp-json\/wp\/v2\/comments?post=2003"}],"wp:featuredmedia":[{"embeddable":true,"href":"https:\/\/ortopediagot.net\/Inicio\/wp-json\/wp\/v2\/media\/2004"}],"wp:attachment":[{"href":"https:\/\/ortopediagot.net\/Inicio\/wp-json\/wp\/v2\/media?parent=2003"}],"wp:term":[{"taxonomy":"product_brand","embeddable":true,"href":"https:\/\/ortopediagot.net\/Inicio\/wp-json\/wp\/v2\/product_brand?post=2003"},{"taxonomy":"product_cat","embeddable":true,"href":"https:\/\/ortopediagot.net\/Inicio\/wp-json\/wp\/v2\/product_cat?post=2003"},{"taxonomy":"product_tag","embeddable":true,"href":"https:\/\/ortopediagot.net\/Inicio\/wp-json\/wp\/v2\/product_tag?post=2003"}],"curies":[{"name":"wp","href":"https:\/\/api.w.org\/{rel}","templated":true}]}}