{"id":2011,"date":"2024-05-27T17:27:33","date_gmt":"2024-05-27T16:27:33","guid":{"rendered":"https:\/\/ortopediagot.net\/?post_type=product&#038;p=2011"},"modified":"2024-05-27T17:27:34","modified_gmt":"2024-05-27T16:27:34","slug":"acm003-kit-de-cinchas-de-sujecion","status":"publish","type":"product","link":"https:\/\/ortopediagot.net\/Inicio\/producto\/acm003-kit-de-cinchas-de-sujecion\/","title":{"rendered":"ACM003 KIT DE CINCHAS DE SUJECI\u00d3N"},"content":{"rendered":"<div class=\"tsf-campo-acf-titulo tsf-campo-acf-titulo-caracteristicas tsf_campo-acf tsf_caracteristicas\"><strong>Caracter\u00edsticas<\/strong><\/div>\n<div><\/div>\n<div class=\"tsf-campo-acf-valores tsf-campo-acf-valores-caracteristicas tsf_campo-acf tsf_caracteristicas\">Cincha de sujeci\u00f3n de pulgar<br \/>\nCincha de sujeci\u00f3n de dedos<br \/>\nCincha de sujeci\u00f3n de mu\u00f1eca<br \/>\nCincha de sujeci\u00f3n de antebrazo<\/div>\n","protected":false},"excerpt":{"rendered":"<p>Caracter\u00edsticas Cincha de sujeci\u00f3n de pulgar Cincha de sujeci\u00f3n de dedos Cincha de sujeci\u00f3n de mu\u00f1eca Cincha de sujeci\u00f3n de antebrazo<\/p>\n","protected":false},"featured_media":2012,"comment_status":"open","ping_status":"closed","template":"","meta":{"saved_in_kubio":false},"product_brand":[],"product_cat":[94],"product_tag":[118],"class_list":{"0":"post-2011","1":"product","2":"type-product","3":"status-publish","4":"has-post-thumbnail","6":"product_cat-miembro-superior","7":"product_tag-emo","9":"first","10":"instock","11":"shipping-taxable","12":"product-type-simple"},"_links":{"self":[{"href":"https:\/\/ortopediagot.net\/Inicio\/wp-json\/wp\/v2\/product\/2011"}],"collection":[{"href":"https:\/\/ortopediagot.net\/Inicio\/wp-json\/wp\/v2\/product"}],"about":[{"href":"https:\/\/ortopediagot.net\/Inicio\/wp-json\/wp\/v2\/types\/product"}],"replies":[{"embeddable":true,"href":"https:\/\/ortopediagot.net\/Inicio\/wp-json\/wp\/v2\/comments?post=2011"}],"wp:featuredmedia":[{"embeddable":true,"href":"https:\/\/ortopediagot.net\/Inicio\/wp-json\/wp\/v2\/media\/2012"}],"wp:attachment":[{"href":"https:\/\/ortopediagot.net\/Inicio\/wp-json\/wp\/v2\/media?parent=2011"}],"wp:term":[{"taxonomy":"product_brand","embeddable":true,"href":"https:\/\/ortopediagot.net\/Inicio\/wp-json\/wp\/v2\/product_brand?post=2011"},{"taxonomy":"product_cat","embeddable":true,"href":"https:\/\/ortopediagot.net\/Inicio\/wp-json\/wp\/v2\/product_cat?post=2011"},{"taxonomy":"product_tag","embeddable":true,"href":"https:\/\/ortopediagot.net\/Inicio\/wp-json\/wp\/v2\/product_tag?post=2011"}],"curies":[{"name":"wp","href":"https:\/\/api.w.org\/{rel}","templated":true}]}}